{"id":17852,"date":"2020-05-29T07:35:38","date_gmt":"2020-05-29T07:35:38","guid":{"rendered":"https:\/\/urosassociats.com\/agenda-online\/"},"modified":"2026-01-26T15:05:01","modified_gmt":"2026-01-26T15:05:01","slug":"agenda-online","status":"publish","type":"page","link":"https:\/\/uros.explotacionweb.es\/ca\/agenda-online\/","title":{"rendered":"Agenda online"},"content":{"rendered":"<div id=\"cmsmasters_row_y8mtzv957\" class=\"cmsmasters_row cmsmasters_color_scheme_default cmsmasters_row_top_default cmsmasters_row_bot_default cmsmasters_row_fullwidth\">\n<div id=\"agenda-online\" class=\"cmsmasters_row_outer_parent\">\n<div class=\"cmsmasters_row_outer\">\n<div class=\"cmsmasters_row_inner cmsmasters_row_fullwidth\">\n<div class=\"cmsmasters_row_margin\">\n<div id=\"cmsmasters_column_ba723nwrp6\" class=\"cmsmasters_column one_first\">\n<div class=\"cmsmasters_column_inner\"><div id=\"cmsmasters_heading_sna73yy7g\" class=\"cmsmasters_heading_wrap cmsmasters_heading_align_center\">\n\t<h3 class=\"cmsmasters_heading\">Vol agendar la seva cita online?<\/h3>\n<\/div><div class=\"cmsmasters_text\">\n<\/div>\n<div id=\"cmsmasters_heading_pruw0olbhc\" class=\"cmsmasters_heading_wrap cmsmasters_heading_align_center\">\n\t<h3 class=\"cmsmasters_heading\">Demano la seva cita online aqu\u00ed<\/h3>\n<\/div><div class=\"custom_html\">\n<p><center><iframe src=\"https:\/\/ext.m4dsys.com\/Tramitadores\/precitas.php?public=yes&lang=es&c=90wtqy9\" width=\"700\" height=\"1120\" ><\/iframe><\/center><\/p>\n<\/div>\n\n<div id=\"cmsmasters_divider_pqskrx2v6q\" class=\"cl\"><\/div>\n<\/div><\/div>\n<div id=\"cmsmasters_column_lg0cnt9vgr\" class=\"cmsmasters_column one_first\">\n<div class=\"cmsmasters_column_inner\"><\/div><\/div>\n<\/div>\n<\/div>\n<\/div>\n<\/div>\n<\/div>\n<div id=\"cmsmasters_row_\" class=\"cmsmasters_row cmsmasters_color_scheme_default cmsmasters_row_top_default cmsmasters_row_bot_default cmsmasters_row_boxed\">\n<div class=\"cmsmasters_row_outer_parent\">\n<div class=\"cmsmasters_row_outer\">\n<div class=\"cmsmasters_row_inner\">\n<div class=\"cmsmasters_row_margin\">\n<div id=\"cmsmasters_column_\" class=\"cmsmasters_column one_first\">\n<div class=\"cmsmasters_column_inner\"><div class=\"cmsmasters_text\">\n<\/div>\n<\/div><\/div>\n<\/div>\n<\/div>\n<\/div>\n<\/div>\n<\/div>\n<div id=\"cmsmasters_row_zjoknmcmj8\" class=\"cmsmasters_row cmsmasters_color_scheme_default cmsmasters_row_top_default cmsmasters_row_bot_default cmsmasters_row_boxed\">\n<div class=\"cmsmasters_row_outer_parent\">\n<div class=\"cmsmasters_row_outer\">\n<div class=\"cmsmasters_row_inner\">\n<div class=\"cmsmasters_row_margin\">\n<div id=\"cmsmasters_column_igazrbnrim\" class=\"cmsmasters_column one_first\">\n<div class=\"cmsmasters_column_inner\"><div id=\"cmsmasters_heading_z85dvw2j0p\" class=\"cmsmasters_heading_wrap cmsmasters_heading_align_center\">\n\t<h3 class=\"cmsmasters_heading\">Agende les seves cites online des del seu m\u00f2bil<\/h3>\n<\/div><div id=\"cmsmasters_heading_91zuwznkq\" class=\"cmsmasters_heading_wrap cmsmasters_heading_align_center\">\n\t<h3 class=\"cmsmasters_heading\">Descarrega&#8217;t l&#8217;App de M4D aqu\u00ed<\/h3>\n<\/div>\n<\/div><\/div>\n<\/div>\n<\/div>\n<\/div>\n<\/div>\n<\/div>\n<div id=\"cmsmasters_row_\" class=\"cmsmasters_row cmsmasters_color_scheme_default cmsmasters_row_top_default cmsmasters_row_bot_default cmsmasters_row_boxed\">\n<div class=\"cmsmasters_row_outer_parent\">\n<div class=\"cmsmasters_row_outer\">\n<div class=\"cmsmasters_row_inner\">\n<div class=\"cmsmasters_row_margin\">\n<div id=\"cmsmasters_column_\" class=\"cmsmasters_column one_first\">\n<div class=\"cmsmasters_column_inner\"><div class=\"cmsmasters_text\">\n<\/div>\n<\/div><\/div>\n<\/div>\n<\/div>\n<\/div>\n<\/div>\n<\/div>\n<div id=\"cmsmasters_row_tcbrw30lc7\" class=\"cmsmasters_row cmsmasters_color_scheme_default cmsmasters_row_top_default cmsmasters_row_bot_default cmsmasters_row_boxed\">\n<div class=\"cmsmasters_row_outer_parent\">\n<div class=\"cmsmasters_row_outer\">\n<div class=\"cmsmasters_row_inner\">\n<div class=\"cmsmasters_row_margin\">\n<div id=\"cmsmasters_column_nnc6vmwhi\" class=\"cmsmasters_column one_fourth\">\n<div class=\"cmsmasters_column_inner\"><\/div><\/div>\n<div id=\"cmsmasters_column_hu1d1g6k42\" class=\"cmsmasters_column one_fourth\">\n<div class=\"cmsmasters_column_inner\"><div class=\"cmsmasters_img  cmsmasters_image_n\"><a href=\"https:\/\/apps.apple.com\/es\/app\/m4d-online\/id1353769254\"><img decoding=\"async\" src=\"https:\/\/uros.explotacionweb.es\/wp-content\/uploads\/2020\/06\/appstore-300x95.png\" \/><\/a><\/div>\n<\/div><\/div>\n<div id=\"cmsmasters_column_mgy3hxpt88\" class=\"cmsmasters_column one_fourth\">\n<div class=\"cmsmasters_column_inner\"><div class=\"cmsmasters_img  cmsmasters_image_n\"><a href=\"https:\/\/play.google.com\/store\/apps\/details?id=com.m4d.m4donline&#038;hl=es_419\"><img decoding=\"async\" src=\"https:\/\/uros.explotacionweb.es\/wp-content\/uploads\/2020\/06\/play-store-300x87.png\" \/><\/a><\/div>\n<\/div><\/div>\n<div id=\"cmsmasters_column_m8fwqpmvxa\" class=\"cmsmasters_column one_fourth\">\n<div class=\"cmsmasters_column_inner\"><\/div><\/div>\n<\/div>\n<\/div>\n<\/div>\n<\/div>\n<\/div>\n<div id=\"cmsmasters_row_\" class=\"cmsmasters_row cmsmasters_color_scheme_default cmsmasters_row_top_default cmsmasters_row_bot_default cmsmasters_row_boxed\">\n<div class=\"cmsmasters_row_outer_parent\">\n<div class=\"cmsmasters_row_outer\">\n<div class=\"cmsmasters_row_inner\">\n<div class=\"cmsmasters_row_margin\">\n<div id=\"cmsmasters_column_\" class=\"cmsmasters_column one_first\">\n<div class=\"cmsmasters_column_inner\"><div class=\"cmsmasters_text\">\n<\/div>\n<\/div><\/div>\n<\/div>\n<\/div>\n<\/div>\n<\/div>\n<\/div>\n<div id=\"cmsmasters_row_73195de0de\" class=\"cmsmasters_row cmsmasters_color_scheme_first cmsmasters_row_top_default cmsmasters_row_bot_default cmsmasters_row_fullwidth\" data-stellar-background-ratio=\"0.5\">\n<div class=\"cmsmasters_row_outer_parent\">\n<div class=\"cmsmasters_row_overlay\"><\/div>\n<div class=\"cmsmasters_row_outer\">\n<div class=\"cmsmasters_row_inner cmsmasters_row_fullwidth\">\n<div class=\"cmsmasters_row_margin\">\n<div id=\"cmsmasters_column_be3d83fb05\" class=\"cmsmasters_column one_first\">\n<div class=\"cmsmasters_column_inner\"><div id=\"cmsmasters_counters_cd8e100b10\" class=\"cmsmasters_counters counters_type_vertical\"><div class=\"cmsmasters_counter_wrap one_fifth\">\n<div id=\"cmsmasters_counter_1w3p94ocdl\" class=\"cmsmasters_counter counter_has_icon\" data-percent=\"0\">\n<div class=\"cmsmasters_counter_inner cmsmasters-icon-custom-6\">\n<span class=\"cmsmasters_counter_counter_wrap\">\n<span class=\"cmsmasters_counter_prefix\"><\/span><span class=\"cmsmasters_counter_counter\">0<\/span><span class=\"cmsmasters_counter_suffix\"><\/span>\n<\/span>\n<span class=\"cmsmasters_counter_title\">Primeres visites al 2023<\/span>\n<\/div>\n<\/div>\n<\/div><div class=\"cmsmasters_counter_wrap one_fifth\">\n<div id=\"cmsmasters_counter_o94o0ieeq\" class=\"cmsmasters_counter counter_has_icon\" data-percent=\"3500\">\n<div class=\"cmsmasters_counter_inner cmsmasters-icon-custom-27\">\n<span class=\"cmsmasters_counter_counter_wrap\">\n<span class=\"cmsmasters_counter_prefix\">+<\/span><span class=\"cmsmasters_counter_counter\">0<\/span><span class=\"cmsmasters_counter_suffix\"><\/span>\n<\/span>\n<span class=\"cmsmasters_counter_title\">Primeres cirurgies al 2023<\/span>\n<\/div>\n<\/div>\n<\/div><div class=\"cmsmasters_counter_wrap one_fifth\">\n<div id=\"cmsmasters_counter_lnm56kxyv5\" class=\"cmsmasters_counter counter_has_icon\" data-percent=\"26\">\n<div class=\"cmsmasters_counter_inner cmsmasters-icon-user-group\">\n<span class=\"cmsmasters_counter_counter_wrap\">\n<span class=\"cmsmasters_counter_prefix\"><\/span><span class=\"cmsmasters_counter_counter\">0<\/span><span class=\"cmsmasters_counter_suffix\"><\/span>\n<\/span>\n<span class=\"cmsmasters_counter_title\">Metges<\/span>\n<\/div>\n<\/div>\n<\/div><div class=\"cmsmasters_counter_wrap one_fifth\">\n<div id=\"cmsmasters_counter_tdg1j1uui\" class=\"cmsmasters_counter counter_has_icon\" data-percent=\"18\">\n<div class=\"cmsmasters_counter_inner cmsmasters-icon-calendar-3\">\n<span class=\"cmsmasters_counter_counter_wrap\">\n<span class=\"cmsmasters_counter_prefix\"><\/span><span class=\"cmsmasters_counter_counter\">0<\/span><span class=\"cmsmasters_counter_suffix\"><\/span>\n<\/span>\n<span class=\"cmsmasters_counter_title\">Anys d&#8217; Experi\u00e8ncia<\/span>\n<\/div>\n<\/div>\n<\/div><div class=\"cmsmasters_counter_wrap one_fifth\">\n<div id=\"cmsmasters_counter_sdz8y5by87\" class=\"cmsmasters_counter icon-transparent-bg counter_has_icon\" data-percent=\"50000\">\n<div class=\"cmsmasters_counter_inner cmsmasters-icon-smile-1\">\n<span class=\"cmsmasters_counter_counter_wrap\">\n<span class=\"cmsmasters_counter_prefix\">+<\/span><span class=\"cmsmasters_counter_counter\">0<\/span><span class=\"cmsmasters_counter_suffix\"><\/span>\n<\/span>\n<span class=\"cmsmasters_counter_title\">Pacients atesos<\/span>\n<\/div>\n<\/div>\n<\/div><div class=\"cmsmasters_counter_wrap one_fifth\">\n<div id=\"cmsmasters_counter_1crtk2fhan\" class=\"cmsmasters_counter counter_has_icon\" data-percent=\"100\">\n<div class=\"cmsmasters_counter_inner cmsmasters-icon-thumbs-up-3\">\n<span class=\"cmsmasters_counter_counter_wrap\">\n<span class=\"cmsmasters_counter_prefix\"><\/span><span class=\"cmsmasters_counter_counter\">0<\/span><span class=\"cmsmasters_counter_suffix\">%<\/span>\n<\/span>\n<span class=\"cmsmasters_counter_title\">Qualitat<\/span>\n<\/div>\n<\/div>\n<\/div><\/div>\n<\/div><\/div>\n<\/div>\n<\/div>\n<\/div>\n<\/div>\n<\/div>\n<div id=\"cmsmasters_row_\" class=\"cmsmasters_row cmsmasters_color_scheme_default cmsmasters_row_top_default cmsmasters_row_bot_default cmsmasters_row_boxed\">\n<div class=\"cmsmasters_row_outer_parent\">\n<div class=\"cmsmasters_row_outer\">\n<div class=\"cmsmasters_row_inner\">\n<div class=\"cmsmasters_row_margin\">\n<div id=\"cmsmasters_column_\" class=\"cmsmasters_column one_first\">\n<div class=\"cmsmasters_column_inner\"><div class=\"cmsmasters_text\">\n<\/div>\n<\/div><\/div>\n<\/div>\n<\/div>\n<\/div>\n<\/div>\n<\/div>\n<div id=\"cmsmasters_row_1lj5i11jmp\" class=\"cmsmasters_row cmsmasters_color_scheme_default cmsmasters_row_top_default cmsmasters_row_bot_default cmsmasters_row_boxed\">\n<div class=\"cmsmasters_row_outer_parent\">\n<div class=\"cmsmasters_row_outer\">\n<div class=\"cmsmasters_row_inner\">\n<div class=\"cmsmasters_row_margin\">\n<div id=\"cmsmasters_column_c24fa9c6e7\" class=\"cmsmasters_column one_first\">\n<div class=\"cmsmasters_column_inner\"><div id=\"cmsmasters_heading_8fsoygipj\" class=\"cmsmasters_heading_wrap cmsmasters_heading_align_left\">\n\t<h1 class=\"cmsmasters_heading\">M\u00fatues<\/h1>\n<\/div><div class=\"cmsmasters_text\">\n<\/div>\n<div class=\"cmsmasters_clients_slider_wrap enable_slider_control\">\n<div id=\"cmsmasters_clients_jt8r79opn\" class=\"cmsmasters_owl_slider owl-carousel cmsmasters_clients_slider enable_slides_control\" data-items=\"5\" data-single-item=\"false\" data-auto-play=\"5000\" data-slide-speed=\"5000\" data-pagination-speed=\"5000\" data-pagination=\"true\" data-navigation=\"false\"><div class=\"cmsmasters_clients_item item cmsmasters_owl_slider_item\"><img decoding=\"async\" src=\"https:\/\/uros.explotacionweb.es\/wp-content\/uploads\/2020\/06\/1.-adelsas.jpg\" alt=\"Adeslas\" title=\"Adeslas\" \/><\/div><div class=\"cmsmasters_clients_item item cmsmasters_owl_slider_item\"><img decoding=\"async\" src=\"https:\/\/uros.explotacionweb.es\/wp-content\/uploads\/2020\/06\/2.-agrupacio-mutua.jpg\" alt=\"Agrupaci\u00f3 M\u00fatua\" title=\"Agrupaci\u00f3 M\u00fatua\" \/><\/div><div class=\"cmsmasters_clients_item item cmsmasters_owl_slider_item\"><img decoding=\"async\" src=\"https:\/\/uros.explotacionweb.es\/wp-content\/uploads\/2020\/06\/3.-allianz.jpg\" alt=\"Allianz\" title=\"Allianz\" \/><\/div><div class=\"cmsmasters_clients_item item cmsmasters_owl_slider_item\"><img decoding=\"async\" src=\"https:\/\/uros.explotacionweb.es\/wp-content\/uploads\/2020\/06\/4.-asefa.jpg\" alt=\"Asefa\" title=\"Asefa\" \/><\/div><div class=\"cmsmasters_clients_item item cmsmasters_owl_slider_item\"><img decoding=\"async\" src=\"https:\/\/uros.explotacionweb.es\/wp-content\/uploads\/2020\/06\/5.-assistencia_sanitaria_collegial.jpg\" alt=\"Assist\u00e8ncia Sanit\u00e0ria Collegial\" title=\"Assist\u00e8ncia Sanit\u00e0ria Collegial\" \/><\/div><div class=\"cmsmasters_clients_item item cmsmasters_owl_slider_item\"><img decoding=\"async\" src=\"https:\/\/uros.explotacionweb.es\/wp-content\/uploads\/2020\/06\/6.-axa-winterthur-salud.jpg\" alt=\"AXA\" title=\"AXA\" \/><\/div><div class=\"cmsmasters_clients_item item cmsmasters_owl_slider_item\"><img decoding=\"async\" src=\"https:\/\/uros.explotacionweb.es\/wp-content\/uploads\/2020\/06\/7.-caser.jpg\" alt=\"Caser\" title=\"Caser\" \/><\/div><div class=\"cmsmasters_clients_item item cmsmasters_owl_slider_item\"><img decoding=\"async\" src=\"https:\/\/uros.explotacionweb.es\/wp-content\/uploads\/2020\/06\/8.-CIGNA-logo.jpg\" alt=\"Cigna\" title=\"Cigna\" \/><\/div><div class=\"cmsmasters_clients_item item cmsmasters_owl_slider_item\"><img decoding=\"async\" src=\"https:\/\/uros.explotacionweb.es\/wp-content\/uploads\/2020\/06\/9.-clinicum.jpg\" alt=\"Clinicum\" title=\"Clinicum\" \/><\/div><div class=\"cmsmasters_clients_item item cmsmasters_owl_slider_item\"><img decoding=\"async\" src=\"https:\/\/uros.explotacionweb.es\/wp-content\/uploads\/2020\/06\/10.-dkv.jpg\" alt=\"DKV\" title=\"DKV\" \/><\/div><div class=\"cmsmasters_clients_item item cmsmasters_owl_slider_item\"><img decoding=\"async\" src=\"https:\/\/uros.explotacionweb.es\/wp-content\/uploads\/2020\/06\/11.-latina.jpg\" alt=\"Llatina\" title=\"Llatina\" \/><\/div><div class=\"cmsmasters_clients_item item cmsmasters_owl_slider_item\"><img decoding=\"async\" src=\"https:\/\/uros.explotacionweb.es\/wp-content\/uploads\/2020\/06\/12.-MEDIFIATC.jpg\" alt=\"Medifiatc\" title=\"Medifiatc\" \/><\/div><div class=\"cmsmasters_clients_item item cmsmasters_owl_slider_item\"><img decoding=\"async\" src=\"https:\/\/uros.explotacionweb.es\/wp-content\/uploads\/2020\/06\/13.-generali.jpg\" alt=\"Generali\" title=\"Generali\" \/><\/div><div class=\"cmsmasters_clients_item item cmsmasters_owl_slider_item\"><img decoding=\"async\" src=\"https:\/\/uros.explotacionweb.es\/wp-content\/uploads\/2020\/06\/14.-groupama.jpg\" alt=\"Groupama\" title=\"Groupama\" \/><\/div><div class=\"cmsmasters_clients_item item cmsmasters_owl_slider_item\"><img decoding=\"async\" src=\"https:\/\/uros.explotacionweb.es\/wp-content\/uploads\/2020\/06\/15.-mapfre.jpg\" alt=\"Mapfre\" title=\"Mapfre\" \/><\/div><div class=\"cmsmasters_clients_item item cmsmasters_owl_slider_item\"><img decoding=\"async\" src=\"https:\/\/uros.explotacionweb.es\/wp-content\/uploads\/2020\/06\/16.-MUTUA-TRANSPORTE.jpg\" alt=\"M\u00fatua Transport\" title=\"M\u00fatua Transport\" \/><\/div><div class=\"cmsmasters_clients_item item cmsmasters_owl_slider_item\"><img decoding=\"async\" src=\"https:\/\/uros.explotacionweb.es\/wp-content\/uploads\/2020\/06\/17.-MUTUA-GRAL-CATALUNYA.jpg\" alt=\"M\u00fatua Gral Catalunya\" title=\"M\u00fatua Gral Catalunya\" \/><\/div><div class=\"cmsmasters_clients_item item cmsmasters_owl_slider_item\"><img decoding=\"async\" src=\"https:\/\/uros.explotacionweb.es\/wp-content\/uploads\/2020\/06\/18.-MUTUA-MANRESANA.jpg\" alt=\"M\u00fatua Manresana\" title=\"M\u00fatua Manresana\" \/><\/div><div class=\"cmsmasters_clients_item item cmsmasters_owl_slider_item\"><img decoding=\"async\" src=\"https:\/\/uros.explotacionweb.es\/wp-content\/uploads\/2020\/06\/19.-SANITAS.jpg\" alt=\"Sanitas\" title=\"Sanitas\" \/><\/div><div class=\"cmsmasters_clients_item item cmsmasters_owl_slider_item\"><img decoding=\"async\" src=\"https:\/\/uros.explotacionweb.es\/wp-content\/uploads\/2020\/06\/20.-cosalud.jpg\" alt=\"Cosalud\" title=\"Cosalud\" \/><\/div><\/div>\n<\/div>\n<\/div><\/div>\n<\/div>\n<\/div>\n<\/div>\n<\/div>\n<\/div>\n<div id=\"cmsmasters_row_\" class=\"cmsmasters_row cmsmasters_color_scheme_default cmsmasters_row_top_default cmsmasters_row_bot_default cmsmasters_row_boxed\">\n<div class=\"cmsmasters_row_outer_parent\">\n<div class=\"cmsmasters_row_outer\">\n<div class=\"cmsmasters_row_inner\">\n<div class=\"cmsmasters_row_margin\">\n<div id=\"cmsmasters_column_\" class=\"cmsmasters_column one_first\">\n<div class=\"cmsmasters_column_inner\"><div class=\"cmsmasters_text\">\n<\/div>\n<\/div><\/div>\n<\/div>\n<\/div>\n<\/div>\n<\/div>\n<\/div>\n<div id=\"cmsmasters_row_dx9i6ipv8g\" class=\"cmsmasters_row cmsmasters_color_scheme_default cmsmasters_row_top_default cmsmasters_row_bot_default cmsmasters_row_boxed\">\n<div class=\"cmsmasters_row_outer_parent\">\n<div class=\"cmsmasters_row_outer\">\n<div class=\"cmsmasters_row_inner\">\n<div class=\"cmsmasters_row_margin\">\n<div id=\"cmsmasters_column_t6rmabifgm\" class=\"cmsmasters_column one_first\">\n<div class=\"cmsmasters_column_inner\"><\/div><\/div>\n<\/div>\n<\/div>\n<\/div>\n<\/div>\n<\/div>\n\n","protected":false},"excerpt":{"rendered":"","protected":false},"author":3,"featured_media":0,"parent":0,"menu_order":0,"comment_status":"closed","ping_status":"closed","template":"","meta":{"footnotes":""},"class_list":["post-17852","page","type-page","status-publish","hentry"],"yoast_head":"<!-- This site is optimized with the Yoast SEO plugin v25.9 - https:\/\/yoast.com\/wordpress\/plugins\/seo\/ -->\n<title>Agenda online: demana cita &#8211; Uros Associats<\/title>\n<meta name=\"description\" content=\"Reserva la teva cita online amb Uros Associats. Tria especialista, data i centre m\u00e8dic i confirma la visita en pocs passos.\" \/>\n<meta name=\"robots\" content=\"noindex, follow, max-snippet:-1, max-image-preview:large, max-video-preview:-1\" \/>\n<meta property=\"og:locale\" content=\"ca_ES\" \/>\n<meta property=\"og:type\" content=\"article\" \/>\n<meta property=\"og:title\" content=\"Agenda online: demana cita &#8211; Uros Associats\" \/>\n<meta property=\"og:description\" content=\"Reserva la teva cita online amb Uros Associats. Tria especialista, data i centre m\u00e8dic i confirma la visita en pocs passos.\" \/>\n<meta property=\"og:url\" content=\"https:\/\/uros.explotacionweb.es\/ca\/agenda-online\/\" \/>\n<meta property=\"og:site_name\" content=\"Uros Associats\" \/>\n<meta property=\"article:modified_time\" content=\"2026-01-26T15:05:01+00:00\" \/>\n<meta property=\"og:image\" content=\"https:\/\/uros.explotacionweb.es\/wp-content\/uploads\/2020\/05\/logo-principal.png\" \/>\n\t<meta property=\"og:image:width\" content=\"688\" \/>\n\t<meta property=\"og:image:height\" content=\"643\" \/>\n\t<meta property=\"og:image:type\" content=\"image\/png\" \/>\n<meta name=\"twitter:card\" content=\"summary_large_image\" \/>\n<meta name=\"twitter:site\" content=\"@uros_associats\" \/>\n<meta name=\"twitter:label1\" content=\"Temps estimat de lectura\" \/>\n\t<meta name=\"twitter:data1\" content=\"2 minuts\" \/>\n<script type=\"application\/ld+json\" class=\"yoast-schema-graph\">{\"@context\":\"https:\/\/schema.org\",\"@graph\":[{\"@type\":\"WebPage\",\"@id\":\"https:\/\/uros.explotacionweb.es\/ca\/agenda-online\/\",\"url\":\"https:\/\/uros.explotacionweb.es\/ca\/agenda-online\/\",\"name\":\"Agenda online: demana cita &#8211; Uros Associats\",\"isPartOf\":{\"@id\":\"https:\/\/uros.explotacionweb.es\/#website\"},\"datePublished\":\"2020-05-29T07:35:38+00:00\",\"dateModified\":\"2026-01-26T15:05:01+00:00\",\"description\":\"Reserva la teva cita online amb Uros Associats. Tria especialista, data i centre m\u00e8dic i confirma la visita en pocs passos.\",\"breadcrumb\":{\"@id\":\"https:\/\/uros.explotacionweb.es\/ca\/agenda-online\/#breadcrumb\"},\"inLanguage\":\"ca\",\"potentialAction\":[{\"@type\":\"ReadAction\",\"target\":[\"https:\/\/uros.explotacionweb.es\/ca\/agenda-online\/\"]}]},{\"@type\":\"BreadcrumbList\",\"@id\":\"https:\/\/uros.explotacionweb.es\/ca\/agenda-online\/#breadcrumb\",\"itemListElement\":[{\"@type\":\"ListItem\",\"position\":1,\"name\":\"Inicio\",\"item\":\"https:\/\/uros.explotacionweb.es\/ca\/\"},{\"@type\":\"ListItem\",\"position\":2,\"name\":\"Agenda online\"}]},{\"@type\":\"WebSite\",\"@id\":\"https:\/\/uros.explotacionweb.es\/#website\",\"url\":\"https:\/\/uros.explotacionweb.es\/\",\"name\":\"Uros Associats\",\"description\":\"Ur\u00f3logos en Barcelona y Tarragona. Expertos en todo tipo de tratamientos y patolog\u00edas de Urolog\u00eda | Androlog\u00eda, Chequeos, Cirug\u00eda, Oncolog\u00eda, Litiasis y m\u00e1s.\",\"publisher\":{\"@id\":\"https:\/\/uros.explotacionweb.es\/#organization\"},\"potentialAction\":[{\"@type\":\"SearchAction\",\"target\":{\"@type\":\"EntryPoint\",\"urlTemplate\":\"https:\/\/uros.explotacionweb.es\/?s={search_term_string}\"},\"query-input\":{\"@type\":\"PropertyValueSpecification\",\"valueRequired\":true,\"valueName\":\"search_term_string\"}}],\"inLanguage\":\"ca\"},{\"@type\":\"Organization\",\"@id\":\"https:\/\/uros.explotacionweb.es\/#organization\",\"name\":\"Uros Associats\",\"url\":\"https:\/\/uros.explotacionweb.es\/\",\"logo\":{\"@type\":\"ImageObject\",\"inLanguage\":\"ca\",\"@id\":\"https:\/\/uros.explotacionweb.es\/#\/schema\/logo\/image\/\",\"url\":\"https:\/\/uros.explotacionweb.es\/wp-content\/uploads\/2020\/05\/logo-principal.png\",\"contentUrl\":\"https:\/\/uros.explotacionweb.es\/wp-content\/uploads\/2020\/05\/logo-principal.png\",\"width\":688,\"height\":643,\"caption\":\"Uros Associats\"},\"image\":{\"@id\":\"https:\/\/uros.explotacionweb.es\/#\/schema\/logo\/image\/\"},\"sameAs\":[\"https:\/\/x.com\/uros_associats\",\"https:\/\/www.instagram.com\/urosassociats_\",\"https:\/\/www.linkedin.com\/company\/uros-associats\"]}]}<\/script>\n<!-- \/ Yoast SEO plugin. -->","yoast_head_json":{"title":"Agenda online: demana cita &#8211; Uros Associats","description":"Reserva la teva cita online amb Uros Associats. Tria especialista, data i centre m\u00e8dic i confirma la visita en pocs passos.","robots":{"index":"noindex","follow":"follow","max-snippet":"max-snippet:-1","max-image-preview":"max-image-preview:large","max-video-preview":"max-video-preview:-1"},"og_locale":"ca_ES","og_type":"article","og_title":"Agenda online: demana cita &#8211; Uros Associats","og_description":"Reserva la teva cita online amb Uros Associats. Tria especialista, data i centre m\u00e8dic i confirma la visita en pocs passos.","og_url":"https:\/\/uros.explotacionweb.es\/ca\/agenda-online\/","og_site_name":"Uros Associats","article_modified_time":"2026-01-26T15:05:01+00:00","og_image":[{"width":688,"height":643,"url":"https:\/\/uros.explotacionweb.es\/wp-content\/uploads\/2020\/05\/logo-principal.png","type":"image\/png"}],"twitter_card":"summary_large_image","twitter_site":"@uros_associats","twitter_misc":{"Temps estimat de lectura":"2 minuts"},"schema":{"@context":"https:\/\/schema.org","@graph":[{"@type":"WebPage","@id":"https:\/\/uros.explotacionweb.es\/ca\/agenda-online\/","url":"https:\/\/uros.explotacionweb.es\/ca\/agenda-online\/","name":"Agenda online: demana cita &#8211; Uros Associats","isPartOf":{"@id":"https:\/\/uros.explotacionweb.es\/#website"},"datePublished":"2020-05-29T07:35:38+00:00","dateModified":"2026-01-26T15:05:01+00:00","description":"Reserva la teva cita online amb Uros Associats. Tria especialista, data i centre m\u00e8dic i confirma la visita en pocs passos.","breadcrumb":{"@id":"https:\/\/uros.explotacionweb.es\/ca\/agenda-online\/#breadcrumb"},"inLanguage":"ca","potentialAction":[{"@type":"ReadAction","target":["https:\/\/uros.explotacionweb.es\/ca\/agenda-online\/"]}]},{"@type":"BreadcrumbList","@id":"https:\/\/uros.explotacionweb.es\/ca\/agenda-online\/#breadcrumb","itemListElement":[{"@type":"ListItem","position":1,"name":"Inicio","item":"https:\/\/uros.explotacionweb.es\/ca\/"},{"@type":"ListItem","position":2,"name":"Agenda online"}]},{"@type":"WebSite","@id":"https:\/\/uros.explotacionweb.es\/#website","url":"https:\/\/uros.explotacionweb.es\/","name":"Uros Associats","description":"Ur\u00f3logos en Barcelona y Tarragona. Expertos en todo tipo de tratamientos y patolog\u00edas de Urolog\u00eda | Androlog\u00eda, Chequeos, Cirug\u00eda, Oncolog\u00eda, Litiasis y m\u00e1s.","publisher":{"@id":"https:\/\/uros.explotacionweb.es\/#organization"},"potentialAction":[{"@type":"SearchAction","target":{"@type":"EntryPoint","urlTemplate":"https:\/\/uros.explotacionweb.es\/?s={search_term_string}"},"query-input":{"@type":"PropertyValueSpecification","valueRequired":true,"valueName":"search_term_string"}}],"inLanguage":"ca"},{"@type":"Organization","@id":"https:\/\/uros.explotacionweb.es\/#organization","name":"Uros Associats","url":"https:\/\/uros.explotacionweb.es\/","logo":{"@type":"ImageObject","inLanguage":"ca","@id":"https:\/\/uros.explotacionweb.es\/#\/schema\/logo\/image\/","url":"https:\/\/uros.explotacionweb.es\/wp-content\/uploads\/2020\/05\/logo-principal.png","contentUrl":"https:\/\/uros.explotacionweb.es\/wp-content\/uploads\/2020\/05\/logo-principal.png","width":688,"height":643,"caption":"Uros Associats"},"image":{"@id":"https:\/\/uros.explotacionweb.es\/#\/schema\/logo\/image\/"},"sameAs":["https:\/\/x.com\/uros_associats","https:\/\/www.instagram.com\/urosassociats_","https:\/\/www.linkedin.com\/company\/uros-associats"]}]}},"_links":{"self":[{"href":"https:\/\/uros.explotacionweb.es\/ca\/wp-json\/wp\/v2\/pages\/17852","targetHints":{"allow":["GET"]}}],"collection":[{"href":"https:\/\/uros.explotacionweb.es\/ca\/wp-json\/wp\/v2\/pages"}],"about":[{"href":"https:\/\/uros.explotacionweb.es\/ca\/wp-json\/wp\/v2\/types\/page"}],"author":[{"embeddable":true,"href":"https:\/\/uros.explotacionweb.es\/ca\/wp-json\/wp\/v2\/users\/3"}],"replies":[{"embeddable":true,"href":"https:\/\/uros.explotacionweb.es\/ca\/wp-json\/wp\/v2\/comments?post=17852"}],"version-history":[{"count":13,"href":"https:\/\/uros.explotacionweb.es\/ca\/wp-json\/wp\/v2\/pages\/17852\/revisions"}],"predecessor-version":[{"id":22192,"href":"https:\/\/uros.explotacionweb.es\/ca\/wp-json\/wp\/v2\/pages\/17852\/revisions\/22192"}],"wp:attachment":[{"href":"https:\/\/uros.explotacionweb.es\/ca\/wp-json\/wp\/v2\/media?parent=17852"}],"curies":[{"name":"wp","href":"https:\/\/api.w.org\/{rel}","templated":true}]}}