{"id":17853,"date":"2020-05-29T22:54:22","date_gmt":"2020-05-29T22:54:22","guid":{"rendered":"https:\/\/urosassociats.com\/contacte\/"},"modified":"2026-02-19T08:15:25","modified_gmt":"2026-02-19T08:15:25","slug":"contacte","status":"publish","type":"page","link":"https:\/\/uros.explotacionweb.es\/ca\/contacte\/","title":{"rendered":"Contacte"},"content":{"rendered":"<div id=\"cmsmasters_row_bf9eb46315\" class=\"cmsmasters_row cmsmasters_color_scheme_default cmsmasters_row_top_default cmsmasters_row_bot_default cmsmasters_row_boxed\">\n<div class=\"cmsmasters_row_outer_parent\">\n<div class=\"cmsmasters_row_outer\">\n<div class=\"cmsmasters_row_inner\">\n<div class=\"cmsmasters_row_margin\">\n<div id=\"cmsmasters_column_7e736936bb\" class=\"cmsmasters_column one_half\">\n<div class=\"cmsmasters_column_inner\"><div class=\"cmsmasters_text\">\n<\/div>\n<div class=\"cmsmasters_text\">\n<h2 style=\"text-align: justify;\">Les nostres consultes<\/h2>\n<p class=\"wpb_text_column wpb_content_element \" style=\"text-align: justify;\">Metges altament qualificats amb gran experi\u00e8ncia en el sector de la Urologia l&#8217;atendran amb la major professionalitat, sempre tenint en compte que el factor hum\u00e0 \u00e9s, per a nosaltres, un valor afegit que volem oferir a tots els nostres pacients.<\/p>\n<div class=\"wpb_text_column wpb_content_element \">\n<div class=\"wpb_wrapper\">\n<p style=\"text-align: justify;\">Uros Associats t\u00e9 consultes a Barcelona, a la <a href=\"https:\/\/uros.explotacionweb.es\/ca\/uros-associats-clinica-sagrada-familia\/\">Cl\u00ednica Sagrada Fam\u00edlia<\/a>, <a href=\"https:\/\/uros.explotacionweb.es\/ca\/uros-associats-centre-medic-teknon\/\">Centre M\u00e8dic Teknon<\/a> i <a href=\"https:\/\/uros.explotacionweb.es\/ca\/uros-associats-general-mitre\/\">Ronda General Mitre<\/a>, a Tarragona, a <a href=\"https:\/\/uros.explotacionweb.es\/ca\/uros-tarragona\/\">Uros Cuat Tarragona<\/a>, a Eivissa, a Grup Policl\u00ednica &#8211; Ibiza i ara tamb\u00e9 a Badalona. Disposem de les tecnologies m\u00e9s avan\u00e7ades en el m\u00f3n de la cirurgia.<\/p>\n<\/div>\n<\/div>\n<\/div>\n<div class=\"cmsmasters_text\">\n<\/div>\n\n<div id=\"cmsmasters_divider_hgoeo6f7ip\" class=\"cmsmasters_divider cmsmasters_divider_width_long cmsmasters_divider_pos_center\"><\/div>\n<div class=\"cmsmasters_text\">\n<\/div>\n<div id=\"cmsmasters_button_cjf1nd3e3m\" class=\"button_wrap\"><a href=\"https:\/\/uros.explotacionweb.es\/contacto-teknon\/\" class=\"cmsmasters_button\"><span>Centre M\u00e8dic Teknon<\/span><\/a><\/div>\n<div class=\"cmsmasters_text\">\n<\/div>\n\n<div id=\"cmsmasters_divider_owqi0vquol\" class=\"cl\"><\/div>\n<div class=\"cmsmasters_text\">\n<\/div>\n<div id=\"cmsmasters_button_e0730uwadv\" class=\"button_wrap\"><a href=\"https:\/\/uros.explotacionweb.es\/csf-sagrada-familia\/\" class=\"cmsmasters_button\"><span>Cl\u00ednica Sagrada Fam\u00edlia<\/span><\/a><\/div>\n<div class=\"cmsmasters_text\">\n<\/div>\n\n<div id=\"cmsmasters_divider_us09lyu1yu\" class=\"cl\"><\/div>\n<div class=\"cmsmasters_text\">\n<\/div>\n<div id=\"cmsmasters_button_zyq9u4yh3m\" class=\"button_wrap\"><a href=\"https:\/\/uros.explotacionweb.es\/ronda-general-mitre\/\" class=\"cmsmasters_button\"><span>Ronda General Mitre<\/span><\/a><\/div>\n<div class=\"cmsmasters_text\">\n<\/div>\n\n<div id=\"cmsmasters_divider_y72dt4ryl\" class=\"cl\"><\/div>\n<div class=\"cmsmasters_text\">\n<\/div>\n<div id=\"cmsmasters_button_qukpqnugya\" class=\"button_wrap\"><a href=\"https:\/\/uros.explotacionweb.es\/tarragona\/\" class=\"cmsmasters_button\"><span>Uros Cuat Tarragona<\/span><\/a><\/div>\n<div class=\"cmsmasters_text\">\n<\/div>\n\n<div id=\"cmsmasters_divider_ulstiz1off\" class=\"cl\"><\/div>\n<div class=\"cmsmasters_text\">\n<\/div>\n<div id=\"cmsmasters_button_e7ikiih3j\" class=\"button_wrap\"><a href=\"\/ibiza-uros-associats\/\" class=\"cmsmasters_button\"><span>Ibiza Uros Associats<\/span><\/a><\/div>\n<div class=\"cmsmasters_text\">\n<\/div>\n\n<div id=\"cmsmasters_divider_6fdbfp964\" class=\"cl\"><\/div>\n<div class=\"cmsmasters_text\">\n<\/div>\n<div id=\"cmsmasters_button_0mm7olmg2e\" class=\"button_wrap\"><a href=\"\/ca\/badalona-uros-associats\/\" class=\"cmsmasters_button\"><span>Badalona Uros Associats<\/span><\/a><\/div>\n<div class=\"cmsmasters_text\">\n<\/div>\n<\/div><\/div>\n<div id=\"cmsmasters_column_79f5b8e890\" class=\"cmsmasters_column one_half\">\n<div class=\"cmsmasters_column_inner\"><div class=\"cmsmasters_text\">\n<\/div>\n<div id=\"cmsmasters_heading_36ea377cdb\" class=\"cmsmasters_heading_wrap cmsmasters_heading_align_left\">\n\t<h2 class=\"cmsmasters_heading\">Poseu-ho en contacte amb nosaltres<\/h2>\n<\/div><div class=\"cmsmasters_text\">\n<\/div>\n\n<div class=\"cmsmasters_contact_form\">\n<div class=\"wpcf7 no-js\" id=\"wpcf7-f18185-o1\" lang=\"en-US\" dir=\"ltr\" data-wpcf7-id=\"18185\">\n<div class=\"screen-reader-response\"><p role=\"status\" aria-live=\"polite\" aria-atomic=\"true\"><\/p> <ul><\/ul><\/div>\n<form action=\"\/ca\/wp-json\/wp\/v2\/pages\/17853#wpcf7-f18185-o1\" method=\"post\" class=\"wpcf7-form init\" aria-label=\"Contact form\" novalidate=\"novalidate\" data-status=\"init\">\n<fieldset class=\"hidden-fields-container\"><input type=\"hidden\" name=\"_wpcf7\" value=\"18185\" \/><input type=\"hidden\" name=\"_wpcf7_version\" value=\"6.1.1\" \/><input type=\"hidden\" name=\"_wpcf7_locale\" value=\"en_US\" \/><input type=\"hidden\" name=\"_wpcf7_unit_tag\" value=\"wpcf7-f18185-o1\" \/><input type=\"hidden\" name=\"_wpcf7_container_post\" value=\"0\" \/><input type=\"hidden\" name=\"_wpcf7_posted_data_hash\" value=\"\" \/><input type=\"hidden\" name=\"_wpcf7_recaptcha_response\" value=\"\" \/>\n<\/fieldset>\n<p><span class=\"wpcf7-form-control-wrap\" data-name=\"menu-372\"><select class=\"wpcf7-form-control wpcf7-select wpcf7-validates-as-required\" aria-required=\"true\" aria-invalid=\"false\" name=\"menu-372\"><option value=\"Seleccioni una consulta*\">Seleccioni una consulta*<\/option><option value=\"Cl\u00ednica Sagrada Familia\">Cl\u00ednica Sagrada Familia<\/option><option value=\"Centre M\u00e8dic Teknon\">Centre M\u00e8dic Teknon<\/option><option value=\"Ronda General Mitre\">Ronda General Mitre<\/option><option value=\"Uros Cuat Tarragona\">Uros Cuat Tarragona<\/option><option value=\"Ibiza Uros Associats\">Ibiza Uros Associats<\/option><option value=\"Badalona Uros Associats\">Badalona Uros Associats<\/option><\/select><\/span>\n<\/p>\n<p><span class=\"wpcf7-form-control-wrap\" data-name=\"your-name\"><input size=\"40\" maxlength=\"400\" class=\"wpcf7-form-control wpcf7-text wpcf7-validates-as-required\" aria-required=\"true\" aria-invalid=\"false\" placeholder=\"Nom i cognom\" value=\"\" type=\"text\" name=\"your-name\" \/><\/span>\n<\/p>\n<p><span class=\"wpcf7-form-control-wrap\" data-name=\"phone\"><input size=\"40\" maxlength=\"400\" class=\"wpcf7-form-control wpcf7-tel wpcf7-validates-as-required wpcf7-text wpcf7-validates-as-tel\" aria-required=\"true\" aria-invalid=\"false\" placeholder=\"Tel\u00e8fon\" value=\"\" type=\"tel\" name=\"phone\" \/><\/span>\n<\/p>\n<p><span class=\"wpcf7-form-control-wrap\" data-name=\"email-301\"><input size=\"40\" maxlength=\"400\" class=\"wpcf7-form-control wpcf7-email wpcf7-validates-as-required wpcf7-text wpcf7-validates-as-email\" aria-required=\"true\" aria-invalid=\"false\" placeholder=\"Email\" value=\"\" type=\"email\" name=\"email-301\" \/><\/span>\n<\/p>\n<p><span class=\"wpcf7-form-control-wrap\" data-name=\"textarea-753\"><textarea cols=\"40\" rows=\"3\" maxlength=\"2000\" class=\"wpcf7-form-control wpcf7-textarea wpcf7-validates-as-required\" aria-required=\"true\" aria-invalid=\"false\" placeholder=\"Missatge\" name=\"textarea-753\"><\/textarea><\/span>\n<\/p>\n<p><small>El Grup Uros com a responsable del tractament tractar\u00e0 les vostres dades amb la finalitat d'atendre la vostra consulta o petici\u00f3. Pots accedir, rectificar i suprimir les teves dades, aix\u00ed com exercir altres drets consultant la informaci\u00f3 addicional i detallada sobre protecci\u00f3 de dades a la nostra Pol\u00edtica de Privadesa.<\/small>\n<\/p>\n<p><span class=\"wpcf7-form-control-wrap\" data-name=\"acceptance-1\"><span class=\"wpcf7-form-control wpcf7-acceptance optional\"><span class=\"wpcf7-list-item\"><label><input type=\"checkbox\" name=\"acceptance-1\" value=\"1\" aria-invalid=\"false\" \/><span class=\"wpcf7-list-item-label\">Vull rebre la newsletter d'Uros<\/span><\/label><\/span><\/span><\/span>\n<\/p>\n<p><span class=\"wpcf7-form-control-wrap\" data-name=\"acceptance-1\"><span class=\"wpcf7-form-control wpcf7-acceptance\"><span class=\"wpcf7-list-item\"><label><input type=\"checkbox\" name=\"acceptance-1\" value=\"1\" aria-invalid=\"false\" \/><span class=\"wpcf7-list-item-label\">He llegit i accepto la <a href='https:\/\/uros.explotacionweb.es\/ca\/politica-de-privacitat\/' target='_blank'>Pol\u00edtica de Privacitat<\/a>.<\/span><\/label><\/span><\/span><\/span>\n<\/p>\n<p><span id=\"wpcf7-69e37f5a9c3ff-wrapper\" class=\"wpcf7-form-control-wrap email-wrap\" ><label for=\"wpcf7-69e37f5a9c3ff-field\" class=\"hp-message\">Please leave this field empty.<\/label><input id=\"wpcf7-69e37f5a9c3ff-field\"  class=\"wpcf7-form-control wpcf7-text\" type=\"text\" name=\"email\" value=\"\" size=\"40\" tabindex=\"-1\" autocomplete=\"new-password\" \/><\/span>\n<\/p>\n<p><input class=\"wpcf7-form-control wpcf7-submit has-spinner\" type=\"submit\" value=\"Enviar\" \/>\n<\/p><div class=\"wpcf7-response-output\" aria-hidden=\"true\"><\/div>\n<\/form>\n<\/div>\n<\/div>\n<div class=\"cmsmasters_text\">\n<\/div>\n<\/div><\/div>\n<\/div>\n<\/div>\n<\/div>\n<\/div>\n<\/div>\n<div id=\"cmsmasters_row_\" class=\"cmsmasters_row cmsmasters_color_scheme_default cmsmasters_row_top_default cmsmasters_row_bot_default cmsmasters_row_boxed\">\n<div class=\"cmsmasters_row_outer_parent\">\n<div class=\"cmsmasters_row_outer\">\n<div class=\"cmsmasters_row_inner\">\n<div class=\"cmsmasters_row_margin\">\n<div id=\"cmsmasters_column_\" class=\"cmsmasters_column one_first\">\n<div class=\"cmsmasters_column_inner\"><div class=\"cmsmasters_text\">\n<\/div>\n<\/div><\/div>\n<\/div>\n<\/div>\n<\/div>\n<\/div>\n<\/div>\n<div id=\"cmsmasters_row_3r99pfhle\" class=\"cmsmasters_row cmsmasters_color_scheme_default cmsmasters_row_top_default cmsmasters_row_bot_default cmsmasters_row_boxed\">\n<div class=\"cmsmasters_row_outer_parent\">\n<div class=\"cmsmasters_row_outer\">\n<div class=\"cmsmasters_row_inner\">\n<div class=\"cmsmasters_row_margin\">\n<div id=\"cmsmasters_column_c24fa9c6e7\" class=\"cmsmasters_column one_first\">\n<div class=\"cmsmasters_column_inner\"><div class=\"cmsmasters_text\">\n<\/div>\n<div id=\"cmsmasters_heading_f6mls9eczp\" class=\"cmsmasters_heading_wrap cmsmasters_heading_align_left\">\n\t<h1 class=\"cmsmasters_heading\">M\u00fatues<\/h1>\n<\/div><div class=\"cmsmasters_text\">\n<\/div>\n<div class=\"cmsmasters_clients_slider_wrap enable_slider_control\">\n<div id=\"cmsmasters_clients_0jb1x58xi\" class=\"cmsmasters_owl_slider owl-carousel cmsmasters_clients_slider enable_slides_control\" data-items=\"5\" data-single-item=\"false\" data-auto-play=\"5000\" data-slide-speed=\"5000\" data-pagination-speed=\"5000\" data-pagination=\"true\" data-navigation=\"false\"><div class=\"cmsmasters_clients_item item cmsmasters_owl_slider_item\"><img decoding=\"async\" src=\"https:\/\/uros.explotacionweb.es\/wp-content\/uploads\/2020\/06\/1.-adelsas.jpg\" alt=\"Adeslas\" title=\"Adeslas\" \/><\/div><div class=\"cmsmasters_clients_item item cmsmasters_owl_slider_item\"><img decoding=\"async\" src=\"https:\/\/uros.explotacionweb.es\/wp-content\/uploads\/2020\/06\/2.-agrupacio-mutua.jpg\" alt=\"Agrupaci\u00f3 M\u00fatua\" title=\"Agrupaci\u00f3 M\u00fatua\" \/><\/div><div class=\"cmsmasters_clients_item item cmsmasters_owl_slider_item\"><img decoding=\"async\" src=\"https:\/\/uros.explotacionweb.es\/wp-content\/uploads\/2020\/06\/3.-allianz.jpg\" alt=\"Allianz\" title=\"Allianz\" \/><\/div><div class=\"cmsmasters_clients_item item cmsmasters_owl_slider_item\"><img decoding=\"async\" src=\"https:\/\/uros.explotacionweb.es\/wp-content\/uploads\/2020\/06\/4.-asefa.jpg\" alt=\"Asefa\" title=\"Asefa\" \/><\/div><div class=\"cmsmasters_clients_item item cmsmasters_owl_slider_item\"><img decoding=\"async\" src=\"https:\/\/uros.explotacionweb.es\/wp-content\/uploads\/2020\/06\/5.-assistencia_sanitaria_collegial.jpg\" alt=\"Assist\u00e8ncia Sanit\u00e0ria Collegial\" title=\"Assist\u00e8ncia Sanit\u00e0ria Collegial\" \/><\/div><div class=\"cmsmasters_clients_item item cmsmasters_owl_slider_item\"><img decoding=\"async\" src=\"https:\/\/uros.explotacionweb.es\/wp-content\/uploads\/2020\/06\/6.-axa-winterthur-salud.jpg\" alt=\"AXA\" title=\"AXA\" \/><\/div><div class=\"cmsmasters_clients_item item cmsmasters_owl_slider_item\"><img decoding=\"async\" src=\"https:\/\/uros.explotacionweb.es\/wp-content\/uploads\/2020\/06\/7.-caser.jpg\" alt=\"Caser\" title=\"Caser\" \/><\/div><div class=\"cmsmasters_clients_item item cmsmasters_owl_slider_item\"><img decoding=\"async\" src=\"https:\/\/uros.explotacionweb.es\/wp-content\/uploads\/2020\/06\/8.-CIGNA-logo.jpg\" alt=\"Cigna\" title=\"Cigna\" \/><\/div><div class=\"cmsmasters_clients_item item cmsmasters_owl_slider_item\"><img decoding=\"async\" src=\"https:\/\/uros.explotacionweb.es\/wp-content\/uploads\/2020\/06\/9.-clinicum.jpg\" alt=\"Clinicum\" title=\"Clinicum\" \/><\/div><div class=\"cmsmasters_clients_item item cmsmasters_owl_slider_item\"><img decoding=\"async\" src=\"https:\/\/uros.explotacionweb.es\/wp-content\/uploads\/2020\/06\/10.-dkv.jpg\" alt=\"DKV\" title=\"DKV\" \/><\/div><div class=\"cmsmasters_clients_item item cmsmasters_owl_slider_item\"><img decoding=\"async\" src=\"https:\/\/uros.explotacionweb.es\/wp-content\/uploads\/2020\/06\/11.-latina.jpg\" alt=\"Llatina\" title=\"Llatina\" \/><\/div><div class=\"cmsmasters_clients_item item cmsmasters_owl_slider_item\"><img decoding=\"async\" src=\"https:\/\/uros.explotacionweb.es\/wp-content\/uploads\/2020\/06\/12.-MEDIFIATC.jpg\" alt=\"Medifiatc\" title=\"Medifiatc\" \/><\/div><div class=\"cmsmasters_clients_item item cmsmasters_owl_slider_item\"><img decoding=\"async\" src=\"https:\/\/uros.explotacionweb.es\/wp-content\/uploads\/2020\/06\/13.-generali.jpg\" alt=\"Generali\" title=\"Generali\" \/><\/div><div class=\"cmsmasters_clients_item item cmsmasters_owl_slider_item\"><img decoding=\"async\" src=\"https:\/\/uros.explotacionweb.es\/wp-content\/uploads\/2020\/06\/14.-groupama.jpg\" alt=\"Groupama\" title=\"Groupama\" \/><\/div><div class=\"cmsmasters_clients_item item cmsmasters_owl_slider_item\"><img decoding=\"async\" src=\"https:\/\/uros.explotacionweb.es\/wp-content\/uploads\/2020\/06\/15.-mapfre.jpg\" alt=\"Mapfre\" title=\"Mapfre\" \/><\/div><div class=\"cmsmasters_clients_item item cmsmasters_owl_slider_item\"><img decoding=\"async\" src=\"https:\/\/uros.explotacionweb.es\/wp-content\/uploads\/2020\/06\/16.-MUTUA-TRANSPORTE.jpg\" alt=\"M\u00fatua Transport\" title=\"M\u00fatua Transport\" \/><\/div><div class=\"cmsmasters_clients_item item cmsmasters_owl_slider_item\"><img decoding=\"async\" src=\"https:\/\/uros.explotacionweb.es\/wp-content\/uploads\/2020\/06\/17.-MUTUA-GRAL-CATALUNYA.jpg\" alt=\"M\u00fatua Gral Catalunya\" title=\"M\u00fatua Gral Catalunya\" \/><\/div><div class=\"cmsmasters_clients_item item cmsmasters_owl_slider_item\"><img decoding=\"async\" src=\"https:\/\/uros.explotacionweb.es\/wp-content\/uploads\/2020\/06\/18.-MUTUA-MANRESANA.jpg\" alt=\"M\u00fatua Manresana\" title=\"M\u00fatua Manresana\" \/><\/div><div class=\"cmsmasters_clients_item item cmsmasters_owl_slider_item\"><img decoding=\"async\" src=\"https:\/\/uros.explotacionweb.es\/wp-content\/uploads\/2020\/06\/19.-SANITAS.jpg\" alt=\"Sanitas\" title=\"Sanitas\" \/><\/div><div class=\"cmsmasters_clients_item item cmsmasters_owl_slider_item\"><img decoding=\"async\" src=\"https:\/\/uros.explotacionweb.es\/wp-content\/uploads\/2020\/06\/20.-cosalud.jpg\" alt=\"Cosalud\" title=\"Cosalud\" \/><\/div><\/div>\n<\/div>\n<div class=\"cmsmasters_text\">\n<\/div>\n<\/div><\/div>\n<\/div>\n<\/div>\n<\/div>\n<\/div>\n<\/div>\n<div id=\"cmsmasters_row_\" class=\"cmsmasters_row cmsmasters_color_scheme_default cmsmasters_row_top_default cmsmasters_row_bot_default cmsmasters_row_boxed\">\n<div class=\"cmsmasters_row_outer_parent\">\n<div class=\"cmsmasters_row_outer\">\n<div class=\"cmsmasters_row_inner\">\n<div class=\"cmsmasters_row_margin\">\n<div id=\"cmsmasters_column_\" class=\"cmsmasters_column one_first\">\n<div class=\"cmsmasters_column_inner\"><div class=\"cmsmasters_text\">\n<\/div>\n<\/div><\/div>\n<\/div>\n<\/div>\n<\/div>\n<\/div>\n<\/div>\n<div id=\"cmsmasters_row_tb3b877r8a\" class=\"cmsmasters_row cmsmasters_color_scheme_default cmsmasters_row_top_default cmsmasters_row_bot_default cmsmasters_row_boxed\">\n<div class=\"cmsmasters_row_outer_parent\">\n<div class=\"cmsmasters_row_outer\">\n<div class=\"cmsmasters_row_inner\">\n<div class=\"cmsmasters_row_margin\">\n<div id=\"cmsmasters_column_0xwuicxe8r\" class=\"cmsmasters_column one_first\">\n<div class=\"cmsmasters_column_inner\"><\/div><\/div>\n<\/div>\n<\/div>\n<\/div>\n<\/div>\n<\/div>\n<div id=\"cmsmasters_row_\" class=\"cmsmasters_row cmsmasters_color_scheme_default cmsmasters_row_top_default cmsmasters_row_bot_default cmsmasters_row_boxed\">\n<div class=\"cmsmasters_row_outer_parent\">\n<div class=\"cmsmasters_row_outer\">\n<div class=\"cmsmasters_row_inner\">\n<div class=\"cmsmasters_row_margin\">\n<div id=\"cmsmasters_column_\" class=\"cmsmasters_column one_first\">\n<div class=\"cmsmasters_column_inner\"><div class=\"cmsmasters_text\">\n<\/div>\n<\/div><\/div>\n<\/div>\n<\/div>\n<\/div>\n<\/div>\n<\/div>\n\n","protected":false},"excerpt":{"rendered":"","protected":false},"author":3,"featured_media":0,"parent":0,"menu_order":0,"comment_status":"closed","ping_status":"closed","template":"","meta":{"footnotes":""},"class_list":["post-17853","page","type-page","status-publish","hentry"],"yoast_head":"<!-- This site is optimized with the Yoast SEO plugin v25.9 - https:\/\/yoast.com\/wordpress\/plugins\/seo\/ -->\n<title>Contacte &#8211; Uros Associats<\/title>\n<meta name=\"robots\" content=\"noindex, follow, max-snippet:-1, max-image-preview:large, max-video-preview:-1\" \/>\n<meta property=\"og:locale\" content=\"ca_ES\" \/>\n<meta property=\"og:type\" content=\"article\" \/>\n<meta property=\"og:title\" content=\"Contacte &#8211; Uros Associats\" \/>\n<meta property=\"og:url\" content=\"https:\/\/uros.explotacionweb.es\/ca\/contacte\/\" \/>\n<meta property=\"og:site_name\" content=\"Uros Associats\" \/>\n<meta property=\"article:modified_time\" content=\"2026-02-19T08:15:25+00:00\" \/>\n<meta property=\"og:image\" content=\"https:\/\/uros.explotacionweb.es\/wp-content\/uploads\/2020\/05\/logo-principal.png\" \/>\n\t<meta property=\"og:image:width\" content=\"688\" \/>\n\t<meta property=\"og:image:height\" content=\"643\" \/>\n\t<meta property=\"og:image:type\" content=\"image\/png\" \/>\n<meta name=\"twitter:card\" content=\"summary_large_image\" \/>\n<meta name=\"twitter:site\" content=\"@uros_associats\" \/>\n<meta name=\"twitter:label1\" content=\"Temps estimat de lectura\" \/>\n\t<meta name=\"twitter:data1\" content=\"3 minuts\" \/>\n<script type=\"application\/ld+json\" class=\"yoast-schema-graph\">{\"@context\":\"https:\/\/schema.org\",\"@graph\":[{\"@type\":\"WebPage\",\"@id\":\"https:\/\/uros.explotacionweb.es\/ca\/contacte\/\",\"url\":\"https:\/\/uros.explotacionweb.es\/ca\/contacte\/\",\"name\":\"Contacte &#8211; Uros Associats\",\"isPartOf\":{\"@id\":\"https:\/\/uros.explotacionweb.es\/#website\"},\"datePublished\":\"2020-05-29T22:54:22+00:00\",\"dateModified\":\"2026-02-19T08:15:25+00:00\",\"breadcrumb\":{\"@id\":\"https:\/\/uros.explotacionweb.es\/ca\/contacte\/#breadcrumb\"},\"inLanguage\":\"ca\",\"potentialAction\":[{\"@type\":\"ReadAction\",\"target\":[\"https:\/\/uros.explotacionweb.es\/ca\/contacte\/\"]}]},{\"@type\":\"BreadcrumbList\",\"@id\":\"https:\/\/uros.explotacionweb.es\/ca\/contacte\/#breadcrumb\",\"itemListElement\":[{\"@type\":\"ListItem\",\"position\":1,\"name\":\"Inicio\",\"item\":\"https:\/\/uros.explotacionweb.es\/ca\/\"},{\"@type\":\"ListItem\",\"position\":2,\"name\":\"Contacte\"}]},{\"@type\":\"WebSite\",\"@id\":\"https:\/\/uros.explotacionweb.es\/#website\",\"url\":\"https:\/\/uros.explotacionweb.es\/\",\"name\":\"Uros Associats\",\"description\":\"Ur\u00f3logos en Barcelona y Tarragona. Expertos en todo tipo de tratamientos y patolog\u00edas de Urolog\u00eda | Androlog\u00eda, Chequeos, Cirug\u00eda, Oncolog\u00eda, Litiasis y m\u00e1s.\",\"publisher\":{\"@id\":\"https:\/\/uros.explotacionweb.es\/#organization\"},\"potentialAction\":[{\"@type\":\"SearchAction\",\"target\":{\"@type\":\"EntryPoint\",\"urlTemplate\":\"https:\/\/uros.explotacionweb.es\/?s={search_term_string}\"},\"query-input\":{\"@type\":\"PropertyValueSpecification\",\"valueRequired\":true,\"valueName\":\"search_term_string\"}}],\"inLanguage\":\"ca\"},{\"@type\":\"Organization\",\"@id\":\"https:\/\/uros.explotacionweb.es\/#organization\",\"name\":\"Uros Associats\",\"url\":\"https:\/\/uros.explotacionweb.es\/\",\"logo\":{\"@type\":\"ImageObject\",\"inLanguage\":\"ca\",\"@id\":\"https:\/\/uros.explotacionweb.es\/#\/schema\/logo\/image\/\",\"url\":\"https:\/\/uros.explotacionweb.es\/wp-content\/uploads\/2020\/05\/logo-principal.png\",\"contentUrl\":\"https:\/\/uros.explotacionweb.es\/wp-content\/uploads\/2020\/05\/logo-principal.png\",\"width\":688,\"height\":643,\"caption\":\"Uros Associats\"},\"image\":{\"@id\":\"https:\/\/uros.explotacionweb.es\/#\/schema\/logo\/image\/\"},\"sameAs\":[\"https:\/\/x.com\/uros_associats\",\"https:\/\/www.instagram.com\/urosassociats_\",\"https:\/\/www.linkedin.com\/company\/uros-associats\"]}]}<\/script>\n<!-- \/ Yoast SEO plugin. -->","yoast_head_json":{"title":"Contacte &#8211; Uros Associats","robots":{"index":"noindex","follow":"follow","max-snippet":"max-snippet:-1","max-image-preview":"max-image-preview:large","max-video-preview":"max-video-preview:-1"},"og_locale":"ca_ES","og_type":"article","og_title":"Contacte &#8211; Uros Associats","og_url":"https:\/\/uros.explotacionweb.es\/ca\/contacte\/","og_site_name":"Uros Associats","article_modified_time":"2026-02-19T08:15:25+00:00","og_image":[{"width":688,"height":643,"url":"https:\/\/uros.explotacionweb.es\/wp-content\/uploads\/2020\/05\/logo-principal.png","type":"image\/png"}],"twitter_card":"summary_large_image","twitter_site":"@uros_associats","twitter_misc":{"Temps estimat de lectura":"3 minuts"},"schema":{"@context":"https:\/\/schema.org","@graph":[{"@type":"WebPage","@id":"https:\/\/uros.explotacionweb.es\/ca\/contacte\/","url":"https:\/\/uros.explotacionweb.es\/ca\/contacte\/","name":"Contacte &#8211; Uros Associats","isPartOf":{"@id":"https:\/\/uros.explotacionweb.es\/#website"},"datePublished":"2020-05-29T22:54:22+00:00","dateModified":"2026-02-19T08:15:25+00:00","breadcrumb":{"@id":"https:\/\/uros.explotacionweb.es\/ca\/contacte\/#breadcrumb"},"inLanguage":"ca","potentialAction":[{"@type":"ReadAction","target":["https:\/\/uros.explotacionweb.es\/ca\/contacte\/"]}]},{"@type":"BreadcrumbList","@id":"https:\/\/uros.explotacionweb.es\/ca\/contacte\/#breadcrumb","itemListElement":[{"@type":"ListItem","position":1,"name":"Inicio","item":"https:\/\/uros.explotacionweb.es\/ca\/"},{"@type":"ListItem","position":2,"name":"Contacte"}]},{"@type":"WebSite","@id":"https:\/\/uros.explotacionweb.es\/#website","url":"https:\/\/uros.explotacionweb.es\/","name":"Uros Associats","description":"Ur\u00f3logos en Barcelona y Tarragona. Expertos en todo tipo de tratamientos y patolog\u00edas de Urolog\u00eda | Androlog\u00eda, Chequeos, Cirug\u00eda, Oncolog\u00eda, Litiasis y m\u00e1s.","publisher":{"@id":"https:\/\/uros.explotacionweb.es\/#organization"},"potentialAction":[{"@type":"SearchAction","target":{"@type":"EntryPoint","urlTemplate":"https:\/\/uros.explotacionweb.es\/?s={search_term_string}"},"query-input":{"@type":"PropertyValueSpecification","valueRequired":true,"valueName":"search_term_string"}}],"inLanguage":"ca"},{"@type":"Organization","@id":"https:\/\/uros.explotacionweb.es\/#organization","name":"Uros Associats","url":"https:\/\/uros.explotacionweb.es\/","logo":{"@type":"ImageObject","inLanguage":"ca","@id":"https:\/\/uros.explotacionweb.es\/#\/schema\/logo\/image\/","url":"https:\/\/uros.explotacionweb.es\/wp-content\/uploads\/2020\/05\/logo-principal.png","contentUrl":"https:\/\/uros.explotacionweb.es\/wp-content\/uploads\/2020\/05\/logo-principal.png","width":688,"height":643,"caption":"Uros Associats"},"image":{"@id":"https:\/\/uros.explotacionweb.es\/#\/schema\/logo\/image\/"},"sameAs":["https:\/\/x.com\/uros_associats","https:\/\/www.instagram.com\/urosassociats_","https:\/\/www.linkedin.com\/company\/uros-associats"]}]}},"_links":{"self":[{"href":"https:\/\/uros.explotacionweb.es\/ca\/wp-json\/wp\/v2\/pages\/17853","targetHints":{"allow":["GET"]}}],"collection":[{"href":"https:\/\/uros.explotacionweb.es\/ca\/wp-json\/wp\/v2\/pages"}],"about":[{"href":"https:\/\/uros.explotacionweb.es\/ca\/wp-json\/wp\/v2\/types\/page"}],"author":[{"embeddable":true,"href":"https:\/\/uros.explotacionweb.es\/ca\/wp-json\/wp\/v2\/users\/3"}],"replies":[{"embeddable":true,"href":"https:\/\/uros.explotacionweb.es\/ca\/wp-json\/wp\/v2\/comments?post=17853"}],"version-history":[{"count":13,"href":"https:\/\/uros.explotacionweb.es\/ca\/wp-json\/wp\/v2\/pages\/17853\/revisions"}],"predecessor-version":[{"id":40907,"href":"https:\/\/uros.explotacionweb.es\/ca\/wp-json\/wp\/v2\/pages\/17853\/revisions\/40907"}],"wp:attachment":[{"href":"https:\/\/uros.explotacionweb.es\/ca\/wp-json\/wp\/v2\/media?parent=17853"}],"curies":[{"name":"wp","href":"https:\/\/api.w.org\/{rel}","templated":true}]}}