{"id":20298,"date":"2023-10-09T06:50:08","date_gmt":"2023-10-09T06:50:08","guid":{"rendered":"https:\/\/urosassociats.com\/mini-capsulas\/"},"modified":"2023-10-09T08:19:04","modified_gmt":"2023-10-09T08:19:04","slug":"mini-capsules","status":"publish","type":"page","link":"https:\/\/uros.explotacionweb.es\/ca\/mini-capsules\/","title":{"rendered":"Mini C\u00e0psules"},"content":{"rendered":"<div id=\"cmsmasters_row_81ktv6x677\" class=\"cmsmasters_row cmsmasters_color_scheme_default cmsmasters_row_top_default cmsmasters_row_bot_default cmsmasters_row_boxed\">\n<div class=\"cmsmasters_row_outer_parent\">\n<div class=\"cmsmasters_row_outer\">\n<div class=\"cmsmasters_row_inner\">\n<div class=\"cmsmasters_row_margin\">\n<div id=\"cmsmasters_column_jvn9lje4z8\" class=\"cmsmasters_column one_first\">\n<div class=\"cmsmasters_column_inner\"><div class=\"cmsmasters_text\">\n<p style=\"color: #000000; text-align: center; font-size: 21px;\"><strong>Encara no ens segueixes a les nostres xarxes socials?<br \/>\nSom a <\/strong><a style=\"font-size: 21px;\" href=\"https:\/\/www.instagram.com\/urosassociats_\/\"><strong>Instagram<\/strong><\/a>, <a style=\"font-size: 21px;\" href=\"https:\/\/www.tiktok.com\/@urosassociats\/\"><strong>TikTok<\/strong><\/a>, <a style=\"font-size: 21px;\" href=\"https:\/\/twitter.com\/uros_associats?lang=es\"><strong>Twitter<\/strong><\/a> y <a style=\"font-size: 21px;\" href=\"https:\/\/es.linkedin.com\/company\/uros-associats\/\"><strong>LinkedIn<\/strong><\/a><br \/>\n<strong>Apr\u00e8n sobre urologia amb el nostre equip m\u00e8dic!<\/strong><\/p>\n<\/div>\n<\/div><\/div>\n<\/div>\n<\/div>\n<\/div>\n<\/div>\n<\/div>\n<div id=\"cmsmasters_row_9jat2tg99a\" class=\"cmsmasters_row cmsmasters_color_scheme_default flex-2 cmsmasters_row_top_default cmsmasters_row_bot_default cmsmasters_row_boxed\">\n<div class=\"cmsmasters_row_outer_parent\">\n<div class=\"cmsmasters_row_outer\">\n<div class=\"cmsmasters_row_inner\">\n<div class=\"cmsmasters_row_margin\">\n<div id=\"cmsmasters_column_icqj73spow\" class=\"cmsmasters_column one_half\">\n<div class=\"cmsmasters_column_inner\"><div id=\"cmsmasters_video_wrap_\" class=\"cmsmasters_video_wrap\">\n<iframe title=\"\u00bfQUE ES UN CATETER DOBLE J? -   DRA GIRON\" width=\"1160\" height=\"870\" src=\"https:\/\/www.youtube.com\/embed\/YoJ7rGmPJpw?feature=oembed&enablejsapi=1&origin=https:\/\/urosassociats.com\" frameborder=\"0\" allow=\"accelerometer; autoplay; clipboard-write; encrypted-media; gyroscope; picture-in-picture; web-share\" allowfullscreen><\/iframe>\n<\/div>\n<\/div><\/div>\n<div id=\"cmsmasters_column_or5p4xldqw\" class=\"cmsmasters_column one_half\">\n<div class=\"cmsmasters_column_inner\"><div class=\"cmsmasters_text\">\n<p style=\"text-align: center;\"><span style=\"color: #000000;\"> <strong>Vols saber per a qu\u00e8 serveix un CATETER DOBLE J?<\/strong><\/span><\/p>\n<p><span style=\"color: #000000;\"> El cat\u00e8ter doble J consta de dos extrems en forma de J, que es col\u00b7loquen en el rony\u00f3 i en la bufeta, i un segment en forma de tub que travessa l&#8217;ur\u00e8ter.<\/span><br \/>\n<span style=\"color: #000000;\">El cat\u00e8ter doble J s&#8217;usa en una varietat de situacions m\u00e8diques, com despr\u00e9s d&#8217;una cirurgia urol\u00f2gica per a mantenir la permeabilitat de l&#8217;ur\u00e8ter i permetre que l&#8217;orina flueixi lliurement, o per a tractar l&#8217;estenosi o estrenyiment de l&#8217;ur\u00e8ter. Tamb\u00e9 pot ser utilitzat en l&#8217;extracci\u00f3 de c\u00e0lculs renals, alleujant l&#8217;obstrucci\u00f3 temporalment i permetent que el c\u00e0lcul sigui eliminat per medis naturals o per altres procediments. \u2705<\/span><\/p>\n<\/div>\n<\/div><\/div>\n<\/div>\n<\/div>\n<\/div>\n<\/div>\n<\/div>\n<div id=\"cmsmasters_row_jrkh27n0wx\" class=\"cmsmasters_row cmsmasters_color_scheme_default flex-2 cmsmasters_row_top_default cmsmasters_row_bot_default cmsmasters_row_boxed\">\n<div class=\"cmsmasters_row_outer_parent\">\n<div class=\"cmsmasters_row_outer\">\n<div class=\"cmsmasters_row_inner\">\n<div class=\"cmsmasters_row_margin\">\n<div id=\"cmsmasters_column_o71rtmalmh\" class=\"cmsmasters_column one_half\">\n<div class=\"cmsmasters_column_inner\"><div class=\"cmsmasters_text\">\n<p style=\"color: #000000;\">\u270b L&#8217;objectiu de la <strong>rentada de mans quir\u00fargic<\/strong> \u00e9s eliminar al m\u00e0xim possible la flora bacteriana que resideix a les mans<\/p>\n<\/div>\n<\/div><\/div>\n<div id=\"cmsmasters_column_m0arputtav\" class=\"cmsmasters_column one_half\">\n<div class=\"cmsmasters_column_inner\"><div id=\"cmsmasters_video_wrap_\" class=\"cmsmasters_video_wrap\">\n<iframe title=\"LAVADO DE MANOS QUIR\u00daRGICO\" width=\"1160\" height=\"653\" src=\"https:\/\/www.youtube.com\/embed\/HZibWKy-yNM?feature=oembed&enablejsapi=1&origin=https:\/\/urosassociats.com\" frameborder=\"0\" allow=\"accelerometer; autoplay; clipboard-write; encrypted-media; gyroscope; picture-in-picture; web-share\" allowfullscreen><\/iframe>\n<\/div>\n<\/div><\/div>\n<\/div>\n<\/div>\n<\/div>\n<\/div>\n<\/div>\n<div id=\"cmsmasters_row_yv4in45s1\" class=\"cmsmasters_row cmsmasters_color_scheme_default flex-2 cmsmasters_row_top_default cmsmasters_row_bot_default cmsmasters_row_boxed\">\n<div class=\"cmsmasters_row_outer_parent\">\n<div class=\"cmsmasters_row_outer\">\n<div class=\"cmsmasters_row_inner\">\n<div class=\"cmsmasters_row_margin\">\n<div id=\"cmsmasters_column_a11l2wm2j8\" class=\"cmsmasters_column one_half\">\n<div class=\"cmsmasters_column_inner\"><div id=\"cmsmasters_video_wrap_\" class=\"cmsmasters_video_wrap\">\n<iframe title=\"\ud83e\ude7a\ud83e\udd7c CHEQUEO M\u00c9DICO UR\u00d3LOGICO\" width=\"1160\" height=\"653\" src=\"https:\/\/www.youtube.com\/embed\/KE7LYMyvU5c?feature=oembed&enablejsapi=1&origin=https:\/\/urosassociats.com\" frameborder=\"0\" allow=\"accelerometer; autoplay; clipboard-write; encrypted-media; gyroscope; picture-in-picture; web-share\" allowfullscreen><\/iframe>\n<\/div>\n<\/div><\/div>\n<div id=\"cmsmasters_column_wem8iaz2nh\" class=\"cmsmasters_column one_half\">\n<div class=\"cmsmasters_column_inner\"><div class=\"cmsmasters_text\">\n<p style=\"color: #000000; text-align: center;\"><strong>La import\u00e0ncia del Xec Urol\u00f2gic<\/strong><\/p>\n<p style=\"color: #000000;\">A partir dels 50 anys \u00e9s recomanable que els homes duguin a terme una revisi\u00f3 urol\u00f2gica per a veure com es troba la seva salut prost\u00e0tica.<\/p>\n<p style=\"color: #000000;\">Pot veure l&#8217;article escrit pel nostre Doctor Pellegrinelli <a href=\"https:\/\/www.teknon.es\/blog\/es\/salud-az\/prostata-importantes-revisiones-periodicas\"><strong>aqu\u00ed<\/strong><\/a><\/p>\n<\/div>\n<\/div><\/div>\n<\/div>\n<\/div>\n<\/div>\n<\/div>\n<\/div>\n<div id=\"cmsmasters_row_82y48ik9jk\" class=\"cmsmasters_row cmsmasters_color_scheme_default flex-2 cmsmasters_row_top_default cmsmasters_row_bot_default cmsmasters_row_boxed\">\n<div class=\"cmsmasters_row_outer_parent\">\n<div class=\"cmsmasters_row_outer\">\n<div class=\"cmsmasters_row_inner\">\n<div class=\"cmsmasters_row_margin\">\n<div id=\"cmsmasters_column_2ystjwtni5\" class=\"cmsmasters_column one_half\">\n<div class=\"cmsmasters_column_inner\"><div class=\"cmsmasters_text\">\n<p style=\"color: #000000; text-align: center;\" align=\"justify\"><strong>OPERACI\u00d3 DE PR\u00d2STATA PER ENUCLEACI\u00d3N AMB L\u00c0SER D&#8217;HOLMI (HoIEP)<\/strong><\/p>\n<p style=\"color: #000000;\" align=\"justify\">La <b>enucleaci\u00f3 prost\u00e0tica amb l\u00e0ser d&#8217;Holmi<\/b> (HoLEP en les seves sigles en angl\u00e8s) \u00e9s una t\u00e8cnica quir\u00fargica per al tractament de la <u>hiperpl\u00e0sia benigna de pr\u00f2stata<\/u> (HBP).<\/p>\n<p style=\"color: #000000;\" align=\"justify\">La pr\u00f2stata \u00e9s una gl\u00e0ndula que envolta la uretra (el conducte de la uretra) en l&#8217;aparell genital mascul\u00ed. La hiperpl\u00e0sia benigna de pr\u00f2stata \u00e9s una afecci\u00f3 bastant comuna en els homes.<\/p>\n<p style=\"color: #000000;\" align=\"justify\"><b>Quan es produeix un creixement de la pr\u00f2stata, es produeix en conseq\u00fc\u00e8ncia una obstrucci\u00f3 de la uretra<\/b>, que pot provocar alguns s\u00edmptomes.<\/p>\n<p style=\"color: #000000;\" align=\"justify\">D&#8217;aquesta manera, \u00e9s l&#8217;\u00fanic procediment capa\u00e7 de garantir que s&#8217;extirpa tot el teixit adenomatoso an\u00f2mal que provoca l&#8217;obstrucci\u00f3 de la uretra.<\/p>\n<\/div>\n<\/div><\/div>\n<div id=\"cmsmasters_column_0q89dfa8vi\" class=\"cmsmasters_column one_half\">\n<div class=\"cmsmasters_column_inner\"><div id=\"cmsmasters_video_wrap_\" class=\"cmsmasters_video_wrap\">\n<iframe title=\"\ud83d\udccd\ud835\uddd6\ud835\udddc\ud835\udde6\ud835\udde7\ud835\uddd8\ud835\uddd6\ud835\udde7\ud835\udde2\ud835\udde0\ud835\udddc\u0301\ud835\uddd4 \ud835\udde5\ud835\uddd4\ud835\uddd7\ud835\udddc\ud835\uddd6\ud835\uddd4\ud835\udddf \ud835\udde5\ud835\udde2\ud835\uddd5\ud835\udde2\u0301\ud835\udde7\ud835\udddc\ud835\uddd6\ud835\uddd4 da Vinci\" width=\"1160\" height=\"653\" src=\"https:\/\/www.youtube.com\/embed\/L3Fso-o__8Q?feature=oembed&enablejsapi=1&origin=https:\/\/urosassociats.com\" frameborder=\"0\" allow=\"accelerometer; autoplay; clipboard-write; encrypted-media; gyroscope; picture-in-picture; web-share\" allowfullscreen><\/iframe>\n<\/div>\n<\/div><\/div>\n<\/div>\n<\/div>\n<\/div>\n<\/div>\n<\/div>\n<div id=\"cmsmasters_row_gcg28fj5rh\" class=\"cmsmasters_row cmsmasters_color_scheme_default flex-2 cmsmasters_row_top_default cmsmasters_row_bot_default cmsmasters_row_boxed\">\n<div class=\"cmsmasters_row_outer_parent\">\n<div class=\"cmsmasters_row_outer\">\n<div class=\"cmsmasters_row_inner\">\n<div class=\"cmsmasters_row_margin\">\n<div id=\"cmsmasters_column_z5b2u35wpe\" class=\"cmsmasters_column one_half\">\n<div class=\"cmsmasters_column_inner\"><div id=\"cmsmasters_video_wrap_\" class=\"cmsmasters_video_wrap\">\n<iframe title=\"\ud83e\uded7URO FLUJOMETRO AUT\u00d3NOMO\" width=\"1160\" height=\"653\" src=\"https:\/\/www.youtube.com\/embed\/pd0mJHLGvlE?feature=oembed&enablejsapi=1&origin=https:\/\/urosassociats.com\" frameborder=\"0\" allow=\"accelerometer; autoplay; clipboard-write; encrypted-media; gyroscope; picture-in-picture; web-share\" allowfullscreen><\/iframe>\n<\/div>\n<\/div><\/div>\n<div id=\"cmsmasters_column_uar1vsr8ap\" class=\"cmsmasters_column one_half\">\n<div class=\"cmsmasters_column_inner\"><div class=\"cmsmasters_text\">\n<p style=\"color: #000000; text-align: center;\"><strong>Sap com funciona el nostre nou Uroflux\u00f2metre?<\/strong><\/p>\n<p style=\"color: #000000;\" align=\"justify\">Una fluxometria \u00e9s un examen que es realitza en la consulta de l&#8217;Ur\u00f2leg. Mesura el flux miccional, que \u00e9s la quantitat d&#8217;orina eliminada en una unitat de temps.<\/p>\n<p style=\"color: #000000;\" align=\"justify\">El flux d&#8217;orina varia al llarg de la micci\u00f3, donant lloc a unes corbes caracter\u00edstiques que ajuden al diagn\u00f2stic de problemes de la micci\u00f3.<\/p>\n<\/div>\n<\/div><\/div>\n<\/div>\n<\/div>\n<\/div>\n<\/div>\n<\/div>\n<div id=\"cmsmasters_row_dzgw6ptzk7\" class=\"cmsmasters_row cmsmasters_color_scheme_default flex-2 cmsmasters_row_top_default cmsmasters_row_bot_default cmsmasters_row_boxed\">\n<div class=\"cmsmasters_row_outer_parent\">\n<div class=\"cmsmasters_row_outer\">\n<div class=\"cmsmasters_row_inner\">\n<div class=\"cmsmasters_row_margin\">\n<div id=\"cmsmasters_column_g9zgxn1xx8\" class=\"cmsmasters_column one_half\">\n<div class=\"cmsmasters_column_inner\"><div class=\"cmsmasters_text\">\n<p style=\"color: #000000; text-align: center;\">\ud83c\udfe5\ud83d\udc69\ud83c\udffd\u200d\u2695\ufe0f La Dra Tarrag\u00f3n ens parla avui sobre: <strong>LA ENUCLEACI\u00d3 PROST\u00c0TICA AMB L\u00c0SER D&#8217;HOLMI (HoLEP en les seves sigles en angl\u00e8s) \u00e9s una t\u00e8cnica quir\u00fargica per al tractament de la Hiperpl\u00e0sia Benigna de Pr\u00f2stata (HBP).<\/strong><\/p>\n<\/div>\n<\/div><\/div>\n<div id=\"cmsmasters_column_izyf8tud5\" class=\"cmsmasters_column one_half\">\n<div class=\"cmsmasters_column_inner\"><div id=\"cmsmasters_video_wrap_\" class=\"cmsmasters_video_wrap\">\n<iframe title=\"\ud835\udc0b\ud835\udc1a \ud835\udc04\ud835\udc0d\ud835\udc14\ud835\udc02\ud835\udc0b\ud835\udc04\ud835\udc00\ud835\udc02\ud835\udc08\ud835\udc0e\u0301\ud835\udc0d \ud835\udc0f\ud835\udc11\ud835\udc0e\ud835\udc12\ud835\udc13\ud835\udc00\u0301\ud835\udc13\ud835\udc08\ud835\udc02\ud835\udc00 \ud835\udc02\ud835\udc0e\ud835\udc0d \ud835\udc0b\ud835\udc00\u0301\ud835\udc12\ud835\udc04\ud835\udc11 \ud835\udc03\ud835\udc04 \ud835\udc07\ud835\udc0e\ud835\udc0b\ud835\udc0c\ud835\udc08\ud835\udc0e - UROS ASSOCIATS SLP\" width=\"1160\" height=\"870\" src=\"https:\/\/www.youtube.com\/embed\/anqymvlODJA?feature=oembed&enablejsapi=1&origin=https:\/\/urosassociats.com\" frameborder=\"0\" allow=\"accelerometer; autoplay; clipboard-write; encrypted-media; gyroscope; picture-in-picture; web-share\" allowfullscreen><\/iframe>\n<\/div>\n<\/div><\/div>\n<\/div>\n<\/div>\n<\/div>\n<\/div>\n<\/div>\n\n","protected":false},"excerpt":{"rendered":"","protected":false},"author":3,"featured_media":0,"parent":0,"menu_order":0,"comment_status":"closed","ping_status":"closed","template":"","meta":{"footnotes":""},"class_list":["post-20298","page","type-page","status-publish","hentry"],"yoast_head":"<!-- This site is optimized with the Yoast SEO plugin v25.9 - https:\/\/yoast.com\/wordpress\/plugins\/seo\/ -->\n<title>Mini C\u00e0psules &#8211; Uros Associats<\/title>\n<meta name=\"robots\" content=\"noindex, follow, max-snippet:-1, max-image-preview:large, max-video-preview:-1\" \/>\n<meta property=\"og:locale\" content=\"ca_ES\" \/>\n<meta property=\"og:type\" content=\"article\" \/>\n<meta property=\"og:title\" content=\"Mini C\u00e0psules &#8211; Uros Associats\" \/>\n<meta property=\"og:url\" content=\"https:\/\/uros.explotacionweb.es\/ca\/mini-capsules\/\" \/>\n<meta property=\"og:site_name\" content=\"Uros Associats\" \/>\n<meta property=\"article:modified_time\" content=\"2023-10-09T08:19:04+00:00\" \/>\n<meta property=\"og:image\" content=\"https:\/\/uros.explotacionweb.es\/wp-content\/uploads\/2020\/05\/logo-principal.png\" \/>\n\t<meta property=\"og:image:width\" content=\"688\" \/>\n\t<meta property=\"og:image:height\" content=\"643\" \/>\n\t<meta property=\"og:image:type\" content=\"image\/png\" \/>\n<meta name=\"twitter:card\" content=\"summary_large_image\" \/>\n<meta name=\"twitter:site\" content=\"@uros_associats\" \/>\n<meta name=\"twitter:label1\" content=\"Temps estimat de lectura\" \/>\n\t<meta name=\"twitter:data1\" content=\"3 minuts\" \/>\n<script type=\"application\/ld+json\" class=\"yoast-schema-graph\">{\"@context\":\"https:\/\/schema.org\",\"@graph\":[{\"@type\":\"WebPage\",\"@id\":\"https:\/\/uros.explotacionweb.es\/ca\/mini-capsules\/\",\"url\":\"https:\/\/uros.explotacionweb.es\/ca\/mini-capsules\/\",\"name\":\"Mini C\u00e0psules &#8211; Uros Associats\",\"isPartOf\":{\"@id\":\"https:\/\/uros.explotacionweb.es\/#website\"},\"datePublished\":\"2023-10-09T06:50:08+00:00\",\"dateModified\":\"2023-10-09T08:19:04+00:00\",\"breadcrumb\":{\"@id\":\"https:\/\/uros.explotacionweb.es\/ca\/mini-capsules\/#breadcrumb\"},\"inLanguage\":\"ca\",\"potentialAction\":[{\"@type\":\"ReadAction\",\"target\":[\"https:\/\/uros.explotacionweb.es\/ca\/mini-capsules\/\"]}]},{\"@type\":\"BreadcrumbList\",\"@id\":\"https:\/\/uros.explotacionweb.es\/ca\/mini-capsules\/#breadcrumb\",\"itemListElement\":[{\"@type\":\"ListItem\",\"position\":1,\"name\":\"Inicio\",\"item\":\"https:\/\/uros.explotacionweb.es\/ca\/\"},{\"@type\":\"ListItem\",\"position\":2,\"name\":\"Mini C\u00e0psules\"}]},{\"@type\":\"WebSite\",\"@id\":\"https:\/\/uros.explotacionweb.es\/#website\",\"url\":\"https:\/\/uros.explotacionweb.es\/\",\"name\":\"Uros Associats\",\"description\":\"Ur\u00f3logos en Barcelona y Tarragona. Expertos en todo tipo de tratamientos y patolog\u00edas de Urolog\u00eda | Androlog\u00eda, Chequeos, Cirug\u00eda, Oncolog\u00eda, Litiasis y m\u00e1s.\",\"publisher\":{\"@id\":\"https:\/\/uros.explotacionweb.es\/#organization\"},\"potentialAction\":[{\"@type\":\"SearchAction\",\"target\":{\"@type\":\"EntryPoint\",\"urlTemplate\":\"https:\/\/uros.explotacionweb.es\/?s={search_term_string}\"},\"query-input\":{\"@type\":\"PropertyValueSpecification\",\"valueRequired\":true,\"valueName\":\"search_term_string\"}}],\"inLanguage\":\"ca\"},{\"@type\":\"Organization\",\"@id\":\"https:\/\/uros.explotacionweb.es\/#organization\",\"name\":\"Uros Associats\",\"url\":\"https:\/\/uros.explotacionweb.es\/\",\"logo\":{\"@type\":\"ImageObject\",\"inLanguage\":\"ca\",\"@id\":\"https:\/\/uros.explotacionweb.es\/#\/schema\/logo\/image\/\",\"url\":\"https:\/\/uros.explotacionweb.es\/wp-content\/uploads\/2020\/05\/logo-principal.png\",\"contentUrl\":\"https:\/\/uros.explotacionweb.es\/wp-content\/uploads\/2020\/05\/logo-principal.png\",\"width\":688,\"height\":643,\"caption\":\"Uros Associats\"},\"image\":{\"@id\":\"https:\/\/uros.explotacionweb.es\/#\/schema\/logo\/image\/\"},\"sameAs\":[\"https:\/\/x.com\/uros_associats\",\"https:\/\/www.instagram.com\/urosassociats_\",\"https:\/\/www.linkedin.com\/company\/uros-associats\"]}]}<\/script>\n<!-- \/ Yoast SEO plugin. -->","yoast_head_json":{"title":"Mini C\u00e0psules &#8211; Uros Associats","robots":{"index":"noindex","follow":"follow","max-snippet":"max-snippet:-1","max-image-preview":"max-image-preview:large","max-video-preview":"max-video-preview:-1"},"og_locale":"ca_ES","og_type":"article","og_title":"Mini C\u00e0psules &#8211; Uros Associats","og_url":"https:\/\/uros.explotacionweb.es\/ca\/mini-capsules\/","og_site_name":"Uros Associats","article_modified_time":"2023-10-09T08:19:04+00:00","og_image":[{"width":688,"height":643,"url":"https:\/\/uros.explotacionweb.es\/wp-content\/uploads\/2020\/05\/logo-principal.png","type":"image\/png"}],"twitter_card":"summary_large_image","twitter_site":"@uros_associats","twitter_misc":{"Temps estimat de lectura":"3 minuts"},"schema":{"@context":"https:\/\/schema.org","@graph":[{"@type":"WebPage","@id":"https:\/\/uros.explotacionweb.es\/ca\/mini-capsules\/","url":"https:\/\/uros.explotacionweb.es\/ca\/mini-capsules\/","name":"Mini C\u00e0psules &#8211; Uros Associats","isPartOf":{"@id":"https:\/\/uros.explotacionweb.es\/#website"},"datePublished":"2023-10-09T06:50:08+00:00","dateModified":"2023-10-09T08:19:04+00:00","breadcrumb":{"@id":"https:\/\/uros.explotacionweb.es\/ca\/mini-capsules\/#breadcrumb"},"inLanguage":"ca","potentialAction":[{"@type":"ReadAction","target":["https:\/\/uros.explotacionweb.es\/ca\/mini-capsules\/"]}]},{"@type":"BreadcrumbList","@id":"https:\/\/uros.explotacionweb.es\/ca\/mini-capsules\/#breadcrumb","itemListElement":[{"@type":"ListItem","position":1,"name":"Inicio","item":"https:\/\/uros.explotacionweb.es\/ca\/"},{"@type":"ListItem","position":2,"name":"Mini C\u00e0psules"}]},{"@type":"WebSite","@id":"https:\/\/uros.explotacionweb.es\/#website","url":"https:\/\/uros.explotacionweb.es\/","name":"Uros Associats","description":"Ur\u00f3logos en Barcelona y Tarragona. Expertos en todo tipo de tratamientos y patolog\u00edas de Urolog\u00eda | Androlog\u00eda, Chequeos, Cirug\u00eda, Oncolog\u00eda, Litiasis y m\u00e1s.","publisher":{"@id":"https:\/\/uros.explotacionweb.es\/#organization"},"potentialAction":[{"@type":"SearchAction","target":{"@type":"EntryPoint","urlTemplate":"https:\/\/uros.explotacionweb.es\/?s={search_term_string}"},"query-input":{"@type":"PropertyValueSpecification","valueRequired":true,"valueName":"search_term_string"}}],"inLanguage":"ca"},{"@type":"Organization","@id":"https:\/\/uros.explotacionweb.es\/#organization","name":"Uros Associats","url":"https:\/\/uros.explotacionweb.es\/","logo":{"@type":"ImageObject","inLanguage":"ca","@id":"https:\/\/uros.explotacionweb.es\/#\/schema\/logo\/image\/","url":"https:\/\/uros.explotacionweb.es\/wp-content\/uploads\/2020\/05\/logo-principal.png","contentUrl":"https:\/\/uros.explotacionweb.es\/wp-content\/uploads\/2020\/05\/logo-principal.png","width":688,"height":643,"caption":"Uros Associats"},"image":{"@id":"https:\/\/uros.explotacionweb.es\/#\/schema\/logo\/image\/"},"sameAs":["https:\/\/x.com\/uros_associats","https:\/\/www.instagram.com\/urosassociats_","https:\/\/www.linkedin.com\/company\/uros-associats"]}]}},"_links":{"self":[{"href":"https:\/\/uros.explotacionweb.es\/ca\/wp-json\/wp\/v2\/pages\/20298","targetHints":{"allow":["GET"]}}],"collection":[{"href":"https:\/\/uros.explotacionweb.es\/ca\/wp-json\/wp\/v2\/pages"}],"about":[{"href":"https:\/\/uros.explotacionweb.es\/ca\/wp-json\/wp\/v2\/types\/page"}],"author":[{"embeddable":true,"href":"https:\/\/uros.explotacionweb.es\/ca\/wp-json\/wp\/v2\/users\/3"}],"replies":[{"embeddable":true,"href":"https:\/\/uros.explotacionweb.es\/ca\/wp-json\/wp\/v2\/comments?post=20298"}],"version-history":[{"count":3,"href":"https:\/\/uros.explotacionweb.es\/ca\/wp-json\/wp\/v2\/pages\/20298\/revisions"}],"predecessor-version":[{"id":20310,"href":"https:\/\/uros.explotacionweb.es\/ca\/wp-json\/wp\/v2\/pages\/20298\/revisions\/20310"}],"wp:attachment":[{"href":"https:\/\/uros.explotacionweb.es\/ca\/wp-json\/wp\/v2\/media?parent=20298"}],"curies":[{"name":"wp","href":"https:\/\/api.w.org\/{rel}","templated":true}]}}