{"id":20469,"date":"2023-10-16T12:06:20","date_gmt":"2023-10-16T12:06:20","guid":{"rendered":"https:\/\/urosassociats.com\/videoteca\/"},"modified":"2025-05-26T08:25:06","modified_gmt":"2025-05-26T08:25:06","slug":"videoteca","status":"publish","type":"page","link":"https:\/\/uros.explotacionweb.es\/ca\/videoteca\/","title":{"rendered":"Videoteca"},"content":{"rendered":"<div id=\"cmsmasters_row_81ktv6x677\" class=\"cmsmasters_row cmsmasters_color_scheme_default cmsmasters_row_top_default cmsmasters_row_bot_default cmsmasters_row_boxed\">\n<div class=\"cmsmasters_row_outer_parent\">\n<div class=\"cmsmasters_row_outer\">\n<div class=\"cmsmasters_row_inner cmsmasters_row_no_margin\">\n<div class=\"cmsmasters_row_margin\">\n<div id=\"cmsmasters_column_jvn9lje4z8\" class=\"cmsmasters_column one_first\">\n<div class=\"cmsmasters_column_inner\"><div class=\"cmsmasters_toggles toggles_mode_toggle\">\n<div class=\"cmsmasters_toggle_wrap\" data-tags=\"all \">\n<div class=\"cmsmasters_toggle_title\">\n<span class=\"cmsmasters_toggle_plus\">\n<span class=\"cmsmasters_toggle_plus_hor\"><\/span>\n<span class=\"cmsmasters_toggle_plus_vert\"><\/span>\n<\/span>\n<a href=\"#\">Pr\u00f2stata benigna<\/a>\n<\/div>\n<div class=\"cmsmasters_toggle\">\n<div class=\"cmsmasters_toggle_inner\">\n<p><a href=\"https:\/\/youtu.be\/NCo0X9zA9V4\">Adenomectom\u00eda laparosc\u00f2pica transvesical Retzius-Sparing (la nostra t\u00e8cnica)<\/a><\/p>\n<p><a href=\"https:\/\/youtu.be\/anqymvlODJA\">Enucleaci\u00f3 prost\u00e0tica amb l\u00e0ser d&#8217;Holmi (HOLEP)<\/a><\/p>\n<\/div>\n<\/div>\n<\/div><div class=\"cmsmasters_toggle_wrap\" data-tags=\"all \">\n<div class=\"cmsmasters_toggle_title\">\n<span class=\"cmsmasters_toggle_plus\">\n<span class=\"cmsmasters_toggle_plus_hor\"><\/span>\n<span class=\"cmsmasters_toggle_plus_vert\"><\/span>\n<\/span>\n<a href=\"#\">C\u00e0ncer de pr\u00f2stata<\/a>\n<\/div>\n<div class=\"cmsmasters_toggle\">\n<div class=\"cmsmasters_toggle_inner\">\n<p><a href=\"https:\/\/youtu.be\/M56LcMJenMQ\">Prostatectom\u00eda\u00a0per\u00a0retroperitoneoscopia\u00a0amb\u00a0hidrodisecci\u00f3n<\/a><\/p>\n<p><a href=\"https:\/\/youtu.be\/dAMTaW04MBw\">Col\u00b7locaci\u00f3 de stent ureteral durant PR endosc\u00f2pica extraperitoneal<\/a><\/p>\n<p><a href=\"https:\/\/youtu.be\/M56LcMJenMQ\">Prostatectom\u00eda per retroperitoneoscopia amb hidrodisecci\u00f3n<\/a><\/p>\n<p><a href=\"https:\/\/youtu.be\/uw953lOxXws\">Passos i desafiaments de la prostatectom\u00eda radical assistida per robot extraperitoneal<\/a><\/p>\n<p><a href=\"https:\/\/youtu.be\/gCOfeuWlTs0\">Col\u00b7locaci\u00f3 de\u00a0stent\u00a0ureteral en\u00a0PRL\u00a0extraperitoneal amb guia hidrof\u00edlica<\/a><\/p>\n<p><a href=\"https:\/\/www.youtube.com\/playlist?list=PLAQTP5Bg6SNfqC39aiLRPoXU3BAxzainl\">Veure m\u00e9s a YouTube<\/a><\/p>\n<\/div>\n<\/div>\n<\/div><div class=\"cmsmasters_toggle_wrap\" data-tags=\"all \">\n<div class=\"cmsmasters_toggle_title\">\n<span class=\"cmsmasters_toggle_plus\">\n<span class=\"cmsmasters_toggle_plus_hor\"><\/span>\n<span class=\"cmsmasters_toggle_plus_vert\"><\/span>\n<\/span>\n<a href=\"#\">Ur\u00e8ter<\/a>\n<\/div>\n<div class=\"cmsmasters_toggle\">\n<div class=\"cmsmasters_toggle_inner\">\n<p><a href=\"https:\/\/youtu.be\/a2VNlQFnNxE\">Col\u00b7locaci\u00f3 stent ureteral en PRL extraperit. amb ureteral hidrof\u00edlic<\/a><\/p>\n<p><a href=\"https:\/\/youtu.be\/TjI7Jpks9HY\">Maneig laparosc\u00f2pic d&#8217;estenosi ureteral en neovejiga de Hautmann<\/a><\/p>\n<p><a href=\"https:\/\/youtu.be\/cykil_l7_no\">Lesi\u00f3 del\u00a0meato\u00a0ureteral durant una\u00a0prostatectom\u00eda\u00a0radical laparosc\u00f2pica<\/a><\/p>\n<p><a href=\"https:\/\/youtu.be\/B3GgAYPjbq8\">Nefrectomia parcial mini-lap retroperitoneosc\u00f3pica per a reflux vesicoureteral<\/a><\/p>\n<p><a href=\"https:\/\/youtu.be\/kHArh1kY4BA\">Reimplant ureteral laparosc\u00f2pic pas a pas<\/a><\/p>\n<p><a href=\"https:\/\/www.youtube.com\/playlist?list=PLAQTP5Bg6SNelyVvynAaOtMOfG57WXPgo\">Veure m\u00e9s a YouTube<\/a><\/p>\n<\/div>\n<\/div>\n<\/div><div class=\"cmsmasters_toggle_wrap\" data-tags=\"all \">\n<div class=\"cmsmasters_toggle_title\">\n<span class=\"cmsmasters_toggle_plus\">\n<span class=\"cmsmasters_toggle_plus_hor\"><\/span>\n<span class=\"cmsmasters_toggle_plus_vert\"><\/span>\n<\/span>\n<a href=\"#\">Rony\u00f3<\/a>\n<\/div>\n<div class=\"cmsmasters_toggle\">\n<div class=\"cmsmasters_toggle_inner\">\n<p><a href=\"https:\/\/youtu.be\/ILepYY3Cij4\">Nefrectomia retroperitoneosc\u00f3pica preservadora del nefr\u00f3 amb clamp i off clamp selectiu<\/a><\/p>\n<p><a href=\"https:\/\/youtu.be\/nurMP7NXY74\">Nefrectomia parcial simult\u00e0nia en tumor doble ipsilateral<\/a><\/p>\n<p><a href=\"https:\/\/youtu.be\/MFiOZJdFwdw\">Nefrectomia parcial laparosc\u00f2pica\u00a0off\u00a0clamp\u00a0en un rony\u00f3 en ferradura<\/a><\/p>\n<p><a href=\"https:\/\/youtu.be\/FH947ftb3XY\">Nefrectomia parcial per retroperitoneoscopia sense clampaje filar <\/a><\/p>\n<p><a href=\"https:\/\/youtu.be\/2QFJTJXeglc\">Enfocament retroperitoneal per a microdissecci\u00f3 arterial en nefrectomia parcial sense isqu\u00e8mia V1<\/a><\/p>\n<p><a href=\"https:\/\/www.youtube.com\/playlist?list=PLAQTP5Bg6SNdrOxGxcxGZiUKrPZpcBDyk\">Veure m\u00e9s a YouTube<\/a><\/p>\n<\/div>\n<\/div>\n<\/div><div class=\"cmsmasters_toggle_wrap\" data-tags=\"all \">\n<div class=\"cmsmasters_toggle_title\">\n<span class=\"cmsmasters_toggle_plus\">\n<span class=\"cmsmasters_toggle_plus_hor\"><\/span>\n<span class=\"cmsmasters_toggle_plus_vert\"><\/span>\n<\/span>\n<a href=\"#\">Gl\u00e0ndules suprarenals<\/a>\n<\/div>\n<div class=\"cmsmasters_toggle\">\n<div class=\"cmsmasters_toggle_inner\">\n<p><a href=\"https:\/\/youtu.be\/VGyJ7mm6qY8\">Tractament laparosc\u00f2pic d&#8217;un feocromocitoma at\u00edpic recurrent<\/a><\/p>\n<p><a href=\"https:\/\/youtu.be\/bvuItRWC8Q8\">Resecci\u00f3 de feocromocitoma amb verificaci\u00f3\u00a0intraop. mitjan\u00e7ant sonda gamma manual<\/a><\/p>\n<p><a href=\"https:\/\/youtu.be\/IAiD-Nc0UfA\">Recurr\u00e8ncia local de feocromocitoma at\u00edpic: tractament quir\u00fargic laparosc\u00f2pic<\/a><\/p>\n<p><a href=\"https:\/\/youtu.be\/2xT5mJ7qTxc\">Tumorectomia renal m\u00faltiple i adrenalectomia bilateral (Von\u00a0Hippel-*Lindau)<\/a><\/p>\n<\/div>\n<\/div>\n<\/div><div class=\"cmsmasters_toggle_wrap\" data-tags=\"all \">\n<div class=\"cmsmasters_toggle_title\">\n<span class=\"cmsmasters_toggle_plus\">\n<span class=\"cmsmasters_toggle_plus_hor\"><\/span>\n<span class=\"cmsmasters_toggle_plus_vert\"><\/span>\n<\/span>\n<a href=\"#\"> Retroperitoneu<\/a>\n<\/div>\n<div class=\"cmsmasters_toggle\">\n<div class=\"cmsmasters_toggle_inner\">\n<p><a href=\"https:\/\/youtu.be\/j9cttzjdD8o\">Limfadenectomia\u00a0para\u00f3rtica\u00a0per adenocarcinoma de c\u00f2lon<\/a><\/p>\n<p><a href=\"https:\/\/youtu.be\/kg7gtU3veLc\">Enfocament retroperitoneal com a t\u00e8cnica per a m\u00faltiples cirurgies abdominals majors<\/a><\/p>\n<p><a href=\"https:\/\/youtu.be\/2j8Ah2z376Y\">Limfadenectomia pelviana estesa laparosc\u00f2pica<\/a><\/p>\n<p><a href=\"https:\/\/youtu.be\/-HgKM4cw8xo\">Fals aneurisma en la vena cava inferior (VCI)<\/a><\/p>\n<p>&nbsp;<\/p>\n<p><a href=\"https:\/\/www.youtube.com\/playlist?list=PLAQTP5Bg6SNeXOVjvweKqiiHWNFLTFAiu\">Veure m\u00e9s a YouTube<\/a><\/p>\n<\/div>\n<\/div>\n<\/div><div class=\"cmsmasters_toggle_wrap\" data-tags=\"all \">\n<div class=\"cmsmasters_toggle_title\">\n<span class=\"cmsmasters_toggle_plus\">\n<span class=\"cmsmasters_toggle_plus_hor\"><\/span>\n<span class=\"cmsmasters_toggle_plus_vert\"><\/span>\n<\/span>\n<a href=\"#\">Bufeta<\/a>\n<\/div>\n<div class=\"cmsmasters_toggle\">\n<div class=\"cmsmasters_toggle_inner\">\n<p><a href=\"https:\/\/youtu.be\/OKvPWjWfIxs\">Colposuspensi\u00f3n de Burch laparosc\u00f2pica extraperitoneal<\/a><\/p>\n<p><a href=\"https:\/\/youtu.be\/ZS4oLyUpIgw\">Tumor inflamatori\u00a0miofibrobl\u00e1stico\u00a0de bufeta<\/a><\/p>\n<\/div>\n<\/div>\n<\/div><div class=\"cmsmasters_toggle_wrap\" data-tags=\"all \">\n<div class=\"cmsmasters_toggle_title\">\n<span class=\"cmsmasters_toggle_plus\">\n<span class=\"cmsmasters_toggle_plus_hor\"><\/span>\n<span class=\"cmsmasters_toggle_plus_vert\"><\/span>\n<\/span>\n<a href=\"#\">Testicles<\/a>\n<\/div>\n<div class=\"cmsmasters_toggle\">\n<div class=\"cmsmasters_toggle_inner\">\n<p><a href=\"https:\/\/youtu.be\/-BXK7a3FlXA\">Fals aneurisma de la VCI secundari a carcinoma testicular metast\u00e1sico<\/a><\/p>\n<p><a href=\"https:\/\/youtu.be\/rlkeR_skUnI\">Maneig de met\u00e0stasis retroperitoneals i viscerals del tumor testicular seminomat\u00f3s<\/a><\/p>\n<\/div>\n<\/div>\n<\/div><div class=\"cmsmasters_toggle_wrap\" data-tags=\"all \">\n<div class=\"cmsmasters_toggle_title\">\n<span class=\"cmsmasters_toggle_plus\">\n<span class=\"cmsmasters_toggle_plus_hor\"><\/span>\n<span class=\"cmsmasters_toggle_plus_vert\"><\/span>\n<\/span>\n<a href=\"#\">General<\/a>\n<\/div>\n<div class=\"cmsmasters_toggle\">\n<div class=\"cmsmasters_toggle_inner\">\n<p><a href=\"https:\/\/youtu.be\/xcNiFv-WGEo\">Ex\u00e8resi de schwannoma per retroperitoneoscopia<\/a><\/p>\n<\/div>\n<\/div>\n<\/div><\/div>\n<\/div><\/div>\n<\/div>\n<\/div>\n<\/div>\n<\/div>\n<\/div>\n\n","protected":false},"excerpt":{"rendered":"","protected":false},"author":3,"featured_media":0,"parent":0,"menu_order":0,"comment_status":"closed","ping_status":"closed","template":"","meta":{"footnotes":""},"class_list":["post-20469","page","type-page","status-publish","hentry"],"yoast_head":"<!-- This site is optimized with the Yoast SEO plugin v25.9 - https:\/\/yoast.com\/wordpress\/plugins\/seo\/ -->\n<title>Videoteca &#8211; Uros Associats<\/title>\n<meta name=\"robots\" content=\"noindex, follow, max-snippet:-1, max-image-preview:large, max-video-preview:-1\" \/>\n<meta property=\"og:locale\" content=\"ca_ES\" \/>\n<meta property=\"og:type\" content=\"article\" \/>\n<meta property=\"og:title\" content=\"Videoteca &#8211; Uros Associats\" \/>\n<meta property=\"og:url\" content=\"https:\/\/uros.explotacionweb.es\/ca\/videoteca\/\" \/>\n<meta property=\"og:site_name\" content=\"Uros Associats\" \/>\n<meta property=\"article:modified_time\" content=\"2025-05-26T08:25:06+00:00\" \/>\n<meta property=\"og:image\" content=\"https:\/\/uros.explotacionweb.es\/wp-content\/uploads\/2020\/05\/logo-principal.png\" \/>\n\t<meta property=\"og:image:width\" content=\"688\" \/>\n\t<meta property=\"og:image:height\" content=\"643\" \/>\n\t<meta property=\"og:image:type\" content=\"image\/png\" \/>\n<meta name=\"twitter:card\" content=\"summary_large_image\" \/>\n<meta name=\"twitter:site\" content=\"@uros_associats\" \/>\n<meta name=\"twitter:label1\" content=\"Temps estimat de lectura\" \/>\n\t<meta name=\"twitter:data1\" content=\"3 minuts\" \/>\n<script type=\"application\/ld+json\" class=\"yoast-schema-graph\">{\"@context\":\"https:\/\/schema.org\",\"@graph\":[{\"@type\":\"WebPage\",\"@id\":\"https:\/\/uros.explotacionweb.es\/ca\/videoteca\/\",\"url\":\"https:\/\/uros.explotacionweb.es\/ca\/videoteca\/\",\"name\":\"Videoteca &#8211; Uros Associats\",\"isPartOf\":{\"@id\":\"https:\/\/uros.explotacionweb.es\/#website\"},\"datePublished\":\"2023-10-16T12:06:20+00:00\",\"dateModified\":\"2025-05-26T08:25:06+00:00\",\"breadcrumb\":{\"@id\":\"https:\/\/uros.explotacionweb.es\/ca\/videoteca\/#breadcrumb\"},\"inLanguage\":\"ca\",\"potentialAction\":[{\"@type\":\"ReadAction\",\"target\":[\"https:\/\/uros.explotacionweb.es\/ca\/videoteca\/\"]}]},{\"@type\":\"BreadcrumbList\",\"@id\":\"https:\/\/uros.explotacionweb.es\/ca\/videoteca\/#breadcrumb\",\"itemListElement\":[{\"@type\":\"ListItem\",\"position\":1,\"name\":\"Inicio\",\"item\":\"https:\/\/uros.explotacionweb.es\/ca\/\"},{\"@type\":\"ListItem\",\"position\":2,\"name\":\"Videoteca\"}]},{\"@type\":\"WebSite\",\"@id\":\"https:\/\/uros.explotacionweb.es\/#website\",\"url\":\"https:\/\/uros.explotacionweb.es\/\",\"name\":\"Uros Associats\",\"description\":\"Ur\u00f3logos en Barcelona y Tarragona. Expertos en todo tipo de tratamientos y patolog\u00edas de Urolog\u00eda | Androlog\u00eda, Chequeos, Cirug\u00eda, Oncolog\u00eda, Litiasis y m\u00e1s.\",\"publisher\":{\"@id\":\"https:\/\/uros.explotacionweb.es\/#organization\"},\"potentialAction\":[{\"@type\":\"SearchAction\",\"target\":{\"@type\":\"EntryPoint\",\"urlTemplate\":\"https:\/\/uros.explotacionweb.es\/?s={search_term_string}\"},\"query-input\":{\"@type\":\"PropertyValueSpecification\",\"valueRequired\":true,\"valueName\":\"search_term_string\"}}],\"inLanguage\":\"ca\"},{\"@type\":\"Organization\",\"@id\":\"https:\/\/uros.explotacionweb.es\/#organization\",\"name\":\"Uros Associats\",\"url\":\"https:\/\/uros.explotacionweb.es\/\",\"logo\":{\"@type\":\"ImageObject\",\"inLanguage\":\"ca\",\"@id\":\"https:\/\/uros.explotacionweb.es\/#\/schema\/logo\/image\/\",\"url\":\"https:\/\/uros.explotacionweb.es\/wp-content\/uploads\/2020\/05\/logo-principal.png\",\"contentUrl\":\"https:\/\/uros.explotacionweb.es\/wp-content\/uploads\/2020\/05\/logo-principal.png\",\"width\":688,\"height\":643,\"caption\":\"Uros Associats\"},\"image\":{\"@id\":\"https:\/\/uros.explotacionweb.es\/#\/schema\/logo\/image\/\"},\"sameAs\":[\"https:\/\/x.com\/uros_associats\",\"https:\/\/www.instagram.com\/urosassociats_\",\"https:\/\/www.linkedin.com\/company\/uros-associats\"]}]}<\/script>\n<!-- \/ Yoast SEO plugin. -->","yoast_head_json":{"title":"Videoteca &#8211; Uros Associats","robots":{"index":"noindex","follow":"follow","max-snippet":"max-snippet:-1","max-image-preview":"max-image-preview:large","max-video-preview":"max-video-preview:-1"},"og_locale":"ca_ES","og_type":"article","og_title":"Videoteca &#8211; Uros Associats","og_url":"https:\/\/uros.explotacionweb.es\/ca\/videoteca\/","og_site_name":"Uros Associats","article_modified_time":"2025-05-26T08:25:06+00:00","og_image":[{"width":688,"height":643,"url":"https:\/\/uros.explotacionweb.es\/wp-content\/uploads\/2020\/05\/logo-principal.png","type":"image\/png"}],"twitter_card":"summary_large_image","twitter_site":"@uros_associats","twitter_misc":{"Temps estimat de lectura":"3 minuts"},"schema":{"@context":"https:\/\/schema.org","@graph":[{"@type":"WebPage","@id":"https:\/\/uros.explotacionweb.es\/ca\/videoteca\/","url":"https:\/\/uros.explotacionweb.es\/ca\/videoteca\/","name":"Videoteca &#8211; Uros Associats","isPartOf":{"@id":"https:\/\/uros.explotacionweb.es\/#website"},"datePublished":"2023-10-16T12:06:20+00:00","dateModified":"2025-05-26T08:25:06+00:00","breadcrumb":{"@id":"https:\/\/uros.explotacionweb.es\/ca\/videoteca\/#breadcrumb"},"inLanguage":"ca","potentialAction":[{"@type":"ReadAction","target":["https:\/\/uros.explotacionweb.es\/ca\/videoteca\/"]}]},{"@type":"BreadcrumbList","@id":"https:\/\/uros.explotacionweb.es\/ca\/videoteca\/#breadcrumb","itemListElement":[{"@type":"ListItem","position":1,"name":"Inicio","item":"https:\/\/uros.explotacionweb.es\/ca\/"},{"@type":"ListItem","position":2,"name":"Videoteca"}]},{"@type":"WebSite","@id":"https:\/\/uros.explotacionweb.es\/#website","url":"https:\/\/uros.explotacionweb.es\/","name":"Uros Associats","description":"Ur\u00f3logos en Barcelona y Tarragona. Expertos en todo tipo de tratamientos y patolog\u00edas de Urolog\u00eda | Androlog\u00eda, Chequeos, Cirug\u00eda, Oncolog\u00eda, Litiasis y m\u00e1s.","publisher":{"@id":"https:\/\/uros.explotacionweb.es\/#organization"},"potentialAction":[{"@type":"SearchAction","target":{"@type":"EntryPoint","urlTemplate":"https:\/\/uros.explotacionweb.es\/?s={search_term_string}"},"query-input":{"@type":"PropertyValueSpecification","valueRequired":true,"valueName":"search_term_string"}}],"inLanguage":"ca"},{"@type":"Organization","@id":"https:\/\/uros.explotacionweb.es\/#organization","name":"Uros Associats","url":"https:\/\/uros.explotacionweb.es\/","logo":{"@type":"ImageObject","inLanguage":"ca","@id":"https:\/\/uros.explotacionweb.es\/#\/schema\/logo\/image\/","url":"https:\/\/uros.explotacionweb.es\/wp-content\/uploads\/2020\/05\/logo-principal.png","contentUrl":"https:\/\/uros.explotacionweb.es\/wp-content\/uploads\/2020\/05\/logo-principal.png","width":688,"height":643,"caption":"Uros Associats"},"image":{"@id":"https:\/\/uros.explotacionweb.es\/#\/schema\/logo\/image\/"},"sameAs":["https:\/\/x.com\/uros_associats","https:\/\/www.instagram.com\/urosassociats_","https:\/\/www.linkedin.com\/company\/uros-associats"]}]}},"_links":{"self":[{"href":"https:\/\/uros.explotacionweb.es\/ca\/wp-json\/wp\/v2\/pages\/20469","targetHints":{"allow":["GET"]}}],"collection":[{"href":"https:\/\/uros.explotacionweb.es\/ca\/wp-json\/wp\/v2\/pages"}],"about":[{"href":"https:\/\/uros.explotacionweb.es\/ca\/wp-json\/wp\/v2\/types\/page"}],"author":[{"embeddable":true,"href":"https:\/\/uros.explotacionweb.es\/ca\/wp-json\/wp\/v2\/users\/3"}],"replies":[{"embeddable":true,"href":"https:\/\/uros.explotacionweb.es\/ca\/wp-json\/wp\/v2\/comments?post=20469"}],"version-history":[{"count":15,"href":"https:\/\/uros.explotacionweb.es\/ca\/wp-json\/wp\/v2\/pages\/20469\/revisions"}],"predecessor-version":[{"id":33666,"href":"https:\/\/uros.explotacionweb.es\/ca\/wp-json\/wp\/v2\/pages\/20469\/revisions\/33666"}],"wp:attachment":[{"href":"https:\/\/uros.explotacionweb.es\/ca\/wp-json\/wp\/v2\/media?parent=20469"}],"curies":[{"name":"wp","href":"https:\/\/api.w.org\/{rel}","templated":true}]}}