{"id":21337,"date":"2023-11-29T15:42:52","date_gmt":"2023-11-29T15:42:52","guid":{"rendered":"https:\/\/urosassociats.com\/politica-de-redes\/"},"modified":"2023-12-01T11:25:25","modified_gmt":"2023-12-01T11:25:25","slug":"politica-de-xarxes","status":"publish","type":"page","link":"https:\/\/uros.explotacionweb.es\/ca\/politica-de-xarxes\/","title":{"rendered":"Pol\u00edtica de xarxes"},"content":{"rendered":"<div id=\"cmsmasters_row_8lfyz259l\" class=\"cmsmasters_row cmsmasters_color_scheme_default cmsmasters_row_top_default cmsmasters_row_bot_default cmsmasters_row_boxed\">\n<div class=\"cmsmasters_row_outer_parent\">\n<div class=\"cmsmasters_row_outer\">\n<div class=\"cmsmasters_row_inner\">\n<div class=\"cmsmasters_row_margin\">\n\n<div id=\"cmsmasters_column_2810kfkyvb\" class=\"cmsmasters_column one_first\">\n<div class=\"cmsmasters_column_inner\"><div class=\"cmsmasters_text\">\n<p>De conformitat amb all\u00f2 establert a la normativa vigent i aplicable de protecci\u00f3 de dades de car\u00e0cter personal i la Llei 34\/2002, d&#8217;11 de juliol, de Serveis de la Societat de la Informaci\u00f3 i de Comer\u00e7 Electr\u00f2nic (LSSI-CE), CSF UROS ASSOCIATS SLP I TK UROS ASSOCIATS SLP informa els usuaris, que ha creat un perfil a les Xarxes Socials, Instagram, Twitter, LinkedIn i YouTube, amb la finalitat principal de publicitar els seus productes i serveis.<\/p>\n<p>Dades de CSF UROS ASSOCIATS SLP I TK UROS ASSOCIATS SLP:<\/p>\n<ul>\n<li>NIF: B65211955 i B66490863<\/li>\n<li>DIRECCI\u00d3: TORRES I PUJALT 11-29, 2.9 08022<\/li>\n<li>CORREU ELECTR\u00d2NIC: <a href=\"mailto:info@urosassociats.com\">info@urosassociats.com<\/a><\/li>\n<li>DOMINI WEB: urosassociats.com<\/li>\n<\/ul>\n<p>L&#8217;usuari disposa d&#8217;un perfil a la mateixa Xarxa Social i ha decidit unir-se a la p\u00e0gina creada per CSF UROS ASSOCIATS SLP I TK UROS ASSOCIATS SLP, mostrant aix\u00ed inter\u00e8s en la informaci\u00f3 que es publiciti a la Xarxa. En unir-se a la nostra p\u00e0gina, ens facilita el seu consentiment per al tractament d&#8217;aquelles dades personals publicades al seu perfil.<\/p>\n<p>L&#8217;usuari pot accedir en tot moment a les pol\u00edtiques de privadesa de la pr\u00f2pia Xarxa Social, aix\u00ed com configurar el seu perfil per garantir la seva privadesa.<\/p>\n<p>CSF UROS ASSOCIATS SLP I TK UROS ASSOCIATS SLP t\u00e9 acc\u00e9s i tracta aquella informaci\u00f3 p\u00fablica de l&#8217;usuari, especialment el seu nom de contacte. Aquestes dades nom\u00e9s s\u00f3n utilitzades dins de la pr\u00f2pia Xarxa Social. No s\u00f3n incorporats a cap sistema de tractament.<\/p>\n<\/div>\n\n<div class=\"cmsmasters_text\">\n<p><strong>Drets dels interessats<\/strong><\/p>\n<p>En relaci\u00f3 amb els drets d&#8217;acc\u00e9s, rectificaci\u00f3, limitaci\u00f3 de tractament, supressi\u00f3, portabilitat i oposici\u00f3 al tractament de les vostres dades de car\u00e0cter personal, de qu\u00e8 disposeu i que poden ser exercitats davant CSF UROS ASSOCIATS SLP I TK UROS ASSOCIATS SLP, de acord amb el RGPD, ha de tenir en compte els matisos seg\u00fcents:<\/p>\n<ul>\n<li><span style=\"text-decoration: underline;\"><strong>Dret d&#8217;acc\u00e9s:<\/strong><\/span> \u00c9s el dret de l&#8217;usuari a obtenir informaci\u00f3 sobre les vostres dades concretes de car\u00e0cter personal i del tractament que s&#8217;hagi realitzat o realitzi, aix\u00ed com de la informaci\u00f3 disponible sobre l&#8217;origen d&#8217;aquestes dades i les comunicacions realitzades.<\/li>\n<li><span style=\"text-decoration: underline;\"><strong>Dret de Rectificaci\u00f3:<\/strong><\/span> \u00c9s el dret de l&#8217;afectat que es modifiquin les dades que resultin ser inexactes o incompletes. Nom\u00e9s es podr\u00e0 satisfer en relaci\u00f3 amb aquella informaci\u00f3 que estigui sota el control de CSF UROS ASSOCIATS SLP I TK UROS ASSOCIATS SLP, per exemple, eliminar comentaris publicats a la pr\u00f2pia p\u00e0gina, imatges o continguts web on constin dades de car\u00e0cter personal de l&#8217;usuari.<\/li>\n<li><span style=\"text-decoration: underline;\"><strong>Dret a la Limitaci\u00f3 de tractament:<\/strong><\/span> \u00c9s el dret que es limitin les finalitats del tractament previstes de forma original.<\/li>\n<li><span style=\"text-decoration: underline;\"><strong>Dret de Supressi\u00f3:<\/strong><\/span> \u00c9s el dret a suprimir les dades de car\u00e0cter personal de l&#8217;usuari, a excepci\u00f3 del que preveu el mateix RGPD o altres normatives aplicables que determinin l&#8217;obligatorietat de la seva conservaci\u00f3.<\/li>\n<li><span style=\"text-decoration: underline;\"><strong>Dret de portabilitat:<\/strong><\/span> El dret a rebre les dades personals que l&#8217;usuari hagi facilitat, en un format estructurat, d&#8217;\u00fas com\u00fa i de lectura mec\u00e0nica, ia transmetre&#8217;ls a un altre.<\/li>\n<li><span style=\"text-decoration: underline;\"><strong>Dret d&#8217;Oposici\u00f3:<\/strong><\/span> \u00c9s el dret de l&#8217;usuari a qu\u00e8 no es dugui a terme el tractament de les vostres dades de car\u00e0cter personal o se&#8217;n cessi el tractament per part de CSF UROS ASSOCIATS SLP I TK UROS ASSOCIATS SLP.<\/li>\n<\/ul>\n<p>CSF UROS ASSOCIATS SLP I TK UROS ASSOCIATS SLP realitzar\u00e0 les actuacions seg\u00fcents:<\/p>\n<ul>\n<li>Publicaci\u00f3 al perfil de l&#8217;usuari de tota aquella informaci\u00f3 ja publicada a la p\u00e0gina de CSF UROS ASSOCIATS<br \/>\nSLP I TK UROS ASSOCIATS SLP.<\/li>\n<li>Enviar missatges personals i individuals a trav\u00e9s dels canals de la Xarxa<\/li>\n<li>Actualitzacions de l&#8217;estat de la p\u00e0gina<\/li>\n<\/ul>\n<p>L&#8217;usuari sempre pot controlar les seves connexions, eliminar els continguts que deixin d&#8217;interessar-li i restringir amb qui comparteix les seves connexions, per a aix\u00f2 haur\u00e0 d&#8217;accedir a la seva configuraci\u00f3 de privacitat.<\/p>\n<p><strong>Publicacions<\/strong><\/p>\n<p>L&#8217;usuari, un cop unit a la p\u00e0gina de CSF UROS ASSOCIATS SLP I TK UROS ASSOCIATS SLP, podr\u00e0 publicar-hi comentaris, enlla\u00e7os, imatges o fotografies o qualsevol altre tipus de contingut multim\u00e8dia suportat per la Xarxa Social. L&#8217;usuari, en tots els casos, n&#8217;ha de ser el titular, gaudir dels drets d&#8217;autor i de propietat intel\u00b7lectual o comptar amb el consentiment dels tercers afectats. Es prohibeix expressament qualsevol publicaci\u00f3 a la p\u00e0gina, ja siguin textos, gr\u00e0fics, fotografies, v\u00eddeos, etc. que atemptin o siguin susceptibles d&#8217;atemptar contra la moral, l&#8217;\u00e8tica, el bon gust o el dec\u00f2rum, i\/o que infringeixin, violin o trenquin els drets de propietat intel\u00b7lectual o industrial, el dret a la imatge o la Llei. En aquests casos , CSF UROS ASSOCIATS SLP I TK UROS ASSOCIATS SLP es reserva el dret a retirar immediatament el contingut, podent sol\u00b7licitar el bloqueig permanent de l&#8217;usuari.<\/p>\n<p>CSF UROS ASSOCIATS SLP I TK UROS ASSOCIATS SLP no es fa responsable dels continguts que lliurement ha publicat un usuari.<\/p>\n<p>L&#8217;usuari ha de tenir present que les seves publicacions seran conegudes pels altres usuaris, per la qual cosa ell mateix \u00e9s el principal responsable de la seva privadesa.<\/p>\n<p>Les imatges que puguin publicar-se a la p\u00e0gina no seran emmagatzemades en cap sistema de tractament per part de CSF UROS ASSOCIATS SLP I TK UROS ASSOCIATS SLP, per\u00f2 s\u00ed que romandran a la Xarxa Social.<\/p>\n<p><strong>Publicitat<\/strong><\/p>\n<p align=\"justify\">CSF UROS ASSOCIATS SLP I TK UROS ASSOCIATS SLP utilitzar\u00e0 la Xarxa Social per publicitar els seus productes i serveis, en tot cas, si decideix tractar les dades de contacte per realitzar accions directes de prospecci\u00f3 comercial, ser\u00e0 sempre, complint amb les exig\u00e8ncies legals del RGPD i de la LSSI-CE.<\/p>\n<p align=\"justify\">No es considerar\u00e0 publicitat el fet de recomanar a altres usuaris la p\u00e0gina de CSF UROS ASSOCIATS SLP I TK UROS ASSOCIATS SLP perqu\u00e8 tamb\u00e9 puguin gaudir de les promocions o estar informats de la seva activitat.<\/p>\n<p align=\"justify\">A continuaci\u00f3, detallem l&#8217;enlla\u00e7 a la pol\u00edtica de privadesa de la Xarxa Social:<\/p>\n<ul>\n<li>Twitter: <a href=\"https:\/\/twitter.com\/settings\/privacy_and_safety\">https:\/\/twitter.com\/settings\/privacy_and_safety&#8221;<\/a><\/li>\n<li>Instagram: <a href=\"http:\/\/instagram.com\/about\/legal\/privacy\/\">http:\/\/instagram.com\/about\/legal\/privacy\/<\/a><\/li>\n<li>YouTube: <a href=\"https:\/\/www.youtube.com\/intl\/es\/about\/policies\/#community-guidelines\">https:\/\/www.youtube.com\/intl\/es\/about\/policies\/#community-guidelines<\/a><\/li>\n<li>LinkedIn: <a href=\"https:\/\/es.linkedin.com\/legal\/privacy-policy\">https:\/\/es.linkedin.com\/legal\/privacy-policy<\/a><\/li>\n<\/ul>\n<\/div>\n\n<div class=\"cmsmasters_text\">\n<p><span style=\"text-decoration: underline;\"><strong>\u00daLTIMA ACTUALITZACI\u00d3:<\/strong><\/span> 29\/11\/2023<\/p>\n<\/div>\n<\/div><\/div>\n\n<\/div>\n<\/div>\n<\/div>\n<\/div>\n<\/div>\n\n","protected":false},"excerpt":{"rendered":"","protected":false},"author":3,"featured_media":0,"parent":0,"menu_order":0,"comment_status":"closed","ping_status":"closed","template":"","meta":{"footnotes":""},"class_list":["post-21337","page","type-page","status-publish","hentry"],"yoast_head":"<!-- This site is optimized with the Yoast SEO plugin v25.9 - https:\/\/yoast.com\/wordpress\/plugins\/seo\/ -->\n<title>Pol\u00edtica de xarxes &#8211; Uros Associats<\/title>\n<meta name=\"robots\" content=\"noindex, follow, max-snippet:-1, max-image-preview:large, max-video-preview:-1\" \/>\n<meta property=\"og:locale\" content=\"ca_ES\" \/>\n<meta property=\"og:type\" content=\"article\" \/>\n<meta property=\"og:title\" content=\"Pol\u00edtica de xarxes &#8211; Uros Associats\" \/>\n<meta property=\"og:url\" content=\"https:\/\/uros.explotacionweb.es\/ca\/politica-de-xarxes\/\" \/>\n<meta property=\"og:site_name\" content=\"Uros Associats\" \/>\n<meta property=\"article:modified_time\" content=\"2023-12-01T11:25:25+00:00\" \/>\n<meta property=\"og:image\" content=\"https:\/\/uros.explotacionweb.es\/wp-content\/uploads\/2020\/05\/logo-principal.png\" \/>\n\t<meta property=\"og:image:width\" content=\"688\" \/>\n\t<meta property=\"og:image:height\" content=\"643\" \/>\n\t<meta property=\"og:image:type\" content=\"image\/png\" \/>\n<meta name=\"twitter:card\" content=\"summary_large_image\" \/>\n<meta name=\"twitter:site\" content=\"@uros_associats\" \/>\n<meta name=\"twitter:label1\" content=\"Temps estimat de lectura\" \/>\n\t<meta name=\"twitter:data1\" content=\"5 minuts\" \/>\n<script type=\"application\/ld+json\" class=\"yoast-schema-graph\">{\"@context\":\"https:\/\/schema.org\",\"@graph\":[{\"@type\":\"WebPage\",\"@id\":\"https:\/\/uros.explotacionweb.es\/ca\/politica-de-xarxes\/\",\"url\":\"https:\/\/uros.explotacionweb.es\/ca\/politica-de-xarxes\/\",\"name\":\"Pol\u00edtica de xarxes &#8211; Uros Associats\",\"isPartOf\":{\"@id\":\"https:\/\/uros.explotacionweb.es\/#website\"},\"datePublished\":\"2023-11-29T15:42:52+00:00\",\"dateModified\":\"2023-12-01T11:25:25+00:00\",\"breadcrumb\":{\"@id\":\"https:\/\/uros.explotacionweb.es\/ca\/politica-de-xarxes\/#breadcrumb\"},\"inLanguage\":\"ca\",\"potentialAction\":[{\"@type\":\"ReadAction\",\"target\":[\"https:\/\/uros.explotacionweb.es\/ca\/politica-de-xarxes\/\"]}]},{\"@type\":\"BreadcrumbList\",\"@id\":\"https:\/\/uros.explotacionweb.es\/ca\/politica-de-xarxes\/#breadcrumb\",\"itemListElement\":[{\"@type\":\"ListItem\",\"position\":1,\"name\":\"Inicio\",\"item\":\"https:\/\/uros.explotacionweb.es\/ca\/\"},{\"@type\":\"ListItem\",\"position\":2,\"name\":\"Pol\u00edtica de xarxes\"}]},{\"@type\":\"WebSite\",\"@id\":\"https:\/\/uros.explotacionweb.es\/#website\",\"url\":\"https:\/\/uros.explotacionweb.es\/\",\"name\":\"Uros Associats\",\"description\":\"Ur\u00f3logos en Barcelona y Tarragona. Expertos en todo tipo de tratamientos y patolog\u00edas de Urolog\u00eda | Androlog\u00eda, Chequeos, Cirug\u00eda, Oncolog\u00eda, Litiasis y m\u00e1s.\",\"publisher\":{\"@id\":\"https:\/\/uros.explotacionweb.es\/#organization\"},\"potentialAction\":[{\"@type\":\"SearchAction\",\"target\":{\"@type\":\"EntryPoint\",\"urlTemplate\":\"https:\/\/uros.explotacionweb.es\/?s={search_term_string}\"},\"query-input\":{\"@type\":\"PropertyValueSpecification\",\"valueRequired\":true,\"valueName\":\"search_term_string\"}}],\"inLanguage\":\"ca\"},{\"@type\":\"Organization\",\"@id\":\"https:\/\/uros.explotacionweb.es\/#organization\",\"name\":\"Uros Associats\",\"url\":\"https:\/\/uros.explotacionweb.es\/\",\"logo\":{\"@type\":\"ImageObject\",\"inLanguage\":\"ca\",\"@id\":\"https:\/\/uros.explotacionweb.es\/#\/schema\/logo\/image\/\",\"url\":\"https:\/\/uros.explotacionweb.es\/wp-content\/uploads\/2020\/05\/logo-principal.png\",\"contentUrl\":\"https:\/\/uros.explotacionweb.es\/wp-content\/uploads\/2020\/05\/logo-principal.png\",\"width\":688,\"height\":643,\"caption\":\"Uros Associats\"},\"image\":{\"@id\":\"https:\/\/uros.explotacionweb.es\/#\/schema\/logo\/image\/\"},\"sameAs\":[\"https:\/\/x.com\/uros_associats\",\"https:\/\/www.instagram.com\/urosassociats_\",\"https:\/\/www.linkedin.com\/company\/uros-associats\"]}]}<\/script>\n<!-- \/ Yoast SEO plugin. -->","yoast_head_json":{"title":"Pol\u00edtica de xarxes &#8211; Uros Associats","robots":{"index":"noindex","follow":"follow","max-snippet":"max-snippet:-1","max-image-preview":"max-image-preview:large","max-video-preview":"max-video-preview:-1"},"og_locale":"ca_ES","og_type":"article","og_title":"Pol\u00edtica de xarxes &#8211; Uros Associats","og_url":"https:\/\/uros.explotacionweb.es\/ca\/politica-de-xarxes\/","og_site_name":"Uros Associats","article_modified_time":"2023-12-01T11:25:25+00:00","og_image":[{"width":688,"height":643,"url":"https:\/\/uros.explotacionweb.es\/wp-content\/uploads\/2020\/05\/logo-principal.png","type":"image\/png"}],"twitter_card":"summary_large_image","twitter_site":"@uros_associats","twitter_misc":{"Temps estimat de lectura":"5 minuts"},"schema":{"@context":"https:\/\/schema.org","@graph":[{"@type":"WebPage","@id":"https:\/\/uros.explotacionweb.es\/ca\/politica-de-xarxes\/","url":"https:\/\/uros.explotacionweb.es\/ca\/politica-de-xarxes\/","name":"Pol\u00edtica de xarxes &#8211; Uros Associats","isPartOf":{"@id":"https:\/\/uros.explotacionweb.es\/#website"},"datePublished":"2023-11-29T15:42:52+00:00","dateModified":"2023-12-01T11:25:25+00:00","breadcrumb":{"@id":"https:\/\/uros.explotacionweb.es\/ca\/politica-de-xarxes\/#breadcrumb"},"inLanguage":"ca","potentialAction":[{"@type":"ReadAction","target":["https:\/\/uros.explotacionweb.es\/ca\/politica-de-xarxes\/"]}]},{"@type":"BreadcrumbList","@id":"https:\/\/uros.explotacionweb.es\/ca\/politica-de-xarxes\/#breadcrumb","itemListElement":[{"@type":"ListItem","position":1,"name":"Inicio","item":"https:\/\/uros.explotacionweb.es\/ca\/"},{"@type":"ListItem","position":2,"name":"Pol\u00edtica de xarxes"}]},{"@type":"WebSite","@id":"https:\/\/uros.explotacionweb.es\/#website","url":"https:\/\/uros.explotacionweb.es\/","name":"Uros Associats","description":"Ur\u00f3logos en Barcelona y Tarragona. Expertos en todo tipo de tratamientos y patolog\u00edas de Urolog\u00eda | Androlog\u00eda, Chequeos, Cirug\u00eda, Oncolog\u00eda, Litiasis y m\u00e1s.","publisher":{"@id":"https:\/\/uros.explotacionweb.es\/#organization"},"potentialAction":[{"@type":"SearchAction","target":{"@type":"EntryPoint","urlTemplate":"https:\/\/uros.explotacionweb.es\/?s={search_term_string}"},"query-input":{"@type":"PropertyValueSpecification","valueRequired":true,"valueName":"search_term_string"}}],"inLanguage":"ca"},{"@type":"Organization","@id":"https:\/\/uros.explotacionweb.es\/#organization","name":"Uros Associats","url":"https:\/\/uros.explotacionweb.es\/","logo":{"@type":"ImageObject","inLanguage":"ca","@id":"https:\/\/uros.explotacionweb.es\/#\/schema\/logo\/image\/","url":"https:\/\/uros.explotacionweb.es\/wp-content\/uploads\/2020\/05\/logo-principal.png","contentUrl":"https:\/\/uros.explotacionweb.es\/wp-content\/uploads\/2020\/05\/logo-principal.png","width":688,"height":643,"caption":"Uros Associats"},"image":{"@id":"https:\/\/uros.explotacionweb.es\/#\/schema\/logo\/image\/"},"sameAs":["https:\/\/x.com\/uros_associats","https:\/\/www.instagram.com\/urosassociats_","https:\/\/www.linkedin.com\/company\/uros-associats"]}]}},"_links":{"self":[{"href":"https:\/\/uros.explotacionweb.es\/ca\/wp-json\/wp\/v2\/pages\/21337","targetHints":{"allow":["GET"]}}],"collection":[{"href":"https:\/\/uros.explotacionweb.es\/ca\/wp-json\/wp\/v2\/pages"}],"about":[{"href":"https:\/\/uros.explotacionweb.es\/ca\/wp-json\/wp\/v2\/types\/page"}],"author":[{"embeddable":true,"href":"https:\/\/uros.explotacionweb.es\/ca\/wp-json\/wp\/v2\/users\/3"}],"replies":[{"embeddable":true,"href":"https:\/\/uros.explotacionweb.es\/ca\/wp-json\/wp\/v2\/comments?post=21337"}],"version-history":[{"count":3,"href":"https:\/\/uros.explotacionweb.es\/ca\/wp-json\/wp\/v2\/pages\/21337\/revisions"}],"predecessor-version":[{"id":21399,"href":"https:\/\/uros.explotacionweb.es\/ca\/wp-json\/wp\/v2\/pages\/21337\/revisions\/21399"}],"wp:attachment":[{"href":"https:\/\/uros.explotacionweb.es\/ca\/wp-json\/wp\/v2\/media?parent=21337"}],"curies":[{"name":"wp","href":"https:\/\/api.w.org\/{rel}","templated":true}]}}