{"id":21339,"date":"2023-11-29T15:41:33","date_gmt":"2023-11-29T15:41:33","guid":{"rendered":"https:\/\/urosassociats.com\/politica-de-privacidad-2\/"},"modified":"2023-12-01T11:25:41","modified_gmt":"2023-12-01T11:25:41","slug":"politica-de-privacitat","status":"publish","type":"page","link":"https:\/\/uros.explotacionweb.es\/ca\/politica-de-privacitat\/","title":{"rendered":"Pol\u00edtica de privacitat"},"content":{"rendered":"<div id=\"cmsmasters_row_8lfyz259l\" class=\"cmsmasters_row cmsmasters_color_scheme_default cmsmasters_row_top_default cmsmasters_row_bot_default cmsmasters_row_boxed\">\n<div class=\"cmsmasters_row_outer_parent\">\n<div class=\"cmsmasters_row_outer\">\n<div class=\"cmsmasters_row_inner\">\n<div class=\"cmsmasters_row_margin\">\n\n<div id=\"cmsmasters_column_2810kfkyvb\" class=\"cmsmasters_column one_first\">\n<div class=\"cmsmasters_column_inner\"><div class=\"cmsmasters_text\">\n<h3>Dades del propietari de la web:<\/h3>\n<\/div>\n\n<div class=\"cmsmasters_wrap_table\"><table class=\"cmsmasters_table\"><caption><\/caption>\n<tr><td class=\"cmsmasters_table_cell_alignleft\">RA\u00d3 SOCIAL<\/td><td class=\"cmsmasters_table_cell_alignleft\">CSF UROS ASSOCIATS SLP i TK UROS ASSOCIATS SLP<\/td><\/tr>\n<tr><td class=\"cmsmasters_table_cell_alignleft\">NIF<\/td><td class=\"cmsmasters_table_cell_alignleft\">B65211955 i B66490863<\/td><\/tr>\n<tr><td class=\"cmsmasters_table_cell_alignleft\">DIRECCI\u00d3 POSTAL<\/td><td class=\"cmsmasters_table_cell_alignleft\">Ronda General Mitre 101, baixos<\/td><\/tr>\n<tr><td class=\"cmsmasters_table_cell_alignleft\">DIRECCI\u00d3 ELECTR\u00d2NICA<\/td><td class=\"cmsmasters_table_cell_alignleft\"><a href=\"mailto:info@urosassociats.com\">info@urosassociats.com<\/a><\/td><\/tr>\n<tr><td class=\"cmsmasters_table_cell_alignleft\">TEL\u00c8FONS<\/td><td class=\"cmsmasters_table_cell_alignleft\"><a href=\"tel:936558565\">936558565<\/a><\/td><\/tr>\n<tr><td class=\"cmsmasters_table_cell_alignleft\">REGISTRE MERCANTIL<\/td><td class=\"cmsmasters_table_cell_alignleft\">TOM 41562, FOLI 1, FULLA B 388884, INSCRIPCI\u00d3 1 i TOM 44856, FOLI 132, FULLA B 469557, INSCRIPCI\u00d3 1<\/td><\/tr>\n<tr><td class=\"cmsmasters_table_cell_alignleft\">OBJECTE PRINCIPAL<\/td><td class=\"cmsmasters_table_cell_alignleft\">SANITAT PRIVADA<\/td><\/tr>\n<\/table><\/div>\n<div class=\"cmsmasters_text\">\n<p><strong>Protecci\u00f3 de dades<\/strong><\/p>\n<p>De conformitat amb la normativa vigent i aplicable en protecci\u00f3 de dades de car\u00e0cter personal, us informem que les vostres dades seran incorporades al sistema de tractament titularitat de CSF UROS ASSOCIATS SLP i TK UROS ASSOCIATS SLP amb NIF B65211955 i B66490863 i domicili social situat a TORRES I PUJALT 11-29 2.9 08022 BARCELONA, i que a continuaci\u00f3 es relacionen les respectives finalitats, terminis de conservaci\u00f3 i bases legitimadores. Per a aquells tractaments que ho requereixin, s&#8217;informa tamb\u00e9 de la possible elaboraci\u00f3 de perfils i decisions automatitzades, aix\u00ed com les possibles cessions i transfer\u00e8ncies internacionals que CSF UROS ASSOCIATS SLP I TK UROS ASSOCIATS SLP t\u00e9 previst realitzar:<\/p>\n<\/div>\n\n<div class=\"cmsmasters_wrap_table\"><table class=\"cmsmasters_table\"><caption><\/caption>\n<thead><tr class=\"cmsmasters_table_row_header\">\n<th class=\"cmsmasters_table_cell_alignleft\">TRACTAMENTS REALITZATS<\/th>\n<th class=\"cmsmasters_table_cell_alignleft\"><\/th>\n<\/tr><\/thead>\n<tr><td class=\"cmsmasters_table_cell_alignleft\">Gesti\u00f3 de la p\u00e0gina web<\/td><td class=\"cmsmasters_table_cell_alignleft\">Finalitat: Tractament i gesti\u00f3 de les dades necess\u00e0ries per a la funcionalitat de la p\u00e0gina web<br \/>\nTermini de conservaci\u00f3: mentre perduri el consentiment prestat<br \/>\nBase leg\u00edtima: El consentiment de linteressat<br \/>\nTipologia de Dades: Dades merament identificatives<br \/>\nCessions: No es preveuen<br \/>\nTransfer\u00e8ncies internacionals: No es preveuen<br \/>\nElaboracions de perfils: No es preveuen<\/td><\/tr>\n<tr><td class=\"cmsmasters_table_cell_alignleft\">Formulari web<\/td><td class=\"cmsmasters_table_cell_alignleft\">Finalitat: Atendre les seves consultes i\/o sol\u00b7licituds<br \/>\nTermini de conservaci\u00f3: mentre es mantingui el consentiment prestat.<br \/>\nBase leg\u00edtima: El consentiment de l&#8217;interessat<br \/>\nTipologia de Dades: Dades merament identificatives<br \/>\nCessions: Cap<br \/>\nTransfer\u00e8ncies internacionals: No es preveuen<br \/>\nElaboracions de perfils: No es preveuen<\/td><\/tr>\n<tr>\n<td class=\"cmsmasters_table_cell_alignleft\">Gesti\u00f3 del compliment normatiu<\/td>\n<td class=\"cmsmasters_table_cell_alignleft\">Finalitat: Gesti\u00f3 i tramitaci\u00f3 de les obligacions i deures que es derivin del compliment de la normativa a qu\u00e8 est\u00e0 subjecta l&#8217;entitat<br \/>\nTermini de conservaci\u00f3: conservaci\u00f3 de les c\u00f2pies dels documents fins que prescriguin les accions per reclamar-li una possible responsabilitat<br \/>\nBase leg\u00edtima: El compliment d&#8217;una llei<br \/>\nTipologia de Dades: Dades merament identificatives<br \/>\nCessions: les vostres dades seran comunicades en cas de ser necessari a Organismes i\/o administraci\u00f3 p\u00fablica amb compet\u00e8ncia en la mat\u00e8ria amb la finalitat de complir amb les obligacions establertes a la normativa aplicable. A m\u00e9s, s&#8217;informa que la base legitimadora de la cessi\u00f3 \u00e9s complir les obligacions establertes a la normativa aplicable<br \/>\nTransfer\u00e8ncies internacionals: No es preveuen<br \/>\nElaboracions de perfils: No es preveuen <\/td>\n<\/tr>\n<tr><td class=\"cmsmasters_table_cell_alignleft\">Accions Comercials<\/td><td class=\"cmsmasters_table_cell_alignleft\">Finalitat: Captaci\u00f3, registre i tractament de dades amb finalitats de publicitat i prospecci\u00f3 comercial dels nostres productes i\/o serveis<br \/>\nTermini de conservaci\u00f3: mentre es mantingui el consentiment prestat<br \/>\nBase leg\u00edtima: El consentiment de linteressat<br \/>\nTipologia de Dades: Dades merament identificatives<br \/>\nCessions: Cap<br \/>\nTransfer\u00e8ncies internacionals: No es preveuen<br \/>\nElaboracions de perfils: No es preveuen<\/td><\/tr>\n<tr><td class=\"cmsmasters_table_cell_alignleft\">Gesti\u00f3 de la cita pr\u00e8via<\/td><td class=\"cmsmasters_table_cell_alignleft\">Finalitat: Poder concertar la cita pr\u00e8via<br \/>\nTermini de conservaci\u00f3: mentre perduri el consentiment prestat<br \/>\nBase leg\u00edtima: El consentiment de l&#8217;interessat<br \/>\nTipologia de Dades: Dades merament identificatives<br \/>\nCessions: No es preveuen<br \/>\nTransfer\u00e8ncies internacionals: No es preveuen<br \/>\nElaboracions de perfils: No es preveuen<\/td><\/tr>\n<\/table><\/div>\n<div class=\"cmsmasters_text\">\n<p>Alhora, us informem que podeu contactar amb el Delegat de Protecci\u00f3 de Dades, adre\u00e7ant-vos per escrit a l&#8217;adre\u00e7a de correu <a href=\"dpd.cliente@conversia.es\">dpd.cliente@conversia.es<\/a> o al tel\u00e8fon <a href=\"tel:902877192\">902 877 192<\/a>.<\/p>\n<\/div>\n\n<div class=\"cmsmasters_text\">\n<p><strong>Drets dels interessats<\/strong><\/p>\n<p>CSF UROS ASSOCIATS SLP I TK UROS ASSOCIATS SLP informa als Usuaris que, podr\u00e0 exercir els drets d&#8217;acc\u00e9s, rectificaci\u00f3, limitaci\u00f3, supressi\u00f3, portabilitat i oposici\u00f3 al tractament de les seves dades de car\u00e0cter personal davant del Responsable del Tractament, aix\u00ed com a la retirada del consentiment prestat.<\/p>\n<ul>\n<li><span style=\"text-decoration: underline;\"><strong>Dret d&#8217;acc\u00e9s:<\/strong><\/span>\u00c9s el dret de l&#8217;usuari a obtenir informaci\u00f3 sobre les vostres dades concretes de car\u00e0cter personal i del tractament que s&#8217;hagi realitzat o realitzi, aix\u00ed com de la informaci\u00f3 disponible sobre l&#8217;origen d&#8217;aquestes dades i les comunicacions realitzades.<\/li>\n<li><span style=\"text-decoration: underline;\"><strong>Dret de Rectificaci\u00f3:<\/strong><\/span> \u00c9s el dret de l&#8217;afectat que es modifiquin les dades que resultin ser inexactes o incompletes. Nom\u00e9s es podr\u00e0 satisfer en relaci\u00f3 amb aquella informaci\u00f3 que estigui sota el control de CSF UROS ASSOCIATS SLP I TK UROS ASSOCIATS SLP, per exemple, eliminar comentaris publicats a la pr\u00f2pia p\u00e0gina, imatges o continguts web on constin dades de car\u00e0cter personal de l&#8217;usuari.<\/li>\n<li><strong><span style=\"text-decoration: underline;\">Dret a la Limitaci\u00f3 de tractament:<\/span><\/strong> \u00c9s el dret que es limiten les finalitats del tractament previstes de forma original pel responsable.<\/li>\n<li><strong><span style=\"text-decoration: underline;\">Dret de Supressi\u00f3:<\/span><\/strong> \u00c9s el dret a suprimir les dades de car\u00e0cter personal de l&#8217;usuari, a excepci\u00f3 del que preveu el mateix RGPD o altres normatives aplicables que determinin l&#8217;obligatorietat de la seva conservaci\u00f3.<\/li>\n<li><span style=\"text-decoration: underline;\"><strong>Dret de portabilitat:<\/strong><\/span> El dret a rebre les dades personals que l&#8217;usuari hagi facilitat, en un format estructurat, d&#8217;\u00fas com\u00fa i lectura mec\u00e0nica, ia transmetre&#8217;ls a altres.<\/li>\n<li><span style=\"text-decoration: underline;\"><strong>Dret d&#8217;oposici\u00f3:<\/strong><\/span> \u00c9s el dret de l&#8217;usuari a qu\u00e8 no es dugui a terme el tractament de les vostres dades de car\u00e0cter personal o se&#8217;n cessi el tractament per part de CSF UROS ASSOCIATS SLP I TK UROS ASSOCIATS SLP.<\/li>\n<\/ul>\n<p>Per poder exercir qualsevol dels drets descrits anteriorment haur\u00e0 de complir els seg\u00fcents requisits:<\/p>\n<ul>\n<li>Presentaci\u00f3 d\u00b4un escrit a l\u00b4adre\u00e7a TORRES I PUJALT 11-29, 2.9 08022, BARCELONA (a l\u00b4atenci\u00f3 de CSF UROS ASSOCIATS SLP I TK UROS ASSOCIATS SLP) o b\u00e9 a trav\u00e9s de correu electr\u00f2nic a info@urosassociats.com<\/li>\n<li>L&#8217;escrit rem\u00e8s pel titular de les dades que sol\u00b7licite l&#8217;exercici haur\u00e0 de complir els seg\u00fcents requisits legals:\n<ul>\n<li>Nom, cognoms de linteressat i c\u00f2pia del DNI\/NIE o qualsevol document identificatiu. En els casos excepcionals en qu\u00e8 s&#8217;admeti la representaci\u00f3, ser\u00e0 tamb\u00e9 necess\u00e0ria la identificaci\u00f3 pel mateix mitj\u00e0 de la persona que el representa, aix\u00ed com el document acreditatiu de la representaci\u00f3. La fotoc\u00f2pia del DNI podr\u00e0 ser substitu\u00efda sempre que la identitat s&#8217;acrediti per qualsevol altre mitj\u00e0 v\u00e0lid en dret.<\/li>\n<li>Petici\u00f3 en qu\u00e8 es concreta la (Exercici en qu\u00e8 se sol\u00b7licita la informaci\u00f3 a qu\u00e8 es vol accedir). Si no feu refer\u00e8ncia a un fitxer concret se us facilitar\u00e0 tota la informaci\u00f3 que es tingui amb les vostres dades de car\u00e0cter personal. Si sol\u00b7liciteu informaci\u00f3 d&#8217;un fitxer en concret, nom\u00e9s la informaci\u00f3 d&#8217;aquest fitxer. Si sol\u00b7licita informaci\u00f3 relativa a un tercer mai no es podr\u00e0 facilitar. Si ho demaneu per tel\u00e8fon se us indicar\u00e0 que ho feu per escrit i se us informar\u00e0 de com ho podeu fer i l&#8217;adre\u00e7a a la qual heu d&#8217;enviar-ho. Mai se us donar\u00e0 informaci\u00f3 per tel\u00e8fon.<\/li>\n<li>Domicili a efectes<\/li>\n<li>Data i signatura<\/li>\n<li>Documents acreditatius de la petici\u00f3<\/li>\n<li>L&#8217;interessat ha d&#8217;utilitzar qualsevol mitj\u00e0 que permeti acreditar l&#8217;enviament i la recepci\u00f3 de la informaci\u00f3.<\/li>\n<\/ul>\n<\/li>\n<\/ul>\n<\/div>\n\n<div class=\"cmsmasters_text\">\n<p>Finalment, us informem que teniu dret a presentar una reclamaci\u00f3 davant l&#8217;Ag\u00e8ncia Espanyola de Protecci\u00f3 de Dades en cas que en tingueu coneixement o considereu que un fet pugui suposar un incompliment de la normativa aplicable en mat\u00e8ria de protecci\u00f3 de dades.<\/p>\n<p>CSF UROS ASSOCIATS SLP I TK UROS ASSOCIATS SLP es compromet a adoptar les mesures t\u00e8cniques i organitzatives necess\u00e0ries, d&#8217;acord amb el nivell de riscos que acompanyen els tractaments realitzats per aquestes i indicats a l&#8217;apartat dels termes i condicions d&#8217;\u00fas, de manera que en garanteixin el integritat, confidencialitat i disponibilitat.<\/p>\n<\/div>\n\n<div class=\"cmsmasters_text\">\n<p><span style=\"text-decoration: underline;\"><strong>\u00daLTIMA ACTUALITZACI\u00d3:<\/strong><\/span> 29\/11\/2023<\/p>\n<\/div>\n<\/div><\/div>\n\n<\/div>\n<\/div>\n<\/div>\n<\/div>\n<\/div>\n\n","protected":false},"excerpt":{"rendered":"","protected":false},"author":3,"featured_media":0,"parent":0,"menu_order":0,"comment_status":"closed","ping_status":"closed","template":"","meta":{"footnotes":""},"class_list":["post-21339","page","type-page","status-publish","hentry"],"yoast_head":"<!-- This site is optimized with the Yoast SEO plugin v25.9 - https:\/\/yoast.com\/wordpress\/plugins\/seo\/ -->\n<title>Pol\u00edtica de privacitat &#8211; Uros Associats<\/title>\n<meta name=\"robots\" content=\"noindex, follow, max-snippet:-1, max-image-preview:large, max-video-preview:-1\" \/>\n<meta property=\"og:locale\" content=\"ca_ES\" \/>\n<meta property=\"og:type\" content=\"article\" \/>\n<meta property=\"og:title\" content=\"Pol\u00edtica de privacitat &#8211; Uros Associats\" \/>\n<meta property=\"og:url\" content=\"https:\/\/uros.explotacionweb.es\/ca\/politica-de-privacitat\/\" \/>\n<meta property=\"og:site_name\" content=\"Uros Associats\" \/>\n<meta property=\"article:modified_time\" content=\"2023-12-01T11:25:41+00:00\" \/>\n<meta property=\"og:image\" content=\"https:\/\/uros.explotacionweb.es\/wp-content\/uploads\/2020\/05\/logo-principal.png\" \/>\n\t<meta property=\"og:image:width\" content=\"688\" \/>\n\t<meta property=\"og:image:height\" content=\"643\" \/>\n\t<meta property=\"og:image:type\" content=\"image\/png\" \/>\n<meta name=\"twitter:card\" content=\"summary_large_image\" \/>\n<meta name=\"twitter:site\" content=\"@uros_associats\" \/>\n<meta name=\"twitter:label1\" content=\"Temps estimat de lectura\" \/>\n\t<meta name=\"twitter:data1\" content=\"6 minuts\" \/>\n<script type=\"application\/ld+json\" class=\"yoast-schema-graph\">{\"@context\":\"https:\/\/schema.org\",\"@graph\":[{\"@type\":\"WebPage\",\"@id\":\"https:\/\/uros.explotacionweb.es\/ca\/politica-de-privacitat\/\",\"url\":\"https:\/\/uros.explotacionweb.es\/ca\/politica-de-privacitat\/\",\"name\":\"Pol\u00edtica de privacitat &#8211; Uros Associats\",\"isPartOf\":{\"@id\":\"https:\/\/uros.explotacionweb.es\/#website\"},\"datePublished\":\"2023-11-29T15:41:33+00:00\",\"dateModified\":\"2023-12-01T11:25:41+00:00\",\"breadcrumb\":{\"@id\":\"https:\/\/uros.explotacionweb.es\/ca\/politica-de-privacitat\/#breadcrumb\"},\"inLanguage\":\"ca\",\"potentialAction\":[{\"@type\":\"ReadAction\",\"target\":[\"https:\/\/uros.explotacionweb.es\/ca\/politica-de-privacitat\/\"]}]},{\"@type\":\"BreadcrumbList\",\"@id\":\"https:\/\/uros.explotacionweb.es\/ca\/politica-de-privacitat\/#breadcrumb\",\"itemListElement\":[{\"@type\":\"ListItem\",\"position\":1,\"name\":\"Inicio\",\"item\":\"https:\/\/uros.explotacionweb.es\/ca\/\"},{\"@type\":\"ListItem\",\"position\":2,\"name\":\"Pol\u00edtica de privacitat\"}]},{\"@type\":\"WebSite\",\"@id\":\"https:\/\/uros.explotacionweb.es\/#website\",\"url\":\"https:\/\/uros.explotacionweb.es\/\",\"name\":\"Uros Associats\",\"description\":\"Ur\u00f3logos en Barcelona y Tarragona. Expertos en todo tipo de tratamientos y patolog\u00edas de Urolog\u00eda | Androlog\u00eda, Chequeos, Cirug\u00eda, Oncolog\u00eda, Litiasis y m\u00e1s.\",\"publisher\":{\"@id\":\"https:\/\/uros.explotacionweb.es\/#organization\"},\"potentialAction\":[{\"@type\":\"SearchAction\",\"target\":{\"@type\":\"EntryPoint\",\"urlTemplate\":\"https:\/\/uros.explotacionweb.es\/?s={search_term_string}\"},\"query-input\":{\"@type\":\"PropertyValueSpecification\",\"valueRequired\":true,\"valueName\":\"search_term_string\"}}],\"inLanguage\":\"ca\"},{\"@type\":\"Organization\",\"@id\":\"https:\/\/uros.explotacionweb.es\/#organization\",\"name\":\"Uros Associats\",\"url\":\"https:\/\/uros.explotacionweb.es\/\",\"logo\":{\"@type\":\"ImageObject\",\"inLanguage\":\"ca\",\"@id\":\"https:\/\/uros.explotacionweb.es\/#\/schema\/logo\/image\/\",\"url\":\"https:\/\/uros.explotacionweb.es\/wp-content\/uploads\/2020\/05\/logo-principal.png\",\"contentUrl\":\"https:\/\/uros.explotacionweb.es\/wp-content\/uploads\/2020\/05\/logo-principal.png\",\"width\":688,\"height\":643,\"caption\":\"Uros Associats\"},\"image\":{\"@id\":\"https:\/\/uros.explotacionweb.es\/#\/schema\/logo\/image\/\"},\"sameAs\":[\"https:\/\/x.com\/uros_associats\",\"https:\/\/www.instagram.com\/urosassociats_\",\"https:\/\/www.linkedin.com\/company\/uros-associats\"]}]}<\/script>\n<!-- \/ Yoast SEO plugin. -->","yoast_head_json":{"title":"Pol\u00edtica de privacitat &#8211; Uros Associats","robots":{"index":"noindex","follow":"follow","max-snippet":"max-snippet:-1","max-image-preview":"max-image-preview:large","max-video-preview":"max-video-preview:-1"},"og_locale":"ca_ES","og_type":"article","og_title":"Pol\u00edtica de privacitat &#8211; Uros Associats","og_url":"https:\/\/uros.explotacionweb.es\/ca\/politica-de-privacitat\/","og_site_name":"Uros Associats","article_modified_time":"2023-12-01T11:25:41+00:00","og_image":[{"width":688,"height":643,"url":"https:\/\/uros.explotacionweb.es\/wp-content\/uploads\/2020\/05\/logo-principal.png","type":"image\/png"}],"twitter_card":"summary_large_image","twitter_site":"@uros_associats","twitter_misc":{"Temps estimat de lectura":"6 minuts"},"schema":{"@context":"https:\/\/schema.org","@graph":[{"@type":"WebPage","@id":"https:\/\/uros.explotacionweb.es\/ca\/politica-de-privacitat\/","url":"https:\/\/uros.explotacionweb.es\/ca\/politica-de-privacitat\/","name":"Pol\u00edtica de privacitat &#8211; Uros Associats","isPartOf":{"@id":"https:\/\/uros.explotacionweb.es\/#website"},"datePublished":"2023-11-29T15:41:33+00:00","dateModified":"2023-12-01T11:25:41+00:00","breadcrumb":{"@id":"https:\/\/uros.explotacionweb.es\/ca\/politica-de-privacitat\/#breadcrumb"},"inLanguage":"ca","potentialAction":[{"@type":"ReadAction","target":["https:\/\/uros.explotacionweb.es\/ca\/politica-de-privacitat\/"]}]},{"@type":"BreadcrumbList","@id":"https:\/\/uros.explotacionweb.es\/ca\/politica-de-privacitat\/#breadcrumb","itemListElement":[{"@type":"ListItem","position":1,"name":"Inicio","item":"https:\/\/uros.explotacionweb.es\/ca\/"},{"@type":"ListItem","position":2,"name":"Pol\u00edtica de privacitat"}]},{"@type":"WebSite","@id":"https:\/\/uros.explotacionweb.es\/#website","url":"https:\/\/uros.explotacionweb.es\/","name":"Uros Associats","description":"Ur\u00f3logos en Barcelona y Tarragona. Expertos en todo tipo de tratamientos y patolog\u00edas de Urolog\u00eda | Androlog\u00eda, Chequeos, Cirug\u00eda, Oncolog\u00eda, Litiasis y m\u00e1s.","publisher":{"@id":"https:\/\/uros.explotacionweb.es\/#organization"},"potentialAction":[{"@type":"SearchAction","target":{"@type":"EntryPoint","urlTemplate":"https:\/\/uros.explotacionweb.es\/?s={search_term_string}"},"query-input":{"@type":"PropertyValueSpecification","valueRequired":true,"valueName":"search_term_string"}}],"inLanguage":"ca"},{"@type":"Organization","@id":"https:\/\/uros.explotacionweb.es\/#organization","name":"Uros Associats","url":"https:\/\/uros.explotacionweb.es\/","logo":{"@type":"ImageObject","inLanguage":"ca","@id":"https:\/\/uros.explotacionweb.es\/#\/schema\/logo\/image\/","url":"https:\/\/uros.explotacionweb.es\/wp-content\/uploads\/2020\/05\/logo-principal.png","contentUrl":"https:\/\/uros.explotacionweb.es\/wp-content\/uploads\/2020\/05\/logo-principal.png","width":688,"height":643,"caption":"Uros Associats"},"image":{"@id":"https:\/\/uros.explotacionweb.es\/#\/schema\/logo\/image\/"},"sameAs":["https:\/\/x.com\/uros_associats","https:\/\/www.instagram.com\/urosassociats_","https:\/\/www.linkedin.com\/company\/uros-associats"]}]}},"_links":{"self":[{"href":"https:\/\/uros.explotacionweb.es\/ca\/wp-json\/wp\/v2\/pages\/21339","targetHints":{"allow":["GET"]}}],"collection":[{"href":"https:\/\/uros.explotacionweb.es\/ca\/wp-json\/wp\/v2\/pages"}],"about":[{"href":"https:\/\/uros.explotacionweb.es\/ca\/wp-json\/wp\/v2\/types\/page"}],"author":[{"embeddable":true,"href":"https:\/\/uros.explotacionweb.es\/ca\/wp-json\/wp\/v2\/users\/3"}],"replies":[{"embeddable":true,"href":"https:\/\/uros.explotacionweb.es\/ca\/wp-json\/wp\/v2\/comments?post=21339"}],"version-history":[{"count":3,"href":"https:\/\/uros.explotacionweb.es\/ca\/wp-json\/wp\/v2\/pages\/21339\/revisions"}],"predecessor-version":[{"id":21352,"href":"https:\/\/uros.explotacionweb.es\/ca\/wp-json\/wp\/v2\/pages\/21339\/revisions\/21352"}],"wp:attachment":[{"href":"https:\/\/uros.explotacionweb.es\/ca\/wp-json\/wp\/v2\/media?parent=21339"}],"curies":[{"name":"wp","href":"https:\/\/api.w.org\/{rel}","templated":true}]}}