{"id":22394,"date":"2024-01-31T14:26:28","date_gmt":"2024-01-31T14:26:28","guid":{"rendered":"https:\/\/urosassociats.com\/equip-administratiu-2\/"},"modified":"2026-01-26T15:08:49","modified_gmt":"2026-01-26T15:08:49","slug":"area-professional-equip-administratiu","status":"publish","type":"page","link":"https:\/\/uros.explotacionweb.es\/ca\/area-professional-equip-administratiu\/","title":{"rendered":"Equip Administratiu"},"content":{"rendered":"<div id=\"cmsmasters_row_ipnapwweqp\" class=\"cmsmasters_row cmsmasters_color_scheme_default cmsmasters_row_top_default cmsmasters_row_bot_default cmsmasters_row_boxed\">\n<div class=\"cmsmasters_row_outer_parent\">\n<div class=\"cmsmasters_row_outer\">\n<div class=\"cmsmasters_row_inner cmsmasters_row_no_margin\">\n<div class=\"cmsmasters_row_margin\">\n\n<div id=\"cmsmasters_column_kzv63j544q\" class=\"cmsmasters_column one_first\">\n<div class=\"cmsmasters_column_inner\"><div class=\"cmsmasters_text\">\n<p style=\"padding: 20px;\"><span style=\"font-size: 21px; font-weight: bold; color: #ffffff;\">MISSI\u00d3<\/span><\/p>\n<\/div>\n<\/div><\/div>\n\n<\/div>\n<\/div>\n<\/div>\n<\/div>\n<\/div>\n\n<div id=\"cmsmasters_row_lacp9fvva\" class=\"cmsmasters_row cmsmasters_color_scheme_default cmsmasters_row_top_default cmsmasters_row_bot_default cmsmasters_row_boxed\">\n<div class=\"cmsmasters_row_outer_parent\">\n<div class=\"cmsmasters_row_outer\">\n<div class=\"cmsmasters_row_inner\">\n<div class=\"cmsmasters_row_margin\">\n\n<div id=\"cmsmasters_column_5phmjnt3d\" class=\"cmsmasters_column one_first\">\n<div class=\"cmsmasters_column_inner\"><div class=\"cmsmasters_text\">\n<p style=\"font-size: 16px;\"><span style=\"color: #000000;\">Proporcionar als nostres pacients una atenci\u00f3 m\u00e8dica d&#8217;excel\u00b7l\u00e8ncia. El pacient \u00e9s el primer.<\/span><\/p>\n<\/div>\n<\/div><\/div>\n\n<\/div>\n<\/div>\n<\/div>\n<\/div>\n<\/div>\n\n<div id=\"cmsmasters_row_xdi5n1hsji\" class=\"cmsmasters_row cmsmasters_color_scheme_default cmsmasters_row_top_default cmsmasters_row_bot_default cmsmasters_row_boxed\">\n<div class=\"cmsmasters_row_outer_parent\">\n<div class=\"cmsmasters_row_outer\">\n<div class=\"cmsmasters_row_inner cmsmasters_row_no_margin\">\n<div class=\"cmsmasters_row_margin\">\n\n<div id=\"cmsmasters_column_bte8os2hfn\" class=\"cmsmasters_column one_first\">\n<div class=\"cmsmasters_column_inner\"><div class=\"cmsmasters_text\">\n<p style=\"padding: 20px;\"><span style=\"font-size: 21px; font-weight: bold; color: #ffffff;\">LA NOSTRA VISI\u00d3<\/span><\/p>\n<\/div>\n<\/div><\/div>\n\n<\/div>\n<\/div>\n<\/div>\n<\/div>\n<\/div>\n\n<div id=\"cmsmasters_row_gdtns98lh\" class=\"cmsmasters_row cmsmasters_color_scheme_default cmsmasters_row_top_default cmsmasters_row_bot_default cmsmasters_row_boxed\">\n<div class=\"cmsmasters_row_outer_parent\">\n<div class=\"cmsmasters_row_outer\">\n<div class=\"cmsmasters_row_inner\">\n<div class=\"cmsmasters_row_margin\">\n\n<div id=\"cmsmasters_column_17n9r1jy7g\" class=\"cmsmasters_column one_first\">\n<div class=\"cmsmasters_column_inner\"><div class=\"cmsmasters_text\">\n<p style=\"font-size: 16px;\"><span style=\"color: #000000;\">Continuar expandint-nos com a resultat del reconeixement dels nostres pacients, no nom\u00e9s per la nostra qualitat sin\u00f3 tamb\u00e9 per la nostra humanitat. Incrementar la nostra pres\u00e8ncia en f\u00f2rums cient\u00edfics i ser reconeguts en les societats cient\u00edfiques d&#8217; acord amb el volum i qualitat de l&#8217; atenci\u00f3 que donem.<\/span><\/p>\n<\/div>\n<\/div><\/div>\n\n<\/div>\n<\/div>\n<\/div>\n<\/div>\n<\/div>\n\n<div id=\"cmsmasters_row_3bsjt7eji\" class=\"cmsmasters_row cmsmasters_color_scheme_default cmsmasters_row_top_default cmsmasters_row_bot_default cmsmasters_row_boxed\">\n<div class=\"cmsmasters_row_outer_parent\">\n<div class=\"cmsmasters_row_outer\">\n<div class=\"cmsmasters_row_inner cmsmasters_row_no_margin\">\n<div class=\"cmsmasters_row_margin\">\n\n<div id=\"cmsmasters_column_6syaoihfk\" class=\"cmsmasters_column one_first\">\n<div class=\"cmsmasters_column_inner\"><div class=\"cmsmasters_text\">\n<p style=\"padding: 20px;\"><span style=\"font-size: 21px; font-weight: bold; color: #ffffff;\">VALORS<\/span><\/p>\n<\/div>\n<\/div><\/div>\n\n<\/div>\n<\/div>\n<\/div>\n<\/div>\n<\/div>\n\n<div id=\"cmsmasters_row_vmj584fga\" class=\"cmsmasters_row cmsmasters_color_scheme_default cmsmasters_row_top_default cmsmasters_row_bot_default cmsmasters_row_boxed\">\n<div id=\"list-anim\" class=\"cmsmasters_row_outer_parent\">\n<div class=\"cmsmasters_row_outer\">\n<div class=\"cmsmasters_row_inner\">\n<div class=\"cmsmasters_row_margin\">\n\n<div id=\"cmsmasters_column_b79ydunjen\" class=\"cmsmasters_column one_first\">\n<div class=\"cmsmasters_column_inner\"><div class=\"cmsmasters_text\">\n<ol style=\"font-size: 16px; color: #000000;\">\n<li><span style=\"color: #000000;\"><strong>Tracte hum\u00e0:<\/strong> Sempre situem les persones al centre de tot.<\/span><\/li>\n<li><span style=\"color: #000000;\"><strong>Excel\u00b7l\u00e8ncia:<\/strong> Tenim com a norma revisar tots els casos quir\u00fargics i els casos complicats es revisen en les nostres sessions cl\u00edniques di\u00e0ries. A m\u00e9s, no deixem de banda assistir a congressos i cursos per continuar oferint una atenci\u00f3 m\u00e8dica de qualitat i innovadora.<\/span><\/li>\n<li><span style=\"color: #000000;\"><strong>Comprom\u00eds:<\/strong> Tenim la capacitat de complir amb la nostra promesa, ajudar-te.<\/span><\/li>\n<li><span style=\"color: #000000;\"><strong>Professionalitat:<\/strong> Exercim la nostra feina com un repte personal, la nostra autoexig\u00e8ncia i passi\u00f3 ens guia a aconseguir la nostra missi\u00f3.<\/span><\/li>\n<li><span style=\"color: #000000;\"><strong>Humilitat:<\/strong> Ens posem al lloc de la persona que tenim davant.<\/span><\/li>\n<li><span style=\"color: #000000;\"><strong>Sentit Com\u00fa:<\/strong> \u00c9s una eina fonamental que utilitzem en totes les nostres decisions.<\/span><\/li>\n<li><span style=\"color: #000000;\"><strong>Respecte:<\/strong> Promovem un ambient inclusiu que valori les capacitats i contribucions de cada persona.<\/span><\/li>\n<\/ol>\n<\/div>\n<\/div><\/div>\n\n<\/div>\n<\/div>\n<\/div>\n<\/div>\n<\/div>\n\n<div id=\"cmsmasters_row_vsstpsdfd7\" class=\"cmsmasters_row cmsmasters_color_scheme_default equipo-admin-images cmsmasters_row_top_default cmsmasters_row_bot_default cmsmasters_row_boxed\">\n<div class=\"cmsmasters_row_outer_parent\">\n<div class=\"cmsmasters_row_outer\">\n<div class=\"cmsmasters_row_inner\">\n<div class=\"cmsmasters_row_margin\">\n\n<div id=\"cmsmasters_column_b9gr9ae2na\" class=\"cmsmasters_column one_half\">\n<div class=\"cmsmasters_column_inner\"><div class=\"cmsmasters_img  cmsmasters_image_n\"><img decoding=\"async\" src=\"https:\/\/uros.explotacionweb.es\/wp-content\/uploads\/2024\/01\/01.webp\" \/><\/div><div class=\"cmsmasters_img  cmsmasters_image_n\"><img decoding=\"async\" src=\"https:\/\/uros.explotacionweb.es\/wp-content\/uploads\/2024\/01\/IMG-2199-scaled.webp\" \/><\/div>\n<\/div><\/div>\n\n<div id=\"cmsmasters_column_xq6glf2gtv\" class=\"cmsmasters_column one_half\">\n<div class=\"cmsmasters_column_inner\"><div class=\"cmsmasters_img  cmsmasters_image_n\"><img decoding=\"async\" src=\"https:\/\/uros.explotacionweb.es\/wp-content\/uploads\/2024\/01\/TEKNON-2.webp\" \/><\/div><div class=\"cmsmasters_img  cmsmasters_image_n\"><img decoding=\"async\" src=\"https:\/\/uros.explotacionweb.es\/wp-content\/uploads\/2024\/01\/TARRAGONA-scaled.webp\" \/><\/div>\n<\/div><\/div>\n\n<\/div>\n<\/div>\n<\/div>\n<\/div>\n<\/div>\n\n<div id=\"cmsmasters_row_5he014ba2\" class=\"cmsmasters_row cmsmasters_color_scheme_default cmsmasters_row_top_default cmsmasters_row_bot_default cmsmasters_row_boxed\">\n<div class=\"cmsmasters_row_outer_parent\">\n<div class=\"cmsmasters_row_outer\">\n<div class=\"cmsmasters_row_inner\">\n<div class=\"cmsmasters_row_margin\">\n\n<div id=\"cmsmasters_column_7yu47e3vfw\" class=\"cmsmasters_column one_first\">\n<div class=\"cmsmasters_column_inner\"><div class=\"cmsmasters_text\">\n<p style=\"text-align: center; font-size: 16px;\"><span style=\"color: #000000;\">Si est\u00e0s interessat\/a a treballar amb nosaltres, envia&#8217;ns el teu Curr\u00edculum al seg\u00fcent correu electr\u00f2nic:<\/span><\/p>\n<p style=\"text-align: center; font-size: 16px;\"><a style=\"font-size: 16px;\" href=\"mailto:people@urosassociats.com\">people@urosassociats.com<\/a><\/p>\n<p style=\"text-align: center; font-size: 16px;\"><span style=\"color: #000000;\">Esperem con\u00e8ixer-te!<\/span><\/p>\n<\/div>\n<\/div><\/div>\n\n<\/div>\n<\/div>\n<\/div>\n<\/div>\n<\/div>\n\n<div id=\"cmsmasters_row_s2zwmrnio9\" class=\"cmsmasters_row cmsmasters_color_scheme_default cmsmasters_row_top_default cmsmasters_row_bot_default cmsmasters_row_boxed\">\n<div class=\"cmsmasters_row_outer_parent\">\n<div class=\"cmsmasters_row_outer\">\n<div class=\"cmsmasters_row_inner\">\n<div class=\"cmsmasters_row_margin\">\n\n<div id=\"cmsmasters_column_q4a5qjf0p\" class=\"cmsmasters_column one_first\">\n<div class=\"cmsmasters_column_inner\"><div class=\"cmsmasters_text\">\n<p style=\"text-align: center; font-size: 16px;\"><span style=\"color: #000000;\">Tamb\u00e9 pots mantenir-te al dia de les nostres ofertes de treball en el nostre perfil de<\/span> <a style=\"font-size: 16px;\" href=\"https:\/\/www.linkedin.com\/company\/uros-associats\/?originalSubdomain=es\">LinkedIn<\/a>, <span style=\"color: #000000;\">dins de la<\/span> <a style=\"font-size: 16px;\" href=\"https:\/\/www.scurologia.cat\/agenda\/not%C3%ADcies\/ofertes-de-treball\/\">SOCIETAT CATALANA UROLOGIA (SCU)<\/a> <span style=\"color: #000000;\">i de<\/span> <a style=\"font-size: 16px;\" href=\"https:\/\/aeu.es\/OfertasEmpleo.aspx\">l&#8217;ASSOCIACI\u00d3 ESPANYOLA UROLOGIA (AEU)<\/a><\/p>\n<\/div>\n<\/div><\/div>\n\n<\/div>\n<\/div>\n<\/div>\n<\/div>\n<\/div>\n\n<div id=\"cmsmasters_row_3pi024u9bb\" class=\"cmsmasters_row cmsmasters_color_scheme_default cmsmasters_row_top_default cmsmasters_row_bot_default cmsmasters_row_boxed\">\n<div class=\"cmsmasters_row_outer_parent\">\n<div class=\"cmsmasters_row_outer\">\n<div class=\"cmsmasters_row_inner\">\n<div class=\"cmsmasters_row_margin\">\n\n<div id=\"cmsmasters_column_x321u8h9b\" class=\"cmsmasters_column one_first\">\n<div class=\"cmsmasters_column_inner\"><\/div><\/div>\n\n<\/div>\n<\/div>\n<\/div>\n<\/div>\n<\/div>\n\n","protected":false},"excerpt":{"rendered":"","protected":false},"author":3,"featured_media":0,"parent":0,"menu_order":0,"comment_status":"closed","ping_status":"closed","template":"","meta":{"footnotes":""},"class_list":["post-22394","page","type-page","status-publish","hentry"],"yoast_head":"<!-- This site is optimized with the Yoast SEO plugin v25.9 - https:\/\/yoast.com\/wordpress\/plugins\/seo\/ -->\n<title>Equip administratiu: \u00e0rea professional &#8211; Uros Associats<\/title>\n<meta name=\"description\" content=\"Coneix l\u2019equip administratiu d\u2019Uros Associats: atenci\u00f3 al pacient, gesti\u00f3 de cites, coordinaci\u00f3 de visites i suport en el proc\u00e9s assistencial.\" \/>\n<meta name=\"robots\" content=\"noindex, follow, max-snippet:-1, max-image-preview:large, max-video-preview:-1\" \/>\n<meta property=\"og:locale\" content=\"ca_ES\" \/>\n<meta property=\"og:type\" content=\"article\" \/>\n<meta property=\"og:title\" content=\"Equip administratiu: \u00e0rea professional &#8211; Uros Associats\" \/>\n<meta property=\"og:description\" content=\"Coneix l\u2019equip administratiu d\u2019Uros Associats: atenci\u00f3 al pacient, gesti\u00f3 de cites, coordinaci\u00f3 de visites i suport en el proc\u00e9s assistencial.\" \/>\n<meta property=\"og:url\" content=\"https:\/\/uros.explotacionweb.es\/ca\/area-professional-equip-administratiu\/\" \/>\n<meta property=\"og:site_name\" content=\"Uros Associats\" \/>\n<meta property=\"article:modified_time\" content=\"2026-01-26T15:08:49+00:00\" \/>\n<meta property=\"og:image\" content=\"https:\/\/uros.explotacionweb.es\/wp-content\/uploads\/2020\/05\/logo-principal.png\" \/>\n\t<meta property=\"og:image:width\" content=\"688\" \/>\n\t<meta property=\"og:image:height\" content=\"643\" \/>\n\t<meta property=\"og:image:type\" content=\"image\/png\" \/>\n<meta name=\"twitter:card\" content=\"summary_large_image\" \/>\n<meta name=\"twitter:site\" content=\"@uros_associats\" \/>\n<meta name=\"twitter:label1\" content=\"Temps estimat de lectura\" \/>\n\t<meta name=\"twitter:data1\" content=\"3 minuts\" \/>\n<script type=\"application\/ld+json\" class=\"yoast-schema-graph\">{\"@context\":\"https:\/\/schema.org\",\"@graph\":[{\"@type\":\"WebPage\",\"@id\":\"https:\/\/uros.explotacionweb.es\/ca\/area-professional-equip-administratiu\/\",\"url\":\"https:\/\/uros.explotacionweb.es\/ca\/area-professional-equip-administratiu\/\",\"name\":\"Equip administratiu: \u00e0rea professional &#8211; Uros Associats\",\"isPartOf\":{\"@id\":\"https:\/\/uros.explotacionweb.es\/#website\"},\"datePublished\":\"2024-01-31T14:26:28+00:00\",\"dateModified\":\"2026-01-26T15:08:49+00:00\",\"description\":\"Coneix l\u2019equip administratiu d\u2019Uros Associats: atenci\u00f3 al pacient, gesti\u00f3 de cites, coordinaci\u00f3 de visites i suport en el proc\u00e9s assistencial.\",\"breadcrumb\":{\"@id\":\"https:\/\/uros.explotacionweb.es\/ca\/area-professional-equip-administratiu\/#breadcrumb\"},\"inLanguage\":\"ca\",\"potentialAction\":[{\"@type\":\"ReadAction\",\"target\":[\"https:\/\/uros.explotacionweb.es\/ca\/area-professional-equip-administratiu\/\"]}]},{\"@type\":\"BreadcrumbList\",\"@id\":\"https:\/\/uros.explotacionweb.es\/ca\/area-professional-equip-administratiu\/#breadcrumb\",\"itemListElement\":[{\"@type\":\"ListItem\",\"position\":1,\"name\":\"Inicio\",\"item\":\"https:\/\/uros.explotacionweb.es\/ca\/\"},{\"@type\":\"ListItem\",\"position\":2,\"name\":\"Equip Administratiu\"}]},{\"@type\":\"WebSite\",\"@id\":\"https:\/\/uros.explotacionweb.es\/#website\",\"url\":\"https:\/\/uros.explotacionweb.es\/\",\"name\":\"Uros Associats\",\"description\":\"Ur\u00f3logos en Barcelona y Tarragona. Expertos en todo tipo de tratamientos y patolog\u00edas de Urolog\u00eda | Androlog\u00eda, Chequeos, Cirug\u00eda, Oncolog\u00eda, Litiasis y m\u00e1s.\",\"publisher\":{\"@id\":\"https:\/\/uros.explotacionweb.es\/#organization\"},\"potentialAction\":[{\"@type\":\"SearchAction\",\"target\":{\"@type\":\"EntryPoint\",\"urlTemplate\":\"https:\/\/uros.explotacionweb.es\/?s={search_term_string}\"},\"query-input\":{\"@type\":\"PropertyValueSpecification\",\"valueRequired\":true,\"valueName\":\"search_term_string\"}}],\"inLanguage\":\"ca\"},{\"@type\":\"Organization\",\"@id\":\"https:\/\/uros.explotacionweb.es\/#organization\",\"name\":\"Uros Associats\",\"url\":\"https:\/\/uros.explotacionweb.es\/\",\"logo\":{\"@type\":\"ImageObject\",\"inLanguage\":\"ca\",\"@id\":\"https:\/\/uros.explotacionweb.es\/#\/schema\/logo\/image\/\",\"url\":\"https:\/\/uros.explotacionweb.es\/wp-content\/uploads\/2020\/05\/logo-principal.png\",\"contentUrl\":\"https:\/\/uros.explotacionweb.es\/wp-content\/uploads\/2020\/05\/logo-principal.png\",\"width\":688,\"height\":643,\"caption\":\"Uros Associats\"},\"image\":{\"@id\":\"https:\/\/uros.explotacionweb.es\/#\/schema\/logo\/image\/\"},\"sameAs\":[\"https:\/\/x.com\/uros_associats\",\"https:\/\/www.instagram.com\/urosassociats_\",\"https:\/\/www.linkedin.com\/company\/uros-associats\"]}]}<\/script>\n<!-- \/ Yoast SEO plugin. -->","yoast_head_json":{"title":"Equip administratiu: \u00e0rea professional &#8211; Uros Associats","description":"Coneix l\u2019equip administratiu d\u2019Uros Associats: atenci\u00f3 al pacient, gesti\u00f3 de cites, coordinaci\u00f3 de visites i suport en el proc\u00e9s assistencial.","robots":{"index":"noindex","follow":"follow","max-snippet":"max-snippet:-1","max-image-preview":"max-image-preview:large","max-video-preview":"max-video-preview:-1"},"og_locale":"ca_ES","og_type":"article","og_title":"Equip administratiu: \u00e0rea professional &#8211; Uros Associats","og_description":"Coneix l\u2019equip administratiu d\u2019Uros Associats: atenci\u00f3 al pacient, gesti\u00f3 de cites, coordinaci\u00f3 de visites i suport en el proc\u00e9s assistencial.","og_url":"https:\/\/uros.explotacionweb.es\/ca\/area-professional-equip-administratiu\/","og_site_name":"Uros Associats","article_modified_time":"2026-01-26T15:08:49+00:00","og_image":[{"width":688,"height":643,"url":"https:\/\/uros.explotacionweb.es\/wp-content\/uploads\/2020\/05\/logo-principal.png","type":"image\/png"}],"twitter_card":"summary_large_image","twitter_site":"@uros_associats","twitter_misc":{"Temps estimat de lectura":"3 minuts"},"schema":{"@context":"https:\/\/schema.org","@graph":[{"@type":"WebPage","@id":"https:\/\/uros.explotacionweb.es\/ca\/area-professional-equip-administratiu\/","url":"https:\/\/uros.explotacionweb.es\/ca\/area-professional-equip-administratiu\/","name":"Equip administratiu: \u00e0rea professional &#8211; Uros Associats","isPartOf":{"@id":"https:\/\/uros.explotacionweb.es\/#website"},"datePublished":"2024-01-31T14:26:28+00:00","dateModified":"2026-01-26T15:08:49+00:00","description":"Coneix l\u2019equip administratiu d\u2019Uros Associats: atenci\u00f3 al pacient, gesti\u00f3 de cites, coordinaci\u00f3 de visites i suport en el proc\u00e9s assistencial.","breadcrumb":{"@id":"https:\/\/uros.explotacionweb.es\/ca\/area-professional-equip-administratiu\/#breadcrumb"},"inLanguage":"ca","potentialAction":[{"@type":"ReadAction","target":["https:\/\/uros.explotacionweb.es\/ca\/area-professional-equip-administratiu\/"]}]},{"@type":"BreadcrumbList","@id":"https:\/\/uros.explotacionweb.es\/ca\/area-professional-equip-administratiu\/#breadcrumb","itemListElement":[{"@type":"ListItem","position":1,"name":"Inicio","item":"https:\/\/uros.explotacionweb.es\/ca\/"},{"@type":"ListItem","position":2,"name":"Equip Administratiu"}]},{"@type":"WebSite","@id":"https:\/\/uros.explotacionweb.es\/#website","url":"https:\/\/uros.explotacionweb.es\/","name":"Uros Associats","description":"Ur\u00f3logos en Barcelona y Tarragona. Expertos en todo tipo de tratamientos y patolog\u00edas de Urolog\u00eda | Androlog\u00eda, Chequeos, Cirug\u00eda, Oncolog\u00eda, Litiasis y m\u00e1s.","publisher":{"@id":"https:\/\/uros.explotacionweb.es\/#organization"},"potentialAction":[{"@type":"SearchAction","target":{"@type":"EntryPoint","urlTemplate":"https:\/\/uros.explotacionweb.es\/?s={search_term_string}"},"query-input":{"@type":"PropertyValueSpecification","valueRequired":true,"valueName":"search_term_string"}}],"inLanguage":"ca"},{"@type":"Organization","@id":"https:\/\/uros.explotacionweb.es\/#organization","name":"Uros Associats","url":"https:\/\/uros.explotacionweb.es\/","logo":{"@type":"ImageObject","inLanguage":"ca","@id":"https:\/\/uros.explotacionweb.es\/#\/schema\/logo\/image\/","url":"https:\/\/uros.explotacionweb.es\/wp-content\/uploads\/2020\/05\/logo-principal.png","contentUrl":"https:\/\/uros.explotacionweb.es\/wp-content\/uploads\/2020\/05\/logo-principal.png","width":688,"height":643,"caption":"Uros Associats"},"image":{"@id":"https:\/\/uros.explotacionweb.es\/#\/schema\/logo\/image\/"},"sameAs":["https:\/\/x.com\/uros_associats","https:\/\/www.instagram.com\/urosassociats_","https:\/\/www.linkedin.com\/company\/uros-associats"]}]}},"_links":{"self":[{"href":"https:\/\/uros.explotacionweb.es\/ca\/wp-json\/wp\/v2\/pages\/22394","targetHints":{"allow":["GET"]}}],"collection":[{"href":"https:\/\/uros.explotacionweb.es\/ca\/wp-json\/wp\/v2\/pages"}],"about":[{"href":"https:\/\/uros.explotacionweb.es\/ca\/wp-json\/wp\/v2\/types\/page"}],"author":[{"embeddable":true,"href":"https:\/\/uros.explotacionweb.es\/ca\/wp-json\/wp\/v2\/users\/3"}],"replies":[{"embeddable":true,"href":"https:\/\/uros.explotacionweb.es\/ca\/wp-json\/wp\/v2\/comments?post=22394"}],"version-history":[{"count":1,"href":"https:\/\/uros.explotacionweb.es\/ca\/wp-json\/wp\/v2\/pages\/22394\/revisions"}],"predecessor-version":[{"id":22400,"href":"https:\/\/uros.explotacionweb.es\/ca\/wp-json\/wp\/v2\/pages\/22394\/revisions\/22400"}],"wp:attachment":[{"href":"https:\/\/uros.explotacionweb.es\/ca\/wp-json\/wp\/v2\/media?parent=22394"}],"curies":[{"name":"wp","href":"https:\/\/api.w.org\/{rel}","templated":true}]}}