{"id":17532,"date":"2020-05-29T13:06:18","date_gmt":"2020-05-29T13:06:18","guid":{"rendered":"https:\/\/urosassociats.com\/uros-tarragona\/"},"modified":"2023-12-13T11:58:55","modified_gmt":"2023-12-13T11:58:55","slug":"uros-tarragona","status":"publish","type":"page","link":"https:\/\/uros.explotacionweb.es\/en\/uros-tarragona\/","title":{"rendered":"Uros Tarragona"},"content":{"rendered":"<div id=\"cmsmasters_row_bf9eb46315\" class=\"cmsmasters_row cmsmasters_color_scheme_default cmsmasters_row_top_default cmsmasters_row_bot_default cmsmasters_row_boxed\">\n<div class=\"cmsmasters_row_outer_parent\">\n<div class=\"cmsmasters_row_outer\">\n<div class=\"cmsmasters_row_inner\">\n<div class=\"cmsmasters_row_margin\">\n<div id=\"cmsmasters_column_7e736936bb\" class=\"cmsmasters_column one_half\">\n<div class=\"cmsmasters_column_inner\"><div class=\"cmsmasters_sidebar sidebar_layout_11\"><div class=\"cl\"><\/div>\n<\/div>\n<div class=\"cmsmasters_content_slider_wrap\" style=\"max-width:px;\"><div id=\"cmsmasters_slider_icrmgj0dbe\" class=\"cmsmasters_owl_slider owl-carousel cmsmasters_content_slider\" data-auto-play=\"7000\" data-stop-on-hover=\"true\" data-rewind-nav=\"true\" data-slide-speed=\"600\" data-pagination-speed=\"600\" data-rewind-speed=\"1000\" data-transition-style=\"false\" data-pagination=\"true\" data-navigation=\"false\" data-navigation-prev=\"<span><\/span>\" data-navigation-next=\"<span><\/span>\"><div class=\"cmsmasters_owl_slider_item cmsmasters_content_slider_item\"><img fetchpriority=\"high\" decoding=\"async\" width=\"1748\" height=\"1231\" src=\"https:\/\/uros.explotacionweb.es\/wp-content\/uploads\/2022\/03\/6s-scaled-e1647003827824.jpg\" class=\"attachment-full size-full\" alt=\"\" \/><\/div><\/div>\n<\/div>\n<\/div><\/div>\n<div id=\"cmsmasters_column_79f5b8e890\" class=\"cmsmasters_column one_half\">\n<div class=\"cmsmasters_column_inner\"><div id=\"cmsmasters_heading_36ea377cdb\" class=\"cmsmasters_heading_wrap cmsmasters_heading_align_left\">\n\t<h2 class=\"cmsmasters_heading\">Contact us<\/h2>\n<\/div><div class=\"cmsmasters_contact_form\">\n<div class=\"wpcf7 no-js\" id=\"wpcf7-f17764-o1\" lang=\"en-US\" dir=\"ltr\" data-wpcf7-id=\"17764\">\n<div class=\"screen-reader-response\"><p role=\"status\" aria-live=\"polite\" aria-atomic=\"true\"><\/p> <ul><\/ul><\/div>\n<form action=\"\/en\/wp-json\/wp\/v2\/pages\/17532#wpcf7-f17764-o1\" method=\"post\" class=\"wpcf7-form init\" aria-label=\"Contact form\" novalidate=\"novalidate\" data-status=\"init\">\n<fieldset class=\"hidden-fields-container\"><input type=\"hidden\" name=\"_wpcf7\" value=\"17764\" \/><input type=\"hidden\" name=\"_wpcf7_version\" value=\"6.1.1\" \/><input type=\"hidden\" name=\"_wpcf7_locale\" value=\"en_US\" \/><input type=\"hidden\" name=\"_wpcf7_unit_tag\" value=\"wpcf7-f17764-o1\" \/><input type=\"hidden\" name=\"_wpcf7_container_post\" value=\"0\" \/><input type=\"hidden\" name=\"_wpcf7_posted_data_hash\" value=\"\" \/><input type=\"hidden\" name=\"_wpcf7_recaptcha_response\" value=\"\" \/>\n<\/fieldset>\n<p><span class=\"wpcf7-form-control-wrap\" data-name=\"menu-372\"><select class=\"wpcf7-form-control wpcf7-select wpcf7-validates-as-required\" aria-required=\"true\" aria-invalid=\"false\" name=\"menu-372\"><option value=\"Select a center*\">Select a center*<\/option><option value=\"Sagrada Familia Clinic\">Sagrada Familia Clinic<\/option><option value=\"Teknon Medical Center\">Teknon Medical Center<\/option><option value=\"General Mitre Round\">General Mitre Round<\/option><option value=\"Uros Cuat Tarragona\">Uros Cuat Tarragona<\/option><option value=\"Ibiza Uros Associats\">Ibiza Uros Associats<\/option><option value=\"Badalona Uros Associats\">Badalona Uros Associats<\/option><\/select><\/span>\n<\/p>\n<p><span class=\"wpcf7-form-control-wrap\" data-name=\"your-name\"><input size=\"40\" maxlength=\"400\" class=\"wpcf7-form-control wpcf7-text wpcf7-validates-as-required\" aria-required=\"true\" aria-invalid=\"false\" placeholder=\"First and last name\" value=\"\" type=\"text\" name=\"your-name\" \/><\/span>\n<\/p>\n<p><span class=\"wpcf7-form-control-wrap\" data-name=\"phone\"><input size=\"40\" maxlength=\"400\" class=\"wpcf7-form-control wpcf7-tel wpcf7-validates-as-required wpcf7-text wpcf7-validates-as-tel\" aria-required=\"true\" aria-invalid=\"false\" placeholder=\"Phone\" value=\"\" type=\"tel\" name=\"phone\" \/><\/span>\n<\/p>\n<p><span class=\"wpcf7-form-control-wrap\" data-name=\"email-301\"><input size=\"40\" maxlength=\"400\" class=\"wpcf7-form-control wpcf7-email wpcf7-validates-as-required wpcf7-text wpcf7-validates-as-email\" aria-required=\"true\" aria-invalid=\"false\" placeholder=\"Email\" value=\"\" type=\"email\" name=\"email-301\" \/><\/span>\n<\/p>\n<p><span class=\"wpcf7-form-control-wrap\" data-name=\"textarea-753\"><textarea cols=\"40\" rows=\"3\" maxlength=\"2000\" class=\"wpcf7-form-control wpcf7-textarea wpcf7-validates-as-required\" aria-required=\"true\" aria-invalid=\"false\" placeholder=\"Message\" name=\"textarea-753\"><\/textarea><\/span>\n<\/p>\n<p><small>The Uros Group as data controller will process your data in order to answer your query or request. You can access, rectify and delete your data, as well as exercise other rights by consulting the additional and detailed information on data protection in our Privacy Policy.<\/small>\n<\/p>\n<p><span class=\"wpcf7-form-control-wrap\" data-name=\"acceptance-1\"><span class=\"wpcf7-form-control wpcf7-acceptance optional\"><span class=\"wpcf7-list-item\"><label><input type=\"checkbox\" name=\"acceptance-1\" value=\"1\" aria-invalid=\"false\" \/><span class=\"wpcf7-list-item-label\">I want to recieve the Uros newsletter<\/span><\/label><\/span><\/span><\/span>\n<\/p>\n<p><span class=\"wpcf7-form-control-wrap\" data-name=\"acceptance-1\"><span class=\"wpcf7-form-control wpcf7-acceptance\"><span class=\"wpcf7-list-item\"><label><input type=\"checkbox\" name=\"acceptance-1\" value=\"1\" aria-invalid=\"false\" \/><span class=\"wpcf7-list-item-label\">I have read and accept the <a href='https:\/\/uros.explotacionweb.es\/en\/privacy-policy\/' target='_blank'>Privacy Policy<\/a>.<\/span><\/label><\/span><\/span><\/span>\n<\/p>\n<p><span id=\"wpcf7-69e3925a64f9c-wrapper\" class=\"wpcf7-form-control-wrap email-wrap\" ><label for=\"wpcf7-69e3925a64f9c-field\" class=\"hp-message\">Please leave this field empty.<\/label><input id=\"wpcf7-69e3925a64f9c-field\"  class=\"wpcf7-form-control wpcf7-text\" type=\"text\" name=\"email\" value=\"\" size=\"40\" tabindex=\"-1\" autocomplete=\"new-password\" \/><\/span>\n<\/p>\n<p><input class=\"wpcf7-form-control wpcf7-submit has-spinner\" type=\"submit\" value=\"Submit\" \/>\n<\/p><div class=\"wpcf7-response-output\" aria-hidden=\"true\"><\/div>\n<\/form>\n<\/div>\n<\/div>\n<\/div><\/div>\n<\/div>\n<\/div>\n<\/div>\n<\/div>\n<\/div>\n<div id=\"cmsmasters_row_6493e01f59\" class=\"cmsmasters_row cmsmasters_color_scheme_default cmsmasters_row_top_default cmsmasters_row_bot_default cmsmasters_row_fullwidth\">\n<div class=\"cmsmasters_row_outer_parent\">\n<div class=\"cmsmasters_row_outer\">\n<div class=\"cmsmasters_row_inner cmsmasters_row_fullwidth\">\n<div class=\"cmsmasters_row_margin\">\n<div id=\"cmsmasters_column_d9b589c37c\" class=\"cmsmasters_column one_first\">\n<div class=\"cmsmasters_column_inner\"><div class=\"custom_html\">\n<iframe src=\"https:\/\/www.google.com\/maps\/embed?pb=!1m18!1m12!1m3!1d6011.668319062243!2d1.2464786112471995!3d41.11631283772646!2m3!1f0!2f0!3f0!3m2!1i1024!2i768!4f13.1!3m3!1m2!1s0x12a3fd2a3f8a117b%3A0x71f6be8ed31db9d9!2sUr%C3%B3logos%20Tarragona%20-%20Uros%20Associats!5e0!3m2!1ses!2ses!4v1591255160475!5m2!1ses!2ses\" width=\"100%\" height=\"450\" frameborder=\"0\" style=\"border:0;\" allowfullscreen=\"\" aria-hidden=\"false\" tabindex=\"0\"><\/iframe>\n<\/div>\n<\/div><\/div>\n<\/div>\n<\/div>\n<\/div>\n<\/div>\n<\/div>\n<div id=\"cmsmasters_row_p4x5989ffn\" class=\"cmsmasters_row cmsmasters_color_scheme_default cmsmasters_row_top_default cmsmasters_row_bot_default cmsmasters_row_boxed\">\n<div class=\"cmsmasters_row_outer_parent\">\n<div class=\"cmsmasters_row_outer\">\n<div class=\"cmsmasters_row_inner\">\n<div class=\"cmsmasters_row_margin\">\n<div id=\"cmsmasters_column_c24fa9c6e7\" class=\"cmsmasters_column one_first\">\n<div class=\"cmsmasters_column_inner\"><div id=\"cmsmasters_heading_90pv15i29c\" class=\"cmsmasters_heading_wrap cmsmasters_heading_align_left\">\n\t<h1 class=\"cmsmasters_heading\">How to get there<\/h1>\n<\/div><div class=\"cmsmasters_toggles toggles_mode_toggle\">\n<div class=\"cmsmasters_toggle_wrap\" data-tags=\"all \">\n<div class=\"cmsmasters_toggle_title\">\n<span class=\"cmsmasters_toggle_plus\">\n<span class=\"cmsmasters_toggle_plus_hor\"><\/span>\n<span class=\"cmsmasters_toggle_plus_vert\"><\/span>\n<\/span>\n<a href=\"#\">BY PUBLIC TRANSPORT<\/a>\n<\/div>\n<div class=\"cmsmasters_toggle\">\n<div class=\"cmsmasters_toggle_inner\">\n<div class=\"transporte-publico-list\">\n<div class=\"autobuses-list\">\n<div class=\"title-with-logo\">BUSES<\/div>\n<div class=\"autobuses-title\"><\/div>\n<ul>\n<li><span class=\"autobuses-line blue11\">11<\/span><a href=\"http:\/\/emtanemambtu.cat\/about\/detalldelineas\/?linecode=11\">Boscos &#8211; Enric d&#8217;Oss\u00f3<\/a><\/li>\n<li><span class=\"autobuses-line pink12\">12<\/span><a href=\"http:\/\/emtanemambtu.cat\/about\/detalldelineas\/?linecode=12\">La Mora &#8211; Enric d&#8217;Oss\u00f3<\/a><\/li>\n<\/ul>\n<\/div>\n<\/div>\n<\/div>\n<\/div>\n<\/div><div class=\"cmsmasters_toggle_wrap\" data-tags=\"all \">\n<div class=\"cmsmasters_toggle_title\">\n<span class=\"cmsmasters_toggle_plus\">\n<span class=\"cmsmasters_toggle_plus_hor\"><\/span>\n<span class=\"cmsmasters_toggle_plus_vert\"><\/span>\n<\/span>\n<a href=\"#\">BY PRIVATE TRANSPORT<\/a>\n<\/div>\n<div class=\"cmsmasters_toggle\">\n<div class=\"cmsmasters_toggle_inner\">\n<ul>\n<li><strong>Aparcament Mercat Central<\/strong><br \/>\n(C\/ de Crist\u00f2for Colom, 1, 43001 Tarragona)<\/li>\n<li><strong>Aparcament Corsini<\/strong><br \/>\n(Pl. de Corsini, 43001 Tarragona)<\/li>\n<\/ul>\n<\/div>\n<\/div>\n<\/div><\/div>\n<\/div><\/div>\n<\/div>\n<\/div>\n<\/div>\n<\/div>\n<\/div>\n<div id=\"cmsmasters_row_1gkdm7rwi\" class=\"cmsmasters_row cmsmasters_color_scheme_default cmsmasters_row_top_default cmsmasters_row_bot_default cmsmasters_row_boxed\">\n<div class=\"cmsmasters_row_outer_parent\">\n<div class=\"cmsmasters_row_outer\">\n<div class=\"cmsmasters_row_inner\">\n<div class=\"cmsmasters_row_margin\">\n<div id=\"cmsmasters_column_4v4tbvd7ju\" class=\"cmsmasters_column one_first\">\n<div class=\"cmsmasters_column_inner\"><div id=\"cmsmasters_heading_5mylfp7e6\" class=\"cmsmasters_heading_wrap cmsmasters_heading_align_left\">\n\t<h1 class=\"cmsmasters_heading\">Mutual<\/h1>\n<\/div><div class=\"cmsmasters_clients_slider_wrap enable_slider_control\">\n<div id=\"cmsmasters_clients_kgea121d95\" class=\"cmsmasters_owl_slider owl-carousel cmsmasters_clients_slider enable_slides_control\" data-items=\"5\" data-single-item=\"false\" data-auto-play=\"5000\" data-slide-speed=\"5000\" data-pagination-speed=\"5000\" data-pagination=\"true\" data-navigation=\"false\"><div class=\"cmsmasters_clients_item item cmsmasters_owl_slider_item\"><img decoding=\"async\" src=\"https:\/\/uros.explotacionweb.es\/wp-content\/uploads\/2020\/06\/1.-adelsas.jpg\" alt=\"Adeslas\" title=\"Adeslas\" \/><\/div><div class=\"cmsmasters_clients_item item cmsmasters_owl_slider_item\"><img decoding=\"async\" src=\"https:\/\/uros.explotacionweb.es\/wp-content\/uploads\/2020\/06\/2.-agrupacio-mutua.jpg\" alt=\"Agrupaci\u00f3 Mutua\" title=\"Agrupaci\u00f3 Mutua\" \/><\/div><div class=\"cmsmasters_clients_item item cmsmasters_owl_slider_item\"><img decoding=\"async\" src=\"https:\/\/uros.explotacionweb.es\/wp-content\/uploads\/2020\/06\/3.-allianz.jpg\" alt=\"Allianz\" title=\"Allianz\" \/><\/div><div class=\"cmsmasters_clients_item item cmsmasters_owl_slider_item\"><img decoding=\"async\" src=\"https:\/\/uros.explotacionweb.es\/wp-content\/uploads\/2020\/06\/4.-asefa.jpg\" alt=\"Asefa\" title=\"Asefa\" \/><\/div><div class=\"cmsmasters_clients_item item cmsmasters_owl_slider_item\"><img decoding=\"async\" src=\"https:\/\/uros.explotacionweb.es\/wp-content\/uploads\/2020\/06\/5.-assistencia_sanitaria_collegial.jpg\" alt=\"Collegiate Health Assistance\" title=\"Collegiate Health Assistance\" \/><\/div><div class=\"cmsmasters_clients_item item cmsmasters_owl_slider_item\"><img decoding=\"async\" src=\"https:\/\/uros.explotacionweb.es\/wp-content\/uploads\/2020\/06\/6.-axa-winterthur-salud.jpg\" alt=\"AXA\" title=\"AXA\" \/><\/div><div class=\"cmsmasters_clients_item item cmsmasters_owl_slider_item\"><img decoding=\"async\" src=\"https:\/\/uros.explotacionweb.es\/wp-content\/uploads\/2020\/06\/7.-caser.jpg\" alt=\"Caser\" title=\"Caser\" \/><\/div><div class=\"cmsmasters_clients_item item cmsmasters_owl_slider_item\"><img decoding=\"async\" src=\"https:\/\/uros.explotacionweb.es\/wp-content\/uploads\/2020\/06\/8.-CIGNA-logo.jpg\" alt=\"Cigna\" title=\"Cigna\" \/><\/div><div class=\"cmsmasters_clients_item item cmsmasters_owl_slider_item\"><img decoding=\"async\" src=\"https:\/\/uros.explotacionweb.es\/wp-content\/uploads\/2020\/06\/9.-clinicum.jpg\" alt=\"Clinicum\" title=\"Clinicum\" \/><\/div><div class=\"cmsmasters_clients_item item cmsmasters_owl_slider_item\"><img decoding=\"async\" src=\"https:\/\/uros.explotacionweb.es\/wp-content\/uploads\/2020\/06\/10.-dkv.jpg\" alt=\"DKV\" title=\"DKV\" \/><\/div><div class=\"cmsmasters_clients_item item cmsmasters_owl_slider_item\"><img decoding=\"async\" src=\"https:\/\/uros.explotacionweb.es\/wp-content\/uploads\/2020\/06\/11.-latina.jpg\" alt=\"Latin\" title=\"Latin\" \/><\/div><div class=\"cmsmasters_clients_item item cmsmasters_owl_slider_item\"><img decoding=\"async\" src=\"https:\/\/uros.explotacionweb.es\/wp-content\/uploads\/2020\/06\/12.-MEDIFIATC.jpg\" alt=\"Medifiatc\" title=\"Medifiatc\" \/><\/div><div class=\"cmsmasters_clients_item item cmsmasters_owl_slider_item\"><img decoding=\"async\" src=\"https:\/\/uros.explotacionweb.es\/wp-content\/uploads\/2020\/06\/13.-generali.jpg\" alt=\"Generali\" title=\"Generali\" \/><\/div><div class=\"cmsmasters_clients_item item cmsmasters_owl_slider_item\"><img decoding=\"async\" src=\"https:\/\/uros.explotacionweb.es\/wp-content\/uploads\/2020\/06\/14.-groupama.jpg\" alt=\"Groupama\" title=\"Groupama\" \/><\/div><div class=\"cmsmasters_clients_item item cmsmasters_owl_slider_item\"><img decoding=\"async\" src=\"https:\/\/uros.explotacionweb.es\/wp-content\/uploads\/2020\/06\/15.-mapfre.jpg\" alt=\"Mapfre\" title=\"Mapfre\" \/><\/div><div class=\"cmsmasters_clients_item item cmsmasters_owl_slider_item\"><img decoding=\"async\" src=\"https:\/\/uros.explotacionweb.es\/wp-content\/uploads\/2020\/06\/16.-MUTUA-TRANSPORTE.jpg\" alt=\"Mutual Transport\" title=\"Mutual Transport\" \/><\/div><div class=\"cmsmasters_clients_item item cmsmasters_owl_slider_item\"><img decoding=\"async\" src=\"https:\/\/uros.explotacionweb.es\/wp-content\/uploads\/2020\/06\/17.-MUTUA-GRAL-CATALUNYA.jpg\" alt=\"Mutua Gral Catalunya\" title=\"Mutua Gral Catalunya\" \/><\/div><div class=\"cmsmasters_clients_item item cmsmasters_owl_slider_item\"><img decoding=\"async\" src=\"https:\/\/uros.explotacionweb.es\/wp-content\/uploads\/2020\/06\/18.-MUTUA-MANRESANA.jpg\" alt=\"Mutua Manresana\" title=\"Mutua Manresana\" \/><\/div><div class=\"cmsmasters_clients_item item cmsmasters_owl_slider_item\"><img decoding=\"async\" src=\"https:\/\/uros.explotacionweb.es\/wp-content\/uploads\/2020\/06\/19.-SANITAS.jpg\" alt=\"Sanitas\" title=\"Sanitas\" \/><\/div><div class=\"cmsmasters_clients_item item cmsmasters_owl_slider_item\"><img decoding=\"async\" src=\"https:\/\/uros.explotacionweb.es\/wp-content\/uploads\/2020\/06\/20.-cosalud.jpg\" alt=\"Cohealth\" title=\"Cohealth\" \/><\/div><\/div>\n<\/div>\n<\/div><\/div>\n<\/div>\n<\/div>\n<\/div>\n<\/div>\n<\/div>\n<div id=\"cmsmasters_row_5bzq9nw7gq\" class=\"cmsmasters_row cmsmasters_color_scheme_default cmsmasters_row_top_default cmsmasters_row_bot_default cmsmasters_row_boxed\">\n<div class=\"cmsmasters_row_outer_parent\">\n<div class=\"cmsmasters_row_outer\">\n<div class=\"cmsmasters_row_inner\">\n<div class=\"cmsmasters_row_margin\">\n<div id=\"cmsmasters_column_h3hkooz7uh\" class=\"cmsmasters_column one_first\">\n<div class=\"cmsmasters_column_inner\"><\/div><\/div>\n<\/div>\n<\/div>\n<\/div>\n<\/div>\n<\/div>\n\n","protected":false},"excerpt":{"rendered":"","protected":false},"author":3,"featured_media":0,"parent":0,"menu_order":0,"comment_status":"closed","ping_status":"closed","template":"","meta":{"footnotes":""},"class_list":["post-17532","page","type-page","status-publish","hentry"],"yoast_head":"<!-- This site is optimized with the Yoast SEO plugin v25.9 - https:\/\/yoast.com\/wordpress\/plugins\/seo\/ -->\n<title>Uros Tarragona &#8211; Uros Associats<\/title>\n<meta name=\"description\" content=\"Uros Associats we have a urology office in Tarragona. Consultation of urology by private and mutual.\" \/>\n<meta name=\"robots\" content=\"noindex, follow, max-snippet:-1, max-image-preview:large, max-video-preview:-1\" \/>\n<meta property=\"og:locale\" content=\"en_US\" \/>\n<meta property=\"og:type\" content=\"article\" \/>\n<meta property=\"og:title\" content=\"Uros Tarragona &#8211; Uros Associats\" \/>\n<meta property=\"og:description\" content=\"Uros Associats we have a urology office in Tarragona. Consultation of urology by private and mutual.\" \/>\n<meta property=\"og:url\" content=\"https:\/\/uros.explotacionweb.es\/en\/uros-tarragona\/\" \/>\n<meta property=\"og:site_name\" content=\"Uros Associats\" \/>\n<meta property=\"article:modified_time\" content=\"2023-12-13T11:58:55+00:00\" \/>\n<meta property=\"og:image\" content=\"https:\/\/uros.explotacionweb.es\/wp-content\/uploads\/2020\/05\/logo-principal.png\" \/>\n\t<meta property=\"og:image:width\" content=\"688\" \/>\n\t<meta property=\"og:image:height\" content=\"643\" \/>\n\t<meta property=\"og:image:type\" content=\"image\/png\" \/>\n<meta name=\"twitter:card\" content=\"summary_large_image\" \/>\n<meta name=\"twitter:site\" content=\"@uros_associats\" \/>\n<meta name=\"twitter:label1\" content=\"Est. reading time\" \/>\n\t<meta name=\"twitter:data1\" content=\"2 minutes\" \/>\n<script type=\"application\/ld+json\" class=\"yoast-schema-graph\">{\"@context\":\"https:\/\/schema.org\",\"@graph\":[{\"@type\":\"WebPage\",\"@id\":\"https:\/\/uros.explotacionweb.es\/en\/uros-tarragona\/\",\"url\":\"https:\/\/uros.explotacionweb.es\/en\/uros-tarragona\/\",\"name\":\"Uros Tarragona &#8211; Uros Associats\",\"isPartOf\":{\"@id\":\"https:\/\/uros.explotacionweb.es\/#website\"},\"datePublished\":\"2020-05-29T13:06:18+00:00\",\"dateModified\":\"2023-12-13T11:58:55+00:00\",\"description\":\"Uros Associats we have a urology office in Tarragona. Consultation of urology by private and mutual.\",\"breadcrumb\":{\"@id\":\"https:\/\/uros.explotacionweb.es\/en\/uros-tarragona\/#breadcrumb\"},\"inLanguage\":\"en-US\",\"potentialAction\":[{\"@type\":\"ReadAction\",\"target\":[\"https:\/\/uros.explotacionweb.es\/en\/uros-tarragona\/\"]}]},{\"@type\":\"BreadcrumbList\",\"@id\":\"https:\/\/uros.explotacionweb.es\/en\/uros-tarragona\/#breadcrumb\",\"itemListElement\":[{\"@type\":\"ListItem\",\"position\":1,\"name\":\"Inicio\",\"item\":\"https:\/\/uros.explotacionweb.es\/en\/\"},{\"@type\":\"ListItem\",\"position\":2,\"name\":\"Uros Tarragona\"}]},{\"@type\":\"WebSite\",\"@id\":\"https:\/\/uros.explotacionweb.es\/#website\",\"url\":\"https:\/\/uros.explotacionweb.es\/\",\"name\":\"Uros Associats\",\"description\":\"Ur\u00f3logos en Barcelona y Tarragona. Expertos en todo tipo de tratamientos y patolog\u00edas de Urolog\u00eda | Androlog\u00eda, Chequeos, Cirug\u00eda, Oncolog\u00eda, Litiasis y m\u00e1s.\",\"publisher\":{\"@id\":\"https:\/\/uros.explotacionweb.es\/#organization\"},\"potentialAction\":[{\"@type\":\"SearchAction\",\"target\":{\"@type\":\"EntryPoint\",\"urlTemplate\":\"https:\/\/uros.explotacionweb.es\/?s={search_term_string}\"},\"query-input\":{\"@type\":\"PropertyValueSpecification\",\"valueRequired\":true,\"valueName\":\"search_term_string\"}}],\"inLanguage\":\"en-US\"},{\"@type\":\"Organization\",\"@id\":\"https:\/\/uros.explotacionweb.es\/#organization\",\"name\":\"Uros Associats\",\"url\":\"https:\/\/uros.explotacionweb.es\/\",\"logo\":{\"@type\":\"ImageObject\",\"inLanguage\":\"en-US\",\"@id\":\"https:\/\/uros.explotacionweb.es\/#\/schema\/logo\/image\/\",\"url\":\"https:\/\/uros.explotacionweb.es\/wp-content\/uploads\/2020\/05\/logo-principal.png\",\"contentUrl\":\"https:\/\/uros.explotacionweb.es\/wp-content\/uploads\/2020\/05\/logo-principal.png\",\"width\":688,\"height\":643,\"caption\":\"Uros Associats\"},\"image\":{\"@id\":\"https:\/\/uros.explotacionweb.es\/#\/schema\/logo\/image\/\"},\"sameAs\":[\"https:\/\/x.com\/uros_associats\",\"https:\/\/www.instagram.com\/urosassociats_\",\"https:\/\/www.linkedin.com\/company\/uros-associats\"]}]}<\/script>\n<!-- \/ Yoast SEO plugin. -->","yoast_head_json":{"title":"Uros Tarragona &#8211; Uros Associats","description":"Uros Associats we have a urology office in Tarragona. Consultation of urology by private and mutual.","robots":{"index":"noindex","follow":"follow","max-snippet":"max-snippet:-1","max-image-preview":"max-image-preview:large","max-video-preview":"max-video-preview:-1"},"og_locale":"en_US","og_type":"article","og_title":"Uros Tarragona &#8211; Uros Associats","og_description":"Uros Associats we have a urology office in Tarragona. Consultation of urology by private and mutual.","og_url":"https:\/\/uros.explotacionweb.es\/en\/uros-tarragona\/","og_site_name":"Uros Associats","article_modified_time":"2023-12-13T11:58:55+00:00","og_image":[{"width":688,"height":643,"url":"https:\/\/uros.explotacionweb.es\/wp-content\/uploads\/2020\/05\/logo-principal.png","type":"image\/png"}],"twitter_card":"summary_large_image","twitter_site":"@uros_associats","twitter_misc":{"Est. reading time":"2 minutes"},"schema":{"@context":"https:\/\/schema.org","@graph":[{"@type":"WebPage","@id":"https:\/\/uros.explotacionweb.es\/en\/uros-tarragona\/","url":"https:\/\/uros.explotacionweb.es\/en\/uros-tarragona\/","name":"Uros Tarragona &#8211; Uros Associats","isPartOf":{"@id":"https:\/\/uros.explotacionweb.es\/#website"},"datePublished":"2020-05-29T13:06:18+00:00","dateModified":"2023-12-13T11:58:55+00:00","description":"Uros Associats we have a urology office in Tarragona. Consultation of urology by private and mutual.","breadcrumb":{"@id":"https:\/\/uros.explotacionweb.es\/en\/uros-tarragona\/#breadcrumb"},"inLanguage":"en-US","potentialAction":[{"@type":"ReadAction","target":["https:\/\/uros.explotacionweb.es\/en\/uros-tarragona\/"]}]},{"@type":"BreadcrumbList","@id":"https:\/\/uros.explotacionweb.es\/en\/uros-tarragona\/#breadcrumb","itemListElement":[{"@type":"ListItem","position":1,"name":"Inicio","item":"https:\/\/uros.explotacionweb.es\/en\/"},{"@type":"ListItem","position":2,"name":"Uros Tarragona"}]},{"@type":"WebSite","@id":"https:\/\/uros.explotacionweb.es\/#website","url":"https:\/\/uros.explotacionweb.es\/","name":"Uros Associats","description":"Ur\u00f3logos en Barcelona y Tarragona. Expertos en todo tipo de tratamientos y patolog\u00edas de Urolog\u00eda | Androlog\u00eda, Chequeos, Cirug\u00eda, Oncolog\u00eda, Litiasis y m\u00e1s.","publisher":{"@id":"https:\/\/uros.explotacionweb.es\/#organization"},"potentialAction":[{"@type":"SearchAction","target":{"@type":"EntryPoint","urlTemplate":"https:\/\/uros.explotacionweb.es\/?s={search_term_string}"},"query-input":{"@type":"PropertyValueSpecification","valueRequired":true,"valueName":"search_term_string"}}],"inLanguage":"en-US"},{"@type":"Organization","@id":"https:\/\/uros.explotacionweb.es\/#organization","name":"Uros Associats","url":"https:\/\/uros.explotacionweb.es\/","logo":{"@type":"ImageObject","inLanguage":"en-US","@id":"https:\/\/uros.explotacionweb.es\/#\/schema\/logo\/image\/","url":"https:\/\/uros.explotacionweb.es\/wp-content\/uploads\/2020\/05\/logo-principal.png","contentUrl":"https:\/\/uros.explotacionweb.es\/wp-content\/uploads\/2020\/05\/logo-principal.png","width":688,"height":643,"caption":"Uros Associats"},"image":{"@id":"https:\/\/uros.explotacionweb.es\/#\/schema\/logo\/image\/"},"sameAs":["https:\/\/x.com\/uros_associats","https:\/\/www.instagram.com\/urosassociats_","https:\/\/www.linkedin.com\/company\/uros-associats"]}]}},"_links":{"self":[{"href":"https:\/\/uros.explotacionweb.es\/en\/wp-json\/wp\/v2\/pages\/17532","targetHints":{"allow":["GET"]}}],"collection":[{"href":"https:\/\/uros.explotacionweb.es\/en\/wp-json\/wp\/v2\/pages"}],"about":[{"href":"https:\/\/uros.explotacionweb.es\/en\/wp-json\/wp\/v2\/types\/page"}],"author":[{"embeddable":true,"href":"https:\/\/uros.explotacionweb.es\/en\/wp-json\/wp\/v2\/users\/3"}],"replies":[{"embeddable":true,"href":"https:\/\/uros.explotacionweb.es\/en\/wp-json\/wp\/v2\/comments?post=17532"}],"version-history":[{"count":7,"href":"https:\/\/uros.explotacionweb.es\/en\/wp-json\/wp\/v2\/pages\/17532\/revisions"}],"predecessor-version":[{"id":21561,"href":"https:\/\/uros.explotacionweb.es\/en\/wp-json\/wp\/v2\/pages\/17532\/revisions\/21561"}],"wp:attachment":[{"href":"https:\/\/uros.explotacionweb.es\/en\/wp-json\/wp\/v2\/media?parent=17532"}],"curies":[{"name":"wp","href":"https:\/\/api.w.org\/{rel}","templated":true}]}}