{"id":18559,"date":"2023-03-01T15:18:29","date_gmt":"2023-03-01T15:18:29","guid":{"rendered":"https:\/\/urosassociats.com\/app-uros-m4d\/"},"modified":"2023-03-09T14:59:10","modified_gmt":"2023-03-09T14:59:10","slug":"app-uros-m4d","status":"publish","type":"page","link":"https:\/\/uros.explotacionweb.es\/en\/app-uros-m4d\/","title":{"rendered":"APP UROS \u2013 M4D"},"content":{"rendered":"<div id=\"cmsmasters_row_xdjtx3imon\" class=\"cmsmasters_row cmsmasters_color_scheme_default cmsmasters_row_top_default cmsmasters_row_bot_default cmsmasters_row_boxed\">\n<div class=\"cmsmasters_row_outer_parent\">\n<div class=\"cmsmasters_row_outer\">\n<div class=\"cmsmasters_row_inner\">\n<div class=\"cmsmasters_row_margin\">\n<div id=\"cmsmasters_column_xweyxxngt\" class=\"cmsmasters_column one_first\">\n<div class=\"cmsmasters_column_inner\"><\/div><\/div>\n<\/div>\n<\/div>\n<\/div>\n<\/div>\n<\/div>\n<div id=\"cmsmasters_row_7oanqdogy\" class=\"cmsmasters_row cmsmasters_color_scheme_default cmsmasters_row_top_default cmsmasters_row_bot_default cmsmasters_row_boxed\">\n<div class=\"cmsmasters_row_outer_parent\">\n<div class=\"cmsmasters_row_outer\">\n<div class=\"cmsmasters_row_inner\">\n<div class=\"cmsmasters_row_margin\">\n<div id=\"cmsmasters_column_vm1u688af\" class=\"cmsmasters_column one_first\">\n<div class=\"cmsmasters_column_inner\"><div class=\"cmsmasters_text\">\n<h2 class=\"h-subtitulo-app\">Want to find out how to start using the APP?<\/h2>\n<p class=\"h-subtitulo-app\">DISCOVER<\/p>\n<p class=\"p-subtitulo-app\">THE STEP-BY-STEP GUIDE<\/p>\n<\/div>\n<\/div><\/div>\n<\/div>\n<\/div>\n<\/div>\n<\/div>\n<\/div>\n<div id=\"cmsmasters_row_zp2ddr4nma\" class=\"cmsmasters_row cmsmasters_color_scheme_default cmsmasters_row_top_default cmsmasters_row_bot_default cmsmasters_row_boxed\">\n<div class=\"cmsmasters_row_outer_parent\">\n<div class=\"cmsmasters_row_outer\">\n<div class=\"cmsmasters_row_inner\">\n<div class=\"cmsmasters_row_margin\">\n<div id=\"cmsmasters_column_pjyfbnita\" class=\"cmsmasters_column one_first\">\n<div class=\"cmsmasters_column_inner\"><div class=\"custom_html\">\n<iframe class=\"video-m4d-app\" src=\"https:\/\/www.youtube.com\/embed\/Wmsg-8jv4D4\" title=\"YouTube video player\" frameborder=\"0\" allow=\"accelerometer; autoplay; clipboard-write; encrypted-media; gyroscope; picture-in-picture; web-share\" allowfullscreen><\/iframe>\n<\/div>\n<\/div><\/div>\n<\/div>\n<\/div>\n<\/div>\n<\/div>\n<\/div>\n<div id=\"cmsmasters_row_ptevma9zvh\" class=\"cmsmasters_row cmsmasters_color_scheme_default cmsmasters_row_top_default cmsmasters_row_bot_default cmsmasters_row_boxed\">\n<div class=\"cmsmasters_row_outer_parent\">\n<div class=\"cmsmasters_row_outer\">\n<div class=\"cmsmasters_row_inner\">\n<div class=\"cmsmasters_row_margin\">\n<div id=\"cmsmasters_column_e84ua9ur4\" class=\"cmsmasters_column one_first\">\n<div class=\"cmsmasters_column_inner\"><div class=\"cmsmasters_text\">\n<p style=\"text-align: center;\"><strong>Schedule your appointments online from your mobile phone<\/strong><\/p>\n<h2 style=\"text-align: center;\"><strong>Download the M4D App here<\/strong><\/h2>\n<div class=\"p-img-appm4d\"><a href=\"https:\/\/play.google.com\/store\/apps\/details?id=com.m4d.m4donline&amp;hl=es_419\"><img decoding=\"async\" class=\"img-link-appm4d\" src=\"https:\/\/uros.explotacionweb.es\/wp-content\/uploads\/2023\/03\/google-play-300x88-1.png\" \/><\/a><a href=\"https:\/\/apps.apple.com\/es\/app\/m4d-online\/id1353769254\"><img decoding=\"async\" class=\"img-link-appm4d\" src=\"https:\/\/uros.explotacionweb.es\/wp-content\/uploads\/2023\/03\/app-Store-300x93-1.png\" \/><\/a><\/div>\n<\/div>\n<\/div><\/div>\n<\/div>\n<\/div>\n<\/div>\n<\/div>\n<\/div>\n\n","protected":false},"excerpt":{"rendered":"","protected":false},"author":3,"featured_media":0,"parent":0,"menu_order":0,"comment_status":"closed","ping_status":"closed","template":"","meta":{"footnotes":""},"class_list":["post-18559","page","type-page","status-publish","hentry"],"yoast_head":"<!-- This site is optimized with the Yoast SEO plugin v25.9 - https:\/\/yoast.com\/wordpress\/plugins\/seo\/ -->\n<title>APP UROS \u2013 M4D &#8211; Uros Associats<\/title>\n<meta name=\"robots\" content=\"noindex, follow, max-snippet:-1, max-image-preview:large, max-video-preview:-1\" \/>\n<meta property=\"og:locale\" content=\"en_US\" \/>\n<meta property=\"og:type\" content=\"article\" \/>\n<meta property=\"og:title\" content=\"APP UROS \u2013 M4D &#8211; Uros Associats\" \/>\n<meta property=\"og:url\" content=\"https:\/\/uros.explotacionweb.es\/en\/app-uros-m4d\/\" \/>\n<meta property=\"og:site_name\" content=\"Uros Associats\" \/>\n<meta property=\"article:modified_time\" content=\"2023-03-09T14:59:10+00:00\" \/>\n<meta property=\"og:image\" content=\"https:\/\/uros.explotacionweb.es\/wp-content\/uploads\/2023\/03\/google-play-300x88-1.png\" \/>\n<meta name=\"twitter:card\" content=\"summary_large_image\" \/>\n<meta name=\"twitter:site\" content=\"@uros_associats\" \/>\n<meta name=\"twitter:label1\" content=\"Est. reading time\" \/>\n\t<meta name=\"twitter:data1\" content=\"2 minutes\" \/>\n<script type=\"application\/ld+json\" class=\"yoast-schema-graph\">{\"@context\":\"https:\/\/schema.org\",\"@graph\":[{\"@type\":\"WebPage\",\"@id\":\"https:\/\/uros.explotacionweb.es\/en\/app-uros-m4d\/\",\"url\":\"https:\/\/uros.explotacionweb.es\/en\/app-uros-m4d\/\",\"name\":\"APP UROS \u2013 M4D &#8211; Uros Associats\",\"isPartOf\":{\"@id\":\"https:\/\/uros.explotacionweb.es\/#website\"},\"primaryImageOfPage\":{\"@id\":\"https:\/\/uros.explotacionweb.es\/en\/app-uros-m4d\/#primaryimage\"},\"image\":{\"@id\":\"https:\/\/uros.explotacionweb.es\/en\/app-uros-m4d\/#primaryimage\"},\"thumbnailUrl\":\"https:\/\/uros.explotacionweb.es\/wp-content\/uploads\/2023\/03\/google-play-300x88-1.png\",\"datePublished\":\"2023-03-01T15:18:29+00:00\",\"dateModified\":\"2023-03-09T14:59:10+00:00\",\"breadcrumb\":{\"@id\":\"https:\/\/uros.explotacionweb.es\/en\/app-uros-m4d\/#breadcrumb\"},\"inLanguage\":\"en-US\",\"potentialAction\":[{\"@type\":\"ReadAction\",\"target\":[\"https:\/\/uros.explotacionweb.es\/en\/app-uros-m4d\/\"]}]},{\"@type\":\"ImageObject\",\"inLanguage\":\"en-US\",\"@id\":\"https:\/\/uros.explotacionweb.es\/en\/app-uros-m4d\/#primaryimage\",\"url\":\"https:\/\/uros.explotacionweb.es\/wp-content\/uploads\/2023\/03\/google-play-300x88-1.png\",\"contentUrl\":\"https:\/\/uros.explotacionweb.es\/wp-content\/uploads\/2023\/03\/google-play-300x88-1.png\"},{\"@type\":\"BreadcrumbList\",\"@id\":\"https:\/\/uros.explotacionweb.es\/en\/app-uros-m4d\/#breadcrumb\",\"itemListElement\":[{\"@type\":\"ListItem\",\"position\":1,\"name\":\"Inicio\",\"item\":\"https:\/\/uros.explotacionweb.es\/en\/\"},{\"@type\":\"ListItem\",\"position\":2,\"name\":\"APP UROS \u2013 M4D\"}]},{\"@type\":\"WebSite\",\"@id\":\"https:\/\/uros.explotacionweb.es\/#website\",\"url\":\"https:\/\/uros.explotacionweb.es\/\",\"name\":\"Uros Associats\",\"description\":\"Ur\u00f3logos en Barcelona y Tarragona. Expertos en todo tipo de tratamientos y patolog\u00edas de Urolog\u00eda | Androlog\u00eda, Chequeos, Cirug\u00eda, Oncolog\u00eda, Litiasis y m\u00e1s.\",\"publisher\":{\"@id\":\"https:\/\/uros.explotacionweb.es\/#organization\"},\"potentialAction\":[{\"@type\":\"SearchAction\",\"target\":{\"@type\":\"EntryPoint\",\"urlTemplate\":\"https:\/\/uros.explotacionweb.es\/?s={search_term_string}\"},\"query-input\":{\"@type\":\"PropertyValueSpecification\",\"valueRequired\":true,\"valueName\":\"search_term_string\"}}],\"inLanguage\":\"en-US\"},{\"@type\":\"Organization\",\"@id\":\"https:\/\/uros.explotacionweb.es\/#organization\",\"name\":\"Uros Associats\",\"url\":\"https:\/\/uros.explotacionweb.es\/\",\"logo\":{\"@type\":\"ImageObject\",\"inLanguage\":\"en-US\",\"@id\":\"https:\/\/uros.explotacionweb.es\/#\/schema\/logo\/image\/\",\"url\":\"https:\/\/uros.explotacionweb.es\/wp-content\/uploads\/2020\/05\/logo-principal.png\",\"contentUrl\":\"https:\/\/uros.explotacionweb.es\/wp-content\/uploads\/2020\/05\/logo-principal.png\",\"width\":688,\"height\":643,\"caption\":\"Uros Associats\"},\"image\":{\"@id\":\"https:\/\/uros.explotacionweb.es\/#\/schema\/logo\/image\/\"},\"sameAs\":[\"https:\/\/x.com\/uros_associats\",\"https:\/\/www.instagram.com\/urosassociats_\",\"https:\/\/www.linkedin.com\/company\/uros-associats\"]}]}<\/script>\n<!-- \/ Yoast SEO plugin. -->","yoast_head_json":{"title":"APP UROS \u2013 M4D &#8211; Uros Associats","robots":{"index":"noindex","follow":"follow","max-snippet":"max-snippet:-1","max-image-preview":"max-image-preview:large","max-video-preview":"max-video-preview:-1"},"og_locale":"en_US","og_type":"article","og_title":"APP UROS \u2013 M4D &#8211; Uros Associats","og_url":"https:\/\/uros.explotacionweb.es\/en\/app-uros-m4d\/","og_site_name":"Uros Associats","article_modified_time":"2023-03-09T14:59:10+00:00","og_image":[{"url":"https:\/\/uros.explotacionweb.es\/wp-content\/uploads\/2023\/03\/google-play-300x88-1.png","type":"","width":"","height":""}],"twitter_card":"summary_large_image","twitter_site":"@uros_associats","twitter_misc":{"Est. reading time":"2 minutes"},"schema":{"@context":"https:\/\/schema.org","@graph":[{"@type":"WebPage","@id":"https:\/\/uros.explotacionweb.es\/en\/app-uros-m4d\/","url":"https:\/\/uros.explotacionweb.es\/en\/app-uros-m4d\/","name":"APP UROS \u2013 M4D &#8211; Uros Associats","isPartOf":{"@id":"https:\/\/uros.explotacionweb.es\/#website"},"primaryImageOfPage":{"@id":"https:\/\/uros.explotacionweb.es\/en\/app-uros-m4d\/#primaryimage"},"image":{"@id":"https:\/\/uros.explotacionweb.es\/en\/app-uros-m4d\/#primaryimage"},"thumbnailUrl":"https:\/\/uros.explotacionweb.es\/wp-content\/uploads\/2023\/03\/google-play-300x88-1.png","datePublished":"2023-03-01T15:18:29+00:00","dateModified":"2023-03-09T14:59:10+00:00","breadcrumb":{"@id":"https:\/\/uros.explotacionweb.es\/en\/app-uros-m4d\/#breadcrumb"},"inLanguage":"en-US","potentialAction":[{"@type":"ReadAction","target":["https:\/\/uros.explotacionweb.es\/en\/app-uros-m4d\/"]}]},{"@type":"ImageObject","inLanguage":"en-US","@id":"https:\/\/uros.explotacionweb.es\/en\/app-uros-m4d\/#primaryimage","url":"https:\/\/uros.explotacionweb.es\/wp-content\/uploads\/2023\/03\/google-play-300x88-1.png","contentUrl":"https:\/\/uros.explotacionweb.es\/wp-content\/uploads\/2023\/03\/google-play-300x88-1.png"},{"@type":"BreadcrumbList","@id":"https:\/\/uros.explotacionweb.es\/en\/app-uros-m4d\/#breadcrumb","itemListElement":[{"@type":"ListItem","position":1,"name":"Inicio","item":"https:\/\/uros.explotacionweb.es\/en\/"},{"@type":"ListItem","position":2,"name":"APP UROS \u2013 M4D"}]},{"@type":"WebSite","@id":"https:\/\/uros.explotacionweb.es\/#website","url":"https:\/\/uros.explotacionweb.es\/","name":"Uros Associats","description":"Ur\u00f3logos en Barcelona y Tarragona. Expertos en todo tipo de tratamientos y patolog\u00edas de Urolog\u00eda | Androlog\u00eda, Chequeos, Cirug\u00eda, Oncolog\u00eda, Litiasis y m\u00e1s.","publisher":{"@id":"https:\/\/uros.explotacionweb.es\/#organization"},"potentialAction":[{"@type":"SearchAction","target":{"@type":"EntryPoint","urlTemplate":"https:\/\/uros.explotacionweb.es\/?s={search_term_string}"},"query-input":{"@type":"PropertyValueSpecification","valueRequired":true,"valueName":"search_term_string"}}],"inLanguage":"en-US"},{"@type":"Organization","@id":"https:\/\/uros.explotacionweb.es\/#organization","name":"Uros Associats","url":"https:\/\/uros.explotacionweb.es\/","logo":{"@type":"ImageObject","inLanguage":"en-US","@id":"https:\/\/uros.explotacionweb.es\/#\/schema\/logo\/image\/","url":"https:\/\/uros.explotacionweb.es\/wp-content\/uploads\/2020\/05\/logo-principal.png","contentUrl":"https:\/\/uros.explotacionweb.es\/wp-content\/uploads\/2020\/05\/logo-principal.png","width":688,"height":643,"caption":"Uros Associats"},"image":{"@id":"https:\/\/uros.explotacionweb.es\/#\/schema\/logo\/image\/"},"sameAs":["https:\/\/x.com\/uros_associats","https:\/\/www.instagram.com\/urosassociats_","https:\/\/www.linkedin.com\/company\/uros-associats"]}]}},"_links":{"self":[{"href":"https:\/\/uros.explotacionweb.es\/en\/wp-json\/wp\/v2\/pages\/18559","targetHints":{"allow":["GET"]}}],"collection":[{"href":"https:\/\/uros.explotacionweb.es\/en\/wp-json\/wp\/v2\/pages"}],"about":[{"href":"https:\/\/uros.explotacionweb.es\/en\/wp-json\/wp\/v2\/types\/page"}],"author":[{"embeddable":true,"href":"https:\/\/uros.explotacionweb.es\/en\/wp-json\/wp\/v2\/users\/3"}],"replies":[{"embeddable":true,"href":"https:\/\/uros.explotacionweb.es\/en\/wp-json\/wp\/v2\/comments?post=18559"}],"version-history":[{"count":4,"href":"https:\/\/uros.explotacionweb.es\/en\/wp-json\/wp\/v2\/pages\/18559\/revisions"}],"predecessor-version":[{"id":18602,"href":"https:\/\/uros.explotacionweb.es\/en\/wp-json\/wp\/v2\/pages\/18559\/revisions\/18602"}],"wp:attachment":[{"href":"https:\/\/uros.explotacionweb.es\/en\/wp-json\/wp\/v2\/media?parent=18559"}],"curies":[{"name":"wp","href":"https:\/\/api.w.org\/{rel}","templated":true}]}}