{"id":20299,"date":"2023-10-09T06:50:08","date_gmt":"2023-10-09T06:50:08","guid":{"rendered":"https:\/\/urosassociats.com\/mini-capsulas\/"},"modified":"2023-10-09T08:19:10","modified_gmt":"2023-10-09T08:19:10","slug":"mini-capsules","status":"publish","type":"page","link":"https:\/\/uros.explotacionweb.es\/en\/mini-capsules\/","title":{"rendered":"Mini Capsules"},"content":{"rendered":"<div id=\"cmsmasters_row_81ktv6x677\" class=\"cmsmasters_row cmsmasters_color_scheme_default cmsmasters_row_top_default cmsmasters_row_bot_default cmsmasters_row_boxed\">\n<div class=\"cmsmasters_row_outer_parent\">\n<div class=\"cmsmasters_row_outer\">\n<div class=\"cmsmasters_row_inner\">\n<div class=\"cmsmasters_row_margin\">\n<div id=\"cmsmasters_column_jvn9lje4z8\" class=\"cmsmasters_column one_first\">\n<div class=\"cmsmasters_column_inner\"><div class=\"cmsmasters_text\">\n<p style=\"color: #000000; text-align: center; font-size: 21px;\"><strong>Still not following us on our social networks?<br \/>\nWe are on <\/strong><a style=\"font-size: 21px;\" href=\"https:\/\/www.instagram.com\/urosassociats_\/\"><strong>Instagram<\/strong><\/a>, <a style=\"font-size: 21px;\" href=\"https:\/\/www.tiktok.com\/@urosassociats\/\"><strong>TikTok<\/strong><\/a>, <a style=\"font-size: 21px;\" href=\"https:\/\/twitter.com\/uros_associats\/\"><strong>Twitter<\/strong><\/a> y <a style=\"font-size: 21px;\" href=\"https:\/\/linkedin.com\/company\/uros-associats\/\"><strong>LinkedIn<\/strong><\/a><br \/>\n<strong>Learn about urology with our medical team!<\/strong><\/p>\n<\/div>\n<\/div><\/div>\n<\/div>\n<\/div>\n<\/div>\n<\/div>\n<\/div>\n<div id=\"cmsmasters_row_9jat2tg99a\" class=\"cmsmasters_row cmsmasters_color_scheme_default flex-2 cmsmasters_row_top_default cmsmasters_row_bot_default cmsmasters_row_boxed\">\n<div class=\"cmsmasters_row_outer_parent\">\n<div class=\"cmsmasters_row_outer\">\n<div class=\"cmsmasters_row_inner\">\n<div class=\"cmsmasters_row_margin\">\n<div id=\"cmsmasters_column_icqj73spow\" class=\"cmsmasters_column one_half\">\n<div class=\"cmsmasters_column_inner\"><div id=\"cmsmasters_video_wrap_\" class=\"cmsmasters_video_wrap\">\n<iframe title=\"\u00bfQUE ES UN CATETER DOBLE J? -   DRA GIRON\" width=\"1160\" height=\"870\" src=\"https:\/\/www.youtube.com\/embed\/YoJ7rGmPJpw?feature=oembed&enablejsapi=1&origin=https:\/\/urosassociats.com\" frameborder=\"0\" allow=\"accelerometer; autoplay; clipboard-write; encrypted-media; gyroscope; picture-in-picture; web-share\" allowfullscreen><\/iframe>\n<\/div>\n<\/div><\/div>\n<div id=\"cmsmasters_column_or5p4xldqw\" class=\"cmsmasters_column one_half\">\n<div class=\"cmsmasters_column_inner\"><div class=\"cmsmasters_text\">\n<p style=\"text-align: center;\"><span style=\"color: #000000;\"> <strong>Do you want to know what a DOUBLE J CATHETER is used for?<\/strong><\/span><\/p>\n<p><span style=\"color: #000000;\"> The double J catheter consists of two J-shaped ends, which are placed in the kidney and bladder, and a tube-shaped segment that passes through the ureter.<\/span><br \/>\n<span style=\"color: #000000;\">The double J catheter is used in a variety of medical situations, such as after urological surgery to maintain patency of the ureter and allow urine to flow freely, or to treat stricture or narrowing of the ureter. It can also be used in the removal of kidney stones, relieving the obstruction temporarily and allowing the stone to be removed by natural means or by other procedures. \u2705<\/span><\/p>\n<\/div>\n<\/div><\/div>\n<\/div>\n<\/div>\n<\/div>\n<\/div>\n<\/div>\n<div id=\"cmsmasters_row_jrkh27n0wx\" class=\"cmsmasters_row cmsmasters_color_scheme_default flex-2 cmsmasters_row_top_default cmsmasters_row_bot_default cmsmasters_row_boxed\">\n<div class=\"cmsmasters_row_outer_parent\">\n<div class=\"cmsmasters_row_outer\">\n<div class=\"cmsmasters_row_inner\">\n<div class=\"cmsmasters_row_margin\">\n<div id=\"cmsmasters_column_o71rtmalmh\" class=\"cmsmasters_column one_half\">\n<div class=\"cmsmasters_column_inner\"><div class=\"cmsmasters_text\">\n<p style=\"color: #000000;\">\u270b The objective of <strong>surgical hand washing<\/strong> is to eliminate as much of the bacterial flora residing on the hands as possible<\/p>\n<\/div>\n<\/div><\/div>\n<div id=\"cmsmasters_column_m0arputtav\" class=\"cmsmasters_column one_half\">\n<div class=\"cmsmasters_column_inner\"><div id=\"cmsmasters_video_wrap_\" class=\"cmsmasters_video_wrap\">\n<iframe title=\"LAVADO DE MANOS QUIR\u00daRGICO\" width=\"1160\" height=\"653\" src=\"https:\/\/www.youtube.com\/embed\/HZibWKy-yNM?feature=oembed&enablejsapi=1&origin=https:\/\/urosassociats.com\" frameborder=\"0\" allow=\"accelerometer; autoplay; clipboard-write; encrypted-media; gyroscope; picture-in-picture; web-share\" allowfullscreen><\/iframe>\n<\/div>\n<\/div><\/div>\n<\/div>\n<\/div>\n<\/div>\n<\/div>\n<\/div>\n<div id=\"cmsmasters_row_yv4in45s1\" class=\"cmsmasters_row cmsmasters_color_scheme_default flex-2 cmsmasters_row_top_default cmsmasters_row_bot_default cmsmasters_row_boxed\">\n<div class=\"cmsmasters_row_outer_parent\">\n<div class=\"cmsmasters_row_outer\">\n<div class=\"cmsmasters_row_inner\">\n<div class=\"cmsmasters_row_margin\">\n<div id=\"cmsmasters_column_a11l2wm2j8\" class=\"cmsmasters_column one_half\">\n<div class=\"cmsmasters_column_inner\"><div id=\"cmsmasters_video_wrap_\" class=\"cmsmasters_video_wrap\">\n<iframe title=\"\ud83e\ude7a\ud83e\udd7c CHEQUEO M\u00c9DICO UR\u00d3LOGICO\" width=\"1160\" height=\"653\" src=\"https:\/\/www.youtube.com\/embed\/KE7LYMyvU5c?feature=oembed&enablejsapi=1&origin=https:\/\/urosassociats.com\" frameborder=\"0\" allow=\"accelerometer; autoplay; clipboard-write; encrypted-media; gyroscope; picture-in-picture; web-share\" allowfullscreen><\/iframe>\n<\/div>\n<\/div><\/div>\n<div id=\"cmsmasters_column_wem8iaz2nh\" class=\"cmsmasters_column one_half\">\n<div class=\"cmsmasters_column_inner\"><div class=\"cmsmasters_text\">\n<p style=\"color: #000000; text-align: center;\"><strong>The importance of the Urological Check<\/strong><\/p>\n<p style=\"color: #000000;\">From the age of 50 onwards it is advisable for men to undergo a urological examination to check their prostate health.<\/p>\n<p style=\"color: #000000;\">You can see the article written by our Doctor Pellegrinelli <a href=\"https:\/\/www.teknon.es\/blog\/es\/salud-az\/prostata-importantes-revisiones-periodicas\"><strong>here<\/strong><\/a><\/p>\n<\/div>\n<\/div><\/div>\n<\/div>\n<\/div>\n<\/div>\n<\/div>\n<\/div>\n<div id=\"cmsmasters_row_82y48ik9jk\" class=\"cmsmasters_row cmsmasters_color_scheme_default flex-2 cmsmasters_row_top_default cmsmasters_row_bot_default cmsmasters_row_boxed\">\n<div class=\"cmsmasters_row_outer_parent\">\n<div class=\"cmsmasters_row_outer\">\n<div class=\"cmsmasters_row_inner\">\n<div class=\"cmsmasters_row_margin\">\n<div id=\"cmsmasters_column_2ystjwtni5\" class=\"cmsmasters_column one_half\">\n<div class=\"cmsmasters_column_inner\"><div class=\"cmsmasters_text\">\n<p style=\"color: #000000; text-align: center;\" align=\"justify\"><strong>HOLMIUM LASER ENUCLEATION PROSTATE SURGERY (HoIEP)<\/strong><\/p>\n<p style=\"color: #000000;\" align=\"justify\"><b>Holmium laser enucleation of the prostate <\/b> (HoLEP) is a surgical technique for the treatment of <u>benign prostatic hyperplasia<\/u> (BPH).<\/p>\n<p style=\"color: #000000;\" align=\"justify\">The prostate is a gland that surrounds the urethra (the tube of the urethra) in the male genital tract. Benign prostatic hyperplasia is a fairly common condition in men.<\/p>\n<p style=\"color: #000000;\" align=\"justify\"><b>When prostate enlargement occurs, it results in an obstruction of the urethra,<\/b>, which may cause some symptoms<\/p>\n<p style=\"color: #000000;\" align=\"justify\">Thus, it is the only procedure capable of ensuring that all the abnormal adenomatous tissue causing the obstruction of the urethra is removed.<\/p>\n<\/div>\n<\/div><\/div>\n<div id=\"cmsmasters_column_0q89dfa8vi\" class=\"cmsmasters_column one_half\">\n<div class=\"cmsmasters_column_inner\"><div id=\"cmsmasters_video_wrap_\" class=\"cmsmasters_video_wrap\">\n<iframe title=\"\ud83d\udccd\ud835\uddd6\ud835\udddc\ud835\udde6\ud835\udde7\ud835\uddd8\ud835\uddd6\ud835\udde7\ud835\udde2\ud835\udde0\ud835\udddc\u0301\ud835\uddd4 \ud835\udde5\ud835\uddd4\ud835\uddd7\ud835\udddc\ud835\uddd6\ud835\uddd4\ud835\udddf \ud835\udde5\ud835\udde2\ud835\uddd5\ud835\udde2\u0301\ud835\udde7\ud835\udddc\ud835\uddd6\ud835\uddd4 da Vinci\" width=\"1160\" height=\"653\" src=\"https:\/\/www.youtube.com\/embed\/L3Fso-o__8Q?feature=oembed&enablejsapi=1&origin=https:\/\/urosassociats.com\" frameborder=\"0\" allow=\"accelerometer; autoplay; clipboard-write; encrypted-media; gyroscope; picture-in-picture; web-share\" allowfullscreen><\/iframe>\n<\/div>\n<\/div><\/div>\n<\/div>\n<\/div>\n<\/div>\n<\/div>\n<\/div>\n<div id=\"cmsmasters_row_gcg28fj5rh\" class=\"cmsmasters_row cmsmasters_color_scheme_default flex-2 cmsmasters_row_top_default cmsmasters_row_bot_default cmsmasters_row_boxed\">\n<div class=\"cmsmasters_row_outer_parent\">\n<div class=\"cmsmasters_row_outer\">\n<div class=\"cmsmasters_row_inner\">\n<div class=\"cmsmasters_row_margin\">\n<div id=\"cmsmasters_column_z5b2u35wpe\" class=\"cmsmasters_column one_half\">\n<div class=\"cmsmasters_column_inner\"><div id=\"cmsmasters_video_wrap_\" class=\"cmsmasters_video_wrap\">\n<iframe title=\"\ud83e\uded7URO FLUJOMETRO AUT\u00d3NOMO\" width=\"1160\" height=\"653\" src=\"https:\/\/www.youtube.com\/embed\/pd0mJHLGvlE?feature=oembed&enablejsapi=1&origin=https:\/\/urosassociats.com\" frameborder=\"0\" allow=\"accelerometer; autoplay; clipboard-write; encrypted-media; gyroscope; picture-in-picture; web-share\" allowfullscreen><\/iframe>\n<\/div>\n<\/div><\/div>\n<div id=\"cmsmasters_column_uar1vsr8ap\" class=\"cmsmasters_column one_half\">\n<div class=\"cmsmasters_column_inner\"><div class=\"cmsmasters_text\">\n<p style=\"color: #000000; text-align: center;\"><strong>Do you know how our new Uroflowmeter works?<\/strong><\/p>\n<p style=\"color: #000000;\" align=\"justify\">A urine flow meter is a test performed in the urologist&#8217;s office. It measures voiding flow, which is the amount of urine eliminated in a unit of time.<\/p>\n<p style=\"color: #000000;\" align=\"justify\">Urine flow varies throughout micturition, giving rise to characteristic curves that aid in the diagnosis of micturition problems.<\/p>\n<\/div>\n<\/div><\/div>\n<\/div>\n<\/div>\n<\/div>\n<\/div>\n<\/div>\n<div id=\"cmsmasters_row_dzgw6ptzk7\" class=\"cmsmasters_row cmsmasters_color_scheme_default flex-2 cmsmasters_row_top_default cmsmasters_row_bot_default cmsmasters_row_boxed\">\n<div class=\"cmsmasters_row_outer_parent\">\n<div class=\"cmsmasters_row_outer\">\n<div class=\"cmsmasters_row_inner\">\n<div class=\"cmsmasters_row_margin\">\n<div id=\"cmsmasters_column_g9zgxn1xx8\" class=\"cmsmasters_column one_half\">\n<div class=\"cmsmasters_column_inner\"><div class=\"cmsmasters_text\">\n<p style=\"color: #000000; text-align: center;\">\ud83c\udfe5\ud83d\udc69\ud83c\udffd\u200d\u2695\ufe0f Dr Tarrag\u00f3n talks to us today about: <strong>HOLMUS LASER PROSTATE ENUCLEATION (HoLEP) is a surgical technique for the treatment of Benign Prostatic Hyperplasia (BPH).<\/strong><\/p>\n<\/div>\n<\/div><\/div>\n<div id=\"cmsmasters_column_izyf8tud5\" class=\"cmsmasters_column one_half\">\n<div class=\"cmsmasters_column_inner\"><div id=\"cmsmasters_video_wrap_\" class=\"cmsmasters_video_wrap\">\n<iframe title=\"\ud835\udc0b\ud835\udc1a \ud835\udc04\ud835\udc0d\ud835\udc14\ud835\udc02\ud835\udc0b\ud835\udc04\ud835\udc00\ud835\udc02\ud835\udc08\ud835\udc0e\u0301\ud835\udc0d \ud835\udc0f\ud835\udc11\ud835\udc0e\ud835\udc12\ud835\udc13\ud835\udc00\u0301\ud835\udc13\ud835\udc08\ud835\udc02\ud835\udc00 \ud835\udc02\ud835\udc0e\ud835\udc0d \ud835\udc0b\ud835\udc00\u0301\ud835\udc12\ud835\udc04\ud835\udc11 \ud835\udc03\ud835\udc04 \ud835\udc07\ud835\udc0e\ud835\udc0b\ud835\udc0c\ud835\udc08\ud835\udc0e - UROS ASSOCIATS SLP\" width=\"1160\" height=\"870\" src=\"https:\/\/www.youtube.com\/embed\/anqymvlODJA?feature=oembed&enablejsapi=1&origin=https:\/\/urosassociats.com\" frameborder=\"0\" allow=\"accelerometer; autoplay; clipboard-write; encrypted-media; gyroscope; picture-in-picture; web-share\" allowfullscreen><\/iframe>\n<\/div>\n<\/div><\/div>\n<\/div>\n<\/div>\n<\/div>\n<\/div>\n<\/div>\n\n","protected":false},"excerpt":{"rendered":"","protected":false},"author":3,"featured_media":0,"parent":0,"menu_order":0,"comment_status":"closed","ping_status":"closed","template":"","meta":{"footnotes":""},"class_list":["post-20299","page","type-page","status-publish","hentry"],"yoast_head":"<!-- This site is optimized with the Yoast SEO plugin v25.9 - https:\/\/yoast.com\/wordpress\/plugins\/seo\/ -->\n<title>Mini Capsules &#8211; Uros Associats<\/title>\n<meta name=\"robots\" content=\"noindex, follow, max-snippet:-1, max-image-preview:large, max-video-preview:-1\" \/>\n<meta property=\"og:locale\" content=\"en_US\" \/>\n<meta property=\"og:type\" content=\"article\" \/>\n<meta property=\"og:title\" content=\"Mini Capsules &#8211; Uros Associats\" \/>\n<meta property=\"og:url\" content=\"https:\/\/uros.explotacionweb.es\/en\/mini-capsules\/\" \/>\n<meta property=\"og:site_name\" content=\"Uros Associats\" \/>\n<meta property=\"article:modified_time\" content=\"2023-10-09T08:19:10+00:00\" \/>\n<meta property=\"og:image\" content=\"https:\/\/uros.explotacionweb.es\/wp-content\/uploads\/2020\/05\/logo-principal.png\" \/>\n\t<meta property=\"og:image:width\" content=\"688\" \/>\n\t<meta property=\"og:image:height\" content=\"643\" \/>\n\t<meta property=\"og:image:type\" content=\"image\/png\" \/>\n<meta name=\"twitter:card\" content=\"summary_large_image\" \/>\n<meta name=\"twitter:site\" content=\"@uros_associats\" \/>\n<meta name=\"twitter:label1\" content=\"Est. reading time\" \/>\n\t<meta name=\"twitter:data1\" content=\"3 minutes\" \/>\n<script type=\"application\/ld+json\" class=\"yoast-schema-graph\">{\"@context\":\"https:\/\/schema.org\",\"@graph\":[{\"@type\":\"WebPage\",\"@id\":\"https:\/\/uros.explotacionweb.es\/en\/mini-capsules\/\",\"url\":\"https:\/\/uros.explotacionweb.es\/en\/mini-capsules\/\",\"name\":\"Mini Capsules &#8211; Uros Associats\",\"isPartOf\":{\"@id\":\"https:\/\/uros.explotacionweb.es\/#website\"},\"datePublished\":\"2023-10-09T06:50:08+00:00\",\"dateModified\":\"2023-10-09T08:19:10+00:00\",\"breadcrumb\":{\"@id\":\"https:\/\/uros.explotacionweb.es\/en\/mini-capsules\/#breadcrumb\"},\"inLanguage\":\"en-US\",\"potentialAction\":[{\"@type\":\"ReadAction\",\"target\":[\"https:\/\/uros.explotacionweb.es\/en\/mini-capsules\/\"]}]},{\"@type\":\"BreadcrumbList\",\"@id\":\"https:\/\/uros.explotacionweb.es\/en\/mini-capsules\/#breadcrumb\",\"itemListElement\":[{\"@type\":\"ListItem\",\"position\":1,\"name\":\"Inicio\",\"item\":\"https:\/\/uros.explotacionweb.es\/en\/\"},{\"@type\":\"ListItem\",\"position\":2,\"name\":\"Mini Capsules\"}]},{\"@type\":\"WebSite\",\"@id\":\"https:\/\/uros.explotacionweb.es\/#website\",\"url\":\"https:\/\/uros.explotacionweb.es\/\",\"name\":\"Uros Associats\",\"description\":\"Ur\u00f3logos en Barcelona y Tarragona. Expertos en todo tipo de tratamientos y patolog\u00edas de Urolog\u00eda | Androlog\u00eda, Chequeos, Cirug\u00eda, Oncolog\u00eda, Litiasis y m\u00e1s.\",\"publisher\":{\"@id\":\"https:\/\/uros.explotacionweb.es\/#organization\"},\"potentialAction\":[{\"@type\":\"SearchAction\",\"target\":{\"@type\":\"EntryPoint\",\"urlTemplate\":\"https:\/\/uros.explotacionweb.es\/?s={search_term_string}\"},\"query-input\":{\"@type\":\"PropertyValueSpecification\",\"valueRequired\":true,\"valueName\":\"search_term_string\"}}],\"inLanguage\":\"en-US\"},{\"@type\":\"Organization\",\"@id\":\"https:\/\/uros.explotacionweb.es\/#organization\",\"name\":\"Uros Associats\",\"url\":\"https:\/\/uros.explotacionweb.es\/\",\"logo\":{\"@type\":\"ImageObject\",\"inLanguage\":\"en-US\",\"@id\":\"https:\/\/uros.explotacionweb.es\/#\/schema\/logo\/image\/\",\"url\":\"https:\/\/uros.explotacionweb.es\/wp-content\/uploads\/2020\/05\/logo-principal.png\",\"contentUrl\":\"https:\/\/uros.explotacionweb.es\/wp-content\/uploads\/2020\/05\/logo-principal.png\",\"width\":688,\"height\":643,\"caption\":\"Uros Associats\"},\"image\":{\"@id\":\"https:\/\/uros.explotacionweb.es\/#\/schema\/logo\/image\/\"},\"sameAs\":[\"https:\/\/x.com\/uros_associats\",\"https:\/\/www.instagram.com\/urosassociats_\",\"https:\/\/www.linkedin.com\/company\/uros-associats\"]}]}<\/script>\n<!-- \/ Yoast SEO plugin. -->","yoast_head_json":{"title":"Mini Capsules &#8211; Uros Associats","robots":{"index":"noindex","follow":"follow","max-snippet":"max-snippet:-1","max-image-preview":"max-image-preview:large","max-video-preview":"max-video-preview:-1"},"og_locale":"en_US","og_type":"article","og_title":"Mini Capsules &#8211; Uros Associats","og_url":"https:\/\/uros.explotacionweb.es\/en\/mini-capsules\/","og_site_name":"Uros Associats","article_modified_time":"2023-10-09T08:19:10+00:00","og_image":[{"width":688,"height":643,"url":"https:\/\/uros.explotacionweb.es\/wp-content\/uploads\/2020\/05\/logo-principal.png","type":"image\/png"}],"twitter_card":"summary_large_image","twitter_site":"@uros_associats","twitter_misc":{"Est. reading time":"3 minutes"},"schema":{"@context":"https:\/\/schema.org","@graph":[{"@type":"WebPage","@id":"https:\/\/uros.explotacionweb.es\/en\/mini-capsules\/","url":"https:\/\/uros.explotacionweb.es\/en\/mini-capsules\/","name":"Mini Capsules &#8211; Uros Associats","isPartOf":{"@id":"https:\/\/uros.explotacionweb.es\/#website"},"datePublished":"2023-10-09T06:50:08+00:00","dateModified":"2023-10-09T08:19:10+00:00","breadcrumb":{"@id":"https:\/\/uros.explotacionweb.es\/en\/mini-capsules\/#breadcrumb"},"inLanguage":"en-US","potentialAction":[{"@type":"ReadAction","target":["https:\/\/uros.explotacionweb.es\/en\/mini-capsules\/"]}]},{"@type":"BreadcrumbList","@id":"https:\/\/uros.explotacionweb.es\/en\/mini-capsules\/#breadcrumb","itemListElement":[{"@type":"ListItem","position":1,"name":"Inicio","item":"https:\/\/uros.explotacionweb.es\/en\/"},{"@type":"ListItem","position":2,"name":"Mini Capsules"}]},{"@type":"WebSite","@id":"https:\/\/uros.explotacionweb.es\/#website","url":"https:\/\/uros.explotacionweb.es\/","name":"Uros Associats","description":"Ur\u00f3logos en Barcelona y Tarragona. Expertos en todo tipo de tratamientos y patolog\u00edas de Urolog\u00eda | Androlog\u00eda, Chequeos, Cirug\u00eda, Oncolog\u00eda, Litiasis y m\u00e1s.","publisher":{"@id":"https:\/\/uros.explotacionweb.es\/#organization"},"potentialAction":[{"@type":"SearchAction","target":{"@type":"EntryPoint","urlTemplate":"https:\/\/uros.explotacionweb.es\/?s={search_term_string}"},"query-input":{"@type":"PropertyValueSpecification","valueRequired":true,"valueName":"search_term_string"}}],"inLanguage":"en-US"},{"@type":"Organization","@id":"https:\/\/uros.explotacionweb.es\/#organization","name":"Uros Associats","url":"https:\/\/uros.explotacionweb.es\/","logo":{"@type":"ImageObject","inLanguage":"en-US","@id":"https:\/\/uros.explotacionweb.es\/#\/schema\/logo\/image\/","url":"https:\/\/uros.explotacionweb.es\/wp-content\/uploads\/2020\/05\/logo-principal.png","contentUrl":"https:\/\/uros.explotacionweb.es\/wp-content\/uploads\/2020\/05\/logo-principal.png","width":688,"height":643,"caption":"Uros Associats"},"image":{"@id":"https:\/\/uros.explotacionweb.es\/#\/schema\/logo\/image\/"},"sameAs":["https:\/\/x.com\/uros_associats","https:\/\/www.instagram.com\/urosassociats_","https:\/\/www.linkedin.com\/company\/uros-associats"]}]}},"_links":{"self":[{"href":"https:\/\/uros.explotacionweb.es\/en\/wp-json\/wp\/v2\/pages\/20299","targetHints":{"allow":["GET"]}}],"collection":[{"href":"https:\/\/uros.explotacionweb.es\/en\/wp-json\/wp\/v2\/pages"}],"about":[{"href":"https:\/\/uros.explotacionweb.es\/en\/wp-json\/wp\/v2\/types\/page"}],"author":[{"embeddable":true,"href":"https:\/\/uros.explotacionweb.es\/en\/wp-json\/wp\/v2\/users\/3"}],"replies":[{"embeddable":true,"href":"https:\/\/uros.explotacionweb.es\/en\/wp-json\/wp\/v2\/comments?post=20299"}],"version-history":[{"count":3,"href":"https:\/\/uros.explotacionweb.es\/en\/wp-json\/wp\/v2\/pages\/20299\/revisions"}],"predecessor-version":[{"id":20311,"href":"https:\/\/uros.explotacionweb.es\/en\/wp-json\/wp\/v2\/pages\/20299\/revisions\/20311"}],"wp:attachment":[{"href":"https:\/\/uros.explotacionweb.es\/en\/wp-json\/wp\/v2\/media?parent=20299"}],"curies":[{"name":"wp","href":"https:\/\/api.w.org\/{rel}","templated":true}]}}