{"id":20470,"date":"2023-10-16T12:06:20","date_gmt":"2023-10-16T12:06:20","guid":{"rendered":"https:\/\/urosassociats.com\/video-library\/"},"modified":"2025-05-26T09:02:53","modified_gmt":"2025-05-26T09:02:53","slug":"video-library","status":"publish","type":"page","link":"https:\/\/uros.explotacionweb.es\/en\/video-library\/","title":{"rendered":"Video library"},"content":{"rendered":"<div id=\"cmsmasters_row_81ktv6x677\" class=\"cmsmasters_row cmsmasters_color_scheme_default cmsmasters_row_top_default cmsmasters_row_bot_default cmsmasters_row_boxed\">\n<div class=\"cmsmasters_row_outer_parent\">\n<div class=\"cmsmasters_row_outer\">\n<div class=\"cmsmasters_row_inner cmsmasters_row_no_margin\">\n<div class=\"cmsmasters_row_margin\">\n<div id=\"cmsmasters_column_jvn9lje4z8\" class=\"cmsmasters_column one_first\">\n<div class=\"cmsmasters_column_inner\"><div class=\"cmsmasters_toggles toggles_mode_toggle\">\n<div class=\"cmsmasters_toggle_wrap\" data-tags=\"all \">\n<div class=\"cmsmasters_toggle_title\">\n<span class=\"cmsmasters_toggle_plus\">\n<span class=\"cmsmasters_toggle_plus_hor\"><\/span>\n<span class=\"cmsmasters_toggle_plus_vert\"><\/span>\n<\/span>\n<a href=\"#\">Benign prostate<\/a>\n<\/div>\n<div class=\"cmsmasters_toggle\">\n<div class=\"cmsmasters_toggle_inner\">\n<p><a href=\"https:\/\/youtu.be\/NCo0X9zA9V4\">Laparoscopic transvesical Retzius-Sparing laparoscopic adenomectomy (our technique)<\/a><\/p>\n<p><a href=\"https:\/\/youtu.be\/anqymvlODJA\">Holmium laser enucleation of prostate (HOLEP)<\/a><\/p>\n<\/div>\n<\/div>\n<\/div><div class=\"cmsmasters_toggle_wrap\" data-tags=\"all \">\n<div class=\"cmsmasters_toggle_title\">\n<span class=\"cmsmasters_toggle_plus\">\n<span class=\"cmsmasters_toggle_plus_hor\"><\/span>\n<span class=\"cmsmasters_toggle_plus_vert\"><\/span>\n<\/span>\n<a href=\"#\">Prostate Cancer<\/a>\n<\/div>\n<div class=\"cmsmasters_toggle\">\n<div class=\"cmsmasters_toggle_inner\">\n<p><a href=\"https:\/\/youtu.be\/M56LcMJenMQ\">Retroperitoneoscopic prostatectomy with waterjet dissection<\/a><\/p>\n<p><a href=\"https:\/\/youtu.be\/dAMTaW04MBw\">Ureteral stent placement during extraperitoneal endoscopic RP<\/a><\/p>\n<p><a href=\"https:\/\/youtu.be\/M56LcMJenMQ\">Retroperitoneoscopic prostatectomy with hydrodissection<br \/>\n<\/a><\/p>\n<p><a href=\"https:\/\/youtu.be\/uw953lOxXws\">Extraperitoneal robotic-assisted radical prostatectomy steps and challenges<\/a><\/p>\n<p><a href=\"https:\/\/youtu.be\/gCOfeuWlTs0\">Ureteral stent placement in extraperitoneal LRP with hydrophilic guidance<\/a><\/p>\n<p><a href=\"https:\/\/www.youtube.com\/playlist?list=PLAQTP5Bg6SNfqC39aiLRPoXU3BAxzainl\">Watch more on YouTube<\/a><\/p>\n<\/div>\n<\/div>\n<\/div><div class=\"cmsmasters_toggle_wrap\" data-tags=\"all \">\n<div class=\"cmsmasters_toggle_title\">\n<span class=\"cmsmasters_toggle_plus\">\n<span class=\"cmsmasters_toggle_plus_hor\"><\/span>\n<span class=\"cmsmasters_toggle_plus_vert\"><\/span>\n<\/span>\n<a href=\"#\">Ur\u00e9ter<\/a>\n<\/div>\n<div class=\"cmsmasters_toggle\">\n<div class=\"cmsmasters_toggle_inner\">\n<p><a href=\"https:\/\/youtu.be\/a2VNlQFnNxE\">Laparoscopic management of ureteral stricture in Hautmann&#8217;s neobladder<\/a><\/p>\n<p><a href=\"https:\/\/youtu.be\/TjI7Jpks9HY\">Ureteral meatus injury during laparoscopic radical prostatectomy<\/a><\/p>\n<p><a href=\"https:\/\/youtu.be\/cykil_l7_no\">Lesi\u00f3n del meato ureteral durante una prostatectom\u00eda radical laparosc\u00f3pica<\/a><\/p>\n<p><a href=\"https:\/\/youtu.be\/B3GgAYPjbq8\">Retroperitoneoscopic mini-lap retroperitoneoscopic partial nephrectomy for vesicoureteral reflux<\/a><\/p>\n<p><a href=\"https:\/\/youtu.be\/kHArh1kY4BA\">Step-by-step laparoscopic ureteral reimplantation<\/a><\/p>\n<p><a href=\"https:\/\/www.youtube.com\/playlist?list=PLAQTP5Bg6SNelyVvynAaOtMOfG57WXPgo\">Watch more on YouTube<\/a><\/p>\n<\/div>\n<\/div>\n<\/div><div class=\"cmsmasters_toggle_wrap\" data-tags=\"all \">\n<div class=\"cmsmasters_toggle_title\">\n<span class=\"cmsmasters_toggle_plus\">\n<span class=\"cmsmasters_toggle_plus_hor\"><\/span>\n<span class=\"cmsmasters_toggle_plus_vert\"><\/span>\n<\/span>\n<a href=\"#\">Kidney<\/a>\n<\/div>\n<div class=\"cmsmasters_toggle\">\n<div class=\"cmsmasters_toggle_inner\">\n<p><a href=\"https:\/\/youtu.be\/ILepYY3Cij4\">Nephron-sparing retroperitoneoscopic nephrectomy with selective clamp and off clamp<\/a><\/p>\n<p><a href=\"https:\/\/youtu.be\/nurMP7NXY74\">Simultaneous partial nephrectomy in a double ipsilateral tumor. <\/a><\/p>\n<p><a href=\"https:\/\/youtu.be\/MFiOZJdFwdw\">Laparoscopic off clamp partial nephrectomy in horseshoe kidney<\/a><\/p>\n<p><a href=\"https:\/\/youtu.be\/FH947ftb3XY\">Partial nephrectomy by retroperitoneoscopy without hilar clamping<\/a><\/p>\n<p><a href=\"https:\/\/youtu.be\/2QFJTJXeglc\">Retroperitoneal approach for arterial microdissection in partial nephrectomy without ischemia V1<\/a><\/p>\n<p><a href=\"https:\/\/www.youtube.com\/playlist?list=PLAQTP5Bg6SNdrOxGxcxGZiUKrPZpcBDyk\">Watch more on YouTube<\/a><\/p>\n<\/div>\n<\/div>\n<\/div><div class=\"cmsmasters_toggle_wrap\" data-tags=\"all \">\n<div class=\"cmsmasters_toggle_title\">\n<span class=\"cmsmasters_toggle_plus\">\n<span class=\"cmsmasters_toggle_plus_hor\"><\/span>\n<span class=\"cmsmasters_toggle_plus_vert\"><\/span>\n<\/span>\n<a href=\"#\">Adrenal glands<\/a>\n<\/div>\n<div class=\"cmsmasters_toggle\">\n<div class=\"cmsmasters_toggle_inner\">\n<p><a href=\"https:\/\/youtu.be\/VGyJ7mm6qY8\">Laparoscopic treatment of recurrent atypical pheochromocytoma<\/a><\/p>\n<p><a href=\"https:\/\/youtu.be\/bvuItRWC8Q8\">Resection of pheochromocytoma with intraoperative verification by manual gamma probe.<\/a><\/p>\n<p><a href=\"https:\/\/youtu.be\/IAiD-Nc0UfA\">Local recurrence of atypical pheochromocytoma: laparoscopic surgical management<\/a><\/p>\n<p><a href=\"https:\/\/youtu.be\/2xT5mJ7qTxc\">Multiple renal tumorectomy and bilateral adrenalectomy (Von Hippel-Lindau)<\/a><\/p>\n<\/div>\n<\/div>\n<\/div><div class=\"cmsmasters_toggle_wrap\" data-tags=\"all \">\n<div class=\"cmsmasters_toggle_title\">\n<span class=\"cmsmasters_toggle_plus\">\n<span class=\"cmsmasters_toggle_plus_hor\"><\/span>\n<span class=\"cmsmasters_toggle_plus_vert\"><\/span>\n<\/span>\n<a href=\"#\">Retroperitoneum<\/a>\n<\/div>\n<div class=\"cmsmasters_toggle\">\n<div class=\"cmsmasters_toggle_inner\">\n<p><a href=\"https:\/\/youtu.be\/j9cttzjdD8o\">Para-aortic lymphadenectomy for adenocarcinoma of the colon<\/a><\/p>\n<p><a href=\"https:\/\/youtu.be\/kg7gtU3veLc\">Retroperitoneal approach as a technique for multiple major abdominal surgeries<\/a><\/p>\n<p><a href=\"https:\/\/youtu.be\/2j8Ah2z376Y\">Laparoscopic extended pelvic lymphadenectomy<\/a><\/p>\n<p><a href=\"https:\/\/youtu.be\/-HgKM4cw8xo\">False aneurysm in the inferior vena cava (IVC)<\/a><\/p>\n<p>&nbsp;<\/p>\n<p><a href=\"https:\/\/www.youtube.com\/playlist?list=PLAQTP5Bg6SNeXOVjvweKqiiHWNFLTFAiu\">Watch more on YouTube<\/a><\/p>\n<\/div>\n<\/div>\n<\/div><div class=\"cmsmasters_toggle_wrap\" data-tags=\"all \">\n<div class=\"cmsmasters_toggle_title\">\n<span class=\"cmsmasters_toggle_plus\">\n<span class=\"cmsmasters_toggle_plus_hor\"><\/span>\n<span class=\"cmsmasters_toggle_plus_vert\"><\/span>\n<\/span>\n<a href=\"#\">Bladder <\/a>\n<\/div>\n<div class=\"cmsmasters_toggle\">\n<div class=\"cmsmasters_toggle_inner\">\n<p><a href=\"https:\/\/youtu.be\/OKvPWjWfIxs\">Extraperitoneal laparoscopic laparoscopic Burch colposuspension<\/a><\/p>\n<p><a href=\"https:\/\/youtu.be\/ZS4oLyUpIgw\">Myofibroblastic inflammatory tumor of the bladder<\/a><\/p>\n<\/div>\n<\/div>\n<\/div><div class=\"cmsmasters_toggle_wrap\" data-tags=\"all \">\n<div class=\"cmsmasters_toggle_title\">\n<span class=\"cmsmasters_toggle_plus\">\n<span class=\"cmsmasters_toggle_plus_hor\"><\/span>\n<span class=\"cmsmasters_toggle_plus_vert\"><\/span>\n<\/span>\n<a href=\"#\">Testicles<\/a>\n<\/div>\n<div class=\"cmsmasters_toggle\">\n<div class=\"cmsmasters_toggle_inner\">\n<p><a href=\"https:\/\/youtu.be\/-BXK7a3FlXA\">False IVC aneurysm secondary to metastatic testicular carcinoma<\/a><\/p>\n<p><a href=\"https:\/\/youtu.be\/rlkeR_skUnI\">Management of retroperitoneal and visceral metastases of testicular seminomatous tumor<\/a><\/p>\n<\/div>\n<\/div>\n<\/div><div class=\"cmsmasters_toggle_wrap\" data-tags=\"all \">\n<div class=\"cmsmasters_toggle_title\">\n<span class=\"cmsmasters_toggle_plus\">\n<span class=\"cmsmasters_toggle_plus_hor\"><\/span>\n<span class=\"cmsmasters_toggle_plus_vert\"><\/span>\n<\/span>\n<a href=\"#\">General<\/a>\n<\/div>\n<div class=\"cmsmasters_toggle\">\n<div class=\"cmsmasters_toggle_inner\">\n<p><a href=\"https:\/\/youtu.be\/xcNiFv-WGEo\">Excision of schwannoma by retroperitoneoscopy<\/a><\/p>\n<\/div>\n<\/div>\n<\/div><\/div>\n<\/div><\/div>\n<\/div>\n<\/div>\n<\/div>\n<\/div>\n<\/div>\n\n","protected":false},"excerpt":{"rendered":"","protected":false},"author":3,"featured_media":0,"parent":0,"menu_order":0,"comment_status":"closed","ping_status":"closed","template":"","meta":{"footnotes":""},"class_list":["post-20470","page","type-page","status-publish","hentry"],"yoast_head":"<!-- This site is optimized with the Yoast SEO plugin v25.9 - https:\/\/yoast.com\/wordpress\/plugins\/seo\/ -->\n<title>Video library &#8211; Uros Associats<\/title>\n<meta name=\"robots\" content=\"noindex, follow, max-snippet:-1, max-image-preview:large, max-video-preview:-1\" \/>\n<meta property=\"og:locale\" content=\"en_US\" \/>\n<meta property=\"og:type\" content=\"article\" \/>\n<meta property=\"og:title\" content=\"Video library &#8211; Uros Associats\" \/>\n<meta property=\"og:url\" content=\"https:\/\/uros.explotacionweb.es\/en\/video-library\/\" \/>\n<meta property=\"og:site_name\" content=\"Uros Associats\" \/>\n<meta property=\"article:modified_time\" content=\"2025-05-26T09:02:53+00:00\" \/>\n<meta property=\"og:image\" content=\"https:\/\/uros.explotacionweb.es\/wp-content\/uploads\/2020\/05\/logo-principal.png\" \/>\n\t<meta property=\"og:image:width\" content=\"688\" \/>\n\t<meta property=\"og:image:height\" content=\"643\" \/>\n\t<meta property=\"og:image:type\" content=\"image\/png\" \/>\n<meta name=\"twitter:card\" content=\"summary_large_image\" \/>\n<meta name=\"twitter:site\" content=\"@uros_associats\" \/>\n<meta name=\"twitter:label1\" content=\"Est. reading time\" \/>\n\t<meta name=\"twitter:data1\" content=\"2 minutes\" \/>\n<script type=\"application\/ld+json\" class=\"yoast-schema-graph\">{\"@context\":\"https:\/\/schema.org\",\"@graph\":[{\"@type\":\"WebPage\",\"@id\":\"https:\/\/uros.explotacionweb.es\/en\/video-library\/\",\"url\":\"https:\/\/uros.explotacionweb.es\/en\/video-library\/\",\"name\":\"Video library &#8211; Uros Associats\",\"isPartOf\":{\"@id\":\"https:\/\/uros.explotacionweb.es\/#website\"},\"datePublished\":\"2023-10-16T12:06:20+00:00\",\"dateModified\":\"2025-05-26T09:02:53+00:00\",\"breadcrumb\":{\"@id\":\"https:\/\/uros.explotacionweb.es\/en\/video-library\/#breadcrumb\"},\"inLanguage\":\"en-US\",\"potentialAction\":[{\"@type\":\"ReadAction\",\"target\":[\"https:\/\/uros.explotacionweb.es\/en\/video-library\/\"]}]},{\"@type\":\"BreadcrumbList\",\"@id\":\"https:\/\/uros.explotacionweb.es\/en\/video-library\/#breadcrumb\",\"itemListElement\":[{\"@type\":\"ListItem\",\"position\":1,\"name\":\"Inicio\",\"item\":\"https:\/\/uros.explotacionweb.es\/en\/\"},{\"@type\":\"ListItem\",\"position\":2,\"name\":\"Video library\"}]},{\"@type\":\"WebSite\",\"@id\":\"https:\/\/uros.explotacionweb.es\/#website\",\"url\":\"https:\/\/uros.explotacionweb.es\/\",\"name\":\"Uros Associats\",\"description\":\"Ur\u00f3logos en Barcelona y Tarragona. Expertos en todo tipo de tratamientos y patolog\u00edas de Urolog\u00eda | Androlog\u00eda, Chequeos, Cirug\u00eda, Oncolog\u00eda, Litiasis y m\u00e1s.\",\"publisher\":{\"@id\":\"https:\/\/uros.explotacionweb.es\/#organization\"},\"potentialAction\":[{\"@type\":\"SearchAction\",\"target\":{\"@type\":\"EntryPoint\",\"urlTemplate\":\"https:\/\/uros.explotacionweb.es\/?s={search_term_string}\"},\"query-input\":{\"@type\":\"PropertyValueSpecification\",\"valueRequired\":true,\"valueName\":\"search_term_string\"}}],\"inLanguage\":\"en-US\"},{\"@type\":\"Organization\",\"@id\":\"https:\/\/uros.explotacionweb.es\/#organization\",\"name\":\"Uros Associats\",\"url\":\"https:\/\/uros.explotacionweb.es\/\",\"logo\":{\"@type\":\"ImageObject\",\"inLanguage\":\"en-US\",\"@id\":\"https:\/\/uros.explotacionweb.es\/#\/schema\/logo\/image\/\",\"url\":\"https:\/\/uros.explotacionweb.es\/wp-content\/uploads\/2020\/05\/logo-principal.png\",\"contentUrl\":\"https:\/\/uros.explotacionweb.es\/wp-content\/uploads\/2020\/05\/logo-principal.png\",\"width\":688,\"height\":643,\"caption\":\"Uros Associats\"},\"image\":{\"@id\":\"https:\/\/uros.explotacionweb.es\/#\/schema\/logo\/image\/\"},\"sameAs\":[\"https:\/\/x.com\/uros_associats\",\"https:\/\/www.instagram.com\/urosassociats_\",\"https:\/\/www.linkedin.com\/company\/uros-associats\"]}]}<\/script>\n<!-- \/ Yoast SEO plugin. -->","yoast_head_json":{"title":"Video library &#8211; Uros Associats","robots":{"index":"noindex","follow":"follow","max-snippet":"max-snippet:-1","max-image-preview":"max-image-preview:large","max-video-preview":"max-video-preview:-1"},"og_locale":"en_US","og_type":"article","og_title":"Video library &#8211; Uros Associats","og_url":"https:\/\/uros.explotacionweb.es\/en\/video-library\/","og_site_name":"Uros Associats","article_modified_time":"2025-05-26T09:02:53+00:00","og_image":[{"width":688,"height":643,"url":"https:\/\/uros.explotacionweb.es\/wp-content\/uploads\/2020\/05\/logo-principal.png","type":"image\/png"}],"twitter_card":"summary_large_image","twitter_site":"@uros_associats","twitter_misc":{"Est. reading time":"2 minutes"},"schema":{"@context":"https:\/\/schema.org","@graph":[{"@type":"WebPage","@id":"https:\/\/uros.explotacionweb.es\/en\/video-library\/","url":"https:\/\/uros.explotacionweb.es\/en\/video-library\/","name":"Video library &#8211; Uros Associats","isPartOf":{"@id":"https:\/\/uros.explotacionweb.es\/#website"},"datePublished":"2023-10-16T12:06:20+00:00","dateModified":"2025-05-26T09:02:53+00:00","breadcrumb":{"@id":"https:\/\/uros.explotacionweb.es\/en\/video-library\/#breadcrumb"},"inLanguage":"en-US","potentialAction":[{"@type":"ReadAction","target":["https:\/\/uros.explotacionweb.es\/en\/video-library\/"]}]},{"@type":"BreadcrumbList","@id":"https:\/\/uros.explotacionweb.es\/en\/video-library\/#breadcrumb","itemListElement":[{"@type":"ListItem","position":1,"name":"Inicio","item":"https:\/\/uros.explotacionweb.es\/en\/"},{"@type":"ListItem","position":2,"name":"Video library"}]},{"@type":"WebSite","@id":"https:\/\/uros.explotacionweb.es\/#website","url":"https:\/\/uros.explotacionweb.es\/","name":"Uros Associats","description":"Ur\u00f3logos en Barcelona y Tarragona. Expertos en todo tipo de tratamientos y patolog\u00edas de Urolog\u00eda | Androlog\u00eda, Chequeos, Cirug\u00eda, Oncolog\u00eda, Litiasis y m\u00e1s.","publisher":{"@id":"https:\/\/uros.explotacionweb.es\/#organization"},"potentialAction":[{"@type":"SearchAction","target":{"@type":"EntryPoint","urlTemplate":"https:\/\/uros.explotacionweb.es\/?s={search_term_string}"},"query-input":{"@type":"PropertyValueSpecification","valueRequired":true,"valueName":"search_term_string"}}],"inLanguage":"en-US"},{"@type":"Organization","@id":"https:\/\/uros.explotacionweb.es\/#organization","name":"Uros Associats","url":"https:\/\/uros.explotacionweb.es\/","logo":{"@type":"ImageObject","inLanguage":"en-US","@id":"https:\/\/uros.explotacionweb.es\/#\/schema\/logo\/image\/","url":"https:\/\/uros.explotacionweb.es\/wp-content\/uploads\/2020\/05\/logo-principal.png","contentUrl":"https:\/\/uros.explotacionweb.es\/wp-content\/uploads\/2020\/05\/logo-principal.png","width":688,"height":643,"caption":"Uros Associats"},"image":{"@id":"https:\/\/uros.explotacionweb.es\/#\/schema\/logo\/image\/"},"sameAs":["https:\/\/x.com\/uros_associats","https:\/\/www.instagram.com\/urosassociats_","https:\/\/www.linkedin.com\/company\/uros-associats"]}]}},"_links":{"self":[{"href":"https:\/\/uros.explotacionweb.es\/en\/wp-json\/wp\/v2\/pages\/20470","targetHints":{"allow":["GET"]}}],"collection":[{"href":"https:\/\/uros.explotacionweb.es\/en\/wp-json\/wp\/v2\/pages"}],"about":[{"href":"https:\/\/uros.explotacionweb.es\/en\/wp-json\/wp\/v2\/types\/page"}],"author":[{"embeddable":true,"href":"https:\/\/uros.explotacionweb.es\/en\/wp-json\/wp\/v2\/users\/3"}],"replies":[{"embeddable":true,"href":"https:\/\/uros.explotacionweb.es\/en\/wp-json\/wp\/v2\/comments?post=20470"}],"version-history":[{"count":13,"href":"https:\/\/uros.explotacionweb.es\/en\/wp-json\/wp\/v2\/pages\/20470\/revisions"}],"predecessor-version":[{"id":20804,"href":"https:\/\/uros.explotacionweb.es\/en\/wp-json\/wp\/v2\/pages\/20470\/revisions\/20804"}],"wp:attachment":[{"href":"https:\/\/uros.explotacionweb.es\/en\/wp-json\/wp\/v2\/media?parent=20470"}],"curies":[{"name":"wp","href":"https:\/\/api.w.org\/{rel}","templated":true}]}}