{"id":21340,"date":"2023-11-29T15:41:33","date_gmt":"2023-11-29T15:41:33","guid":{"rendered":"https:\/\/urosassociats.com\/politica-de-privacidad-2\/"},"modified":"2023-12-01T11:28:43","modified_gmt":"2023-12-01T11:28:43","slug":"privacy-policy","status":"publish","type":"page","link":"https:\/\/uros.explotacionweb.es\/en\/privacy-policy\/","title":{"rendered":"Privacy Policy"},"content":{"rendered":"<div id=\"cmsmasters_row_8lfyz259l\" class=\"cmsmasters_row cmsmasters_color_scheme_default cmsmasters_row_top_default cmsmasters_row_bot_default cmsmasters_row_boxed\">\n<div class=\"cmsmasters_row_outer_parent\">\n<div class=\"cmsmasters_row_outer\">\n<div class=\"cmsmasters_row_inner\">\n<div class=\"cmsmasters_row_margin\">\n\n<div id=\"cmsmasters_column_2810kfkyvb\" class=\"cmsmasters_column one_first\">\n<div class=\"cmsmasters_column_inner\"><div class=\"cmsmasters_text\">\n<h3>Data of the owner of the website:<\/h3>\n<\/div>\n\n<div class=\"cmsmasters_wrap_table\"><table class=\"cmsmasters_table\"><caption><\/caption>\n<tr><td class=\"cmsmasters_table_cell_alignleft\">REGISTERED NAME<\/td><td class=\"cmsmasters_table_cell_alignleft\">CSF UROS ASSOCIATS SLP and TK UROS ASSOCIATS SLP<\/td><\/tr>\n<tr><td class=\"cmsmasters_table_cell_alignleft\">ID<\/td><td class=\"cmsmasters_table_cell_alignleft\">B65211955 and B66490863<\/td><\/tr>\n<tr><td class=\"cmsmasters_table_cell_alignleft\">POSTAL ADDRESS<\/td><td class=\"cmsmasters_table_cell_alignleft\">Ronda General Mitre 101, ground floor<\/td><\/tr>\n<tr><td class=\"cmsmasters_table_cell_alignleft\">ELECTRONIC ADDRESS<\/td><td class=\"cmsmasters_table_cell_alignleft\"><a href=\"mailto:info@urosassociats.com\">info@urosassociats.com<\/a><\/td><\/tr>\n<tr><td class=\"cmsmasters_table_cell_alignleft\">TELEPHONES<\/td><td class=\"cmsmasters_table_cell_alignleft\"><a href=\"tel:936558565\">936558565<\/a><\/td><\/tr>\n<tr><td class=\"cmsmasters_table_cell_alignleft\">COMMERCIAL REGISTER <\/td><td class=\"cmsmasters_table_cell_alignleft\">TOMO 41562, FOLIO 1, HOJA B 388884, INSCRIPCION 1 y TOMO 44856, FOLIO 132, HOJA B 469557, INSCRIPCION 1<\/td><\/tr>\n<tr><td class=\"cmsmasters_table_cell_alignleft\">PRINCIPAL PURPOSE<\/td><td class=\"cmsmasters_table_cell_alignleft\">PRIVATE HEALTHCARE<\/td><\/tr>\n<\/table><\/div>\n<div class=\"cmsmasters_text\">\n<p><strong>Data protection<\/strong><\/p>\n<p>In accordance with current and applicable legislation on the protection of personal data, we hereby inform you that your data will be included in the processing system owned by CSF UROS ASSOCIATS SLP and TK UROS ASSOCIATS SLP, with tax numbers B65211955 and B66490863 and registered offices at TORRES I PUJALT 11-29 2.9 08022 BARCELONA, and that the respective purposes, storage periods and legitimate bases are listed below. For those processing operations which so require, you are also informed of the possible drawing up of profiles and automated decisions, as well as the possible transfers and international transfers which CSF UROS ASSOCIATS SLP AND TK UROS ASSOCIATS SLP intend to make:<\/p>\n<\/div>\n\n<div class=\"cmsmasters_wrap_table\"><table class=\"cmsmasters_table\"><caption><\/caption>\n<thead><tr class=\"cmsmasters_table_row_header\">\n<th class=\"cmsmasters_table_cell_alignleft\">TREATMENTS CARRIED OUT<\/th>\n<th class=\"cmsmasters_table_cell_alignleft\"><\/th>\n<\/tr><\/thead>\n<tr><td class=\"cmsmasters_table_cell_alignleft\">Website management<\/td><td class=\"cmsmasters_table_cell_alignleft\">Purpose: Processing and management of the data necessary for the functionality of the website.<br \/>\nRetention period: for the duration of the consent given.<br \/>\nLegitimate basis: The consent of the data subject<br \/>\nType of data: Merely identifying data<br \/>\nTransfers: Not foreseen<br \/>\nInternational transfers: Not foreseen<br \/>\nProfiling: Not foreseen.<\/td><\/tr>\n<tr><td class=\"cmsmasters_table_cell_alignleft\">Web form<\/td><td class=\"cmsmasters_table_cell_alignleft\">Purpose: To deal with your queries and\/or requests<br \/>\nConservation period: as long as the consent given is maintained.<br \/>\nLegitimate basis: The consent of the data subject<br \/>\nType of data: Merely identifying data<br \/>\nTransfers: None<br \/>\nInternational transfers: None foreseen<br \/>\nProfiling: Not foreseen.<\/td><\/tr>\n<tr>\n<td class=\"cmsmasters_table_cell_alignleft\">Regulatory compliance management<\/td>\n<td class=\"cmsmasters_table_cell_alignleft\">Purpose: Management and processing of the obligations and duties deriving from compliance with the regulations to which the entity is subject.<br \/>\nConservation period: conservation of the copies of the documents until the statute of limitations has expired for the actions for claiming possible liability<br \/>\nLegitimate basis: compliance with a law<br \/>\nType of data: Purely identifying data<br \/>\nTransfers: your data will be communicated, if necessary, to bodies and\/or public administrations with competence in the matter with the administration with competence in the matter with the aim of complying with the obligations established in the applicable applicable regulations. In addition, we inform you that the legitimate basis for the transfer is to comply with the obligations established in the applicable regulations.<br \/>\nInternational transfers: Not foreseen<br \/>\nProfiling: No profiling foreseen <\/td>\n<\/tr>\n<tr><td class=\"cmsmasters_table_cell_alignleft\">Commercial Actions<\/td><td class=\"cmsmasters_table_cell_alignleft\">Purpose: Collection, registration and processing of data for the purposes of advertising and commercial prospecting of our products and\/or services of our products and\/or services<br \/>\nRetention period: for as long as the consent given is maintained.<br \/>\nLegitimate basis: The consent of the data subject<br \/>\nType of data: Merely identifying data<br \/>\nTransfers: None<br \/>\nInternational transfers: None foreseen<br \/>\nProfiling: Not foreseen.<\/td><\/tr>\n<tr><td class=\"cmsmasters_table_cell_alignleft\">Appointment management<\/td><td class=\"cmsmasters_table_cell_alignleft\">Purpose: To be able to make an appointment<br \/>\nRetention period: For the duration of the consent given.<br \/>\nLegitimate basis: The consent of the data subject<br \/>\nType of data: Purely identifying data<br \/>\nTransfers: Not foreseen<br \/>\nInternational transfers: Not foreseen<br \/>\nProfiling: Not foreseen.<\/td><\/tr>\n<\/table><\/div>\n<div class=\"cmsmasters_text\">\n<p>We also inform you that you can contact the Data Protection Delegate by writing to the following e-mail address: <a href=\"dpd.cliente@conversia.es\">dpd.cliente@conversia.es<\/a> or by calling <a href=\"tel:902877192\">902 877 192<\/a>.<\/p>\n<\/div>\n\n<div class=\"cmsmasters_text\">\n<p><strong>Rights of data subjects<\/strong><\/p>\n<p>CSF UROS ASSOCIATS SLP AND TK UROS ASSOCIATS SLP inform Users that they may exercise their rights of access, rectification, limitation, suppression, portability and opposition to the processing of their personal data before the Data Controller, as well as the right to withdraw their consent.<\/p>\n<ul>\n<li><span style=\"text-decoration: underline;\"><strong>Right of Access:<\/strong><\/span>This is the user&#8217;s right to obtain information about his or her specific personal data and the processing that has been or is being carried out, as well as the information available about the origin of said data and the communications made.<\/li>\n<li><span style=\"text-decoration: underline;\"><strong>Right of rectification:<\/strong><\/span> This is the right of the data subject to have data that proves to be inaccurate or incomplete amended. This right may only be exercised in relation to information that is under the control of CSF UROS ASSOCIATS SLP AND TK UROS ASSOCIATS SLP, for example, deleting comments published on the website itself, images or web content containing the user&#8217;s personal data.<\/li>\n<li><strong><span style=\"text-decoration: underline;\">Right to the Limitation of processing:<\/span><\/strong> This is the right to limit the purposes of the processing originally foreseen by the data controller.<\/li>\n<li><strong><span style=\"text-decoration: underline;\">Right of Deletion:<\/span><\/strong> This is the right to delete the user&#8217;s personal data, with the exception of the provisions of the GDPR itself or other applicable regulations that determine that the data must be kept.<\/li>\n<li><span style=\"text-decoration: underline;\"><strong>Right of portability:<\/strong><\/span> The right to receive the personal data that the user has provided, in a structured, commonly used and machine-readable format, and to transmit them to others.<\/li>\n<li><span style=\"text-decoration: underline;\"><strong>Right of Opposition:<\/strong><\/span> This is the user&#8217;s right not to have their personal data processed or to have the processing of such data by CSF UROS ASSOCIATS SLP AND TK UROS ASSOCIATS SLP ceased.<\/li>\n<\/ul>\n<p>In order to exercise any of the rights described above, you must meet the following requirements:<\/p>\n<ul>\n<li>By writing to the address TORRES I PUJALT 11-29, 2.9 08022, BARCELONA (for the attention of CSF UROS ASSOCIATS SLP AND TK UROS ASSOCIATS SLP) or by e-mail to info@urosassociats.com<\/li>\n<li>The letter sent by the data subject requesting the exercise must meet the following legal requirements:\n<ul>\n<li>Name, surname(s) of the interested party and a copy of the DNI\/NIE or any other identification document. In the exceptional cases in which representation is admitted, it will also be necessary to identify by the same means the person representing the interested party, as well as the document accrediting the representation. The photocopy of the DNI may be substituted provided that the identity is accredited by any other legally valid means.<\/li>\n<li>Request in which the (Exercise in which the information to which access is sought is requested). If you do not refer to a specific file, you will be provided with all the information held on your personal data. If you request information on a specific file, only the information on this file. If you request information relating to a third party, it will never be provided. If you request it by telephone, you will be instructed to do so in writing and you will be informed of how to do so and the address to which you should send it. You will never be given information over the telephone.<\/li>\n<li>Address for the purpose<\/li>\n<li>Date and signature<\/li>\n<li>Documents in support of the request<\/li>\n<li>The interested party must use any means that allows proof of sending and receipt of the information.<\/li>\n<\/ul>\n<\/li>\n<\/ul>\n<\/div>\n\n<div class=\"cmsmasters_text\">\n<p>Finally, we inform you that you have the right to file a complaint with the Spanish Data Protection Agency in the event that you become aware of or consider that an event may involve a breach of the applicable data protection regulations.<\/p>\n<p>CSF UROS ASSOCIATS SLP and TK UROS ASSOCIATS SLP undertake to adopt the necessary technical and organisational measures, in accordance with the level of risk associated with the processing carried out by them and indicated in the section on terms and conditions of use, so as to guarantee their integrity, confidentiality and availability.<\/p>\n<\/div>\n\n<div class=\"cmsmasters_text\">\n<p><span style=\"text-decoration: underline;\"><strong>LAST UPDATE:<\/strong><\/span> 29\/11\/2023<\/p>\n<\/div>\n<\/div><\/div>\n\n<\/div>\n<\/div>\n<\/div>\n<\/div>\n<\/div>\n\n","protected":false},"excerpt":{"rendered":"","protected":false},"author":3,"featured_media":0,"parent":0,"menu_order":0,"comment_status":"closed","ping_status":"closed","template":"","meta":{"footnotes":""},"class_list":["post-21340","page","type-page","status-publish","hentry"],"yoast_head":"<!-- This site is optimized with the Yoast SEO plugin v25.9 - https:\/\/yoast.com\/wordpress\/plugins\/seo\/ -->\n<title>Privacy Policy &#8211; Uros Associats<\/title>\n<meta name=\"robots\" content=\"noindex, follow, max-snippet:-1, max-image-preview:large, max-video-preview:-1\" \/>\n<meta property=\"og:locale\" content=\"en_US\" \/>\n<meta property=\"og:type\" content=\"article\" \/>\n<meta property=\"og:title\" content=\"Privacy Policy &#8211; Uros Associats\" \/>\n<meta property=\"og:url\" content=\"https:\/\/uros.explotacionweb.es\/en\/privacy-policy\/\" \/>\n<meta property=\"og:site_name\" content=\"Uros Associats\" \/>\n<meta property=\"article:modified_time\" content=\"2023-12-01T11:28:43+00:00\" \/>\n<meta property=\"og:image\" content=\"https:\/\/uros.explotacionweb.es\/wp-content\/uploads\/2020\/05\/logo-principal.png\" \/>\n\t<meta property=\"og:image:width\" content=\"688\" \/>\n\t<meta property=\"og:image:height\" content=\"643\" \/>\n\t<meta property=\"og:image:type\" content=\"image\/png\" \/>\n<meta name=\"twitter:card\" content=\"summary_large_image\" \/>\n<meta name=\"twitter:site\" content=\"@uros_associats\" \/>\n<meta name=\"twitter:label1\" content=\"Est. reading time\" \/>\n\t<meta name=\"twitter:data1\" content=\"6 minutes\" \/>\n<script type=\"application\/ld+json\" class=\"yoast-schema-graph\">{\"@context\":\"https:\/\/schema.org\",\"@graph\":[{\"@type\":\"WebPage\",\"@id\":\"https:\/\/uros.explotacionweb.es\/en\/privacy-policy\/\",\"url\":\"https:\/\/uros.explotacionweb.es\/en\/privacy-policy\/\",\"name\":\"Privacy Policy &#8211; Uros Associats\",\"isPartOf\":{\"@id\":\"https:\/\/uros.explotacionweb.es\/#website\"},\"datePublished\":\"2023-11-29T15:41:33+00:00\",\"dateModified\":\"2023-12-01T11:28:43+00:00\",\"breadcrumb\":{\"@id\":\"https:\/\/uros.explotacionweb.es\/en\/privacy-policy\/#breadcrumb\"},\"inLanguage\":\"en-US\",\"potentialAction\":[{\"@type\":\"ReadAction\",\"target\":[\"https:\/\/uros.explotacionweb.es\/en\/privacy-policy\/\"]}]},{\"@type\":\"BreadcrumbList\",\"@id\":\"https:\/\/uros.explotacionweb.es\/en\/privacy-policy\/#breadcrumb\",\"itemListElement\":[{\"@type\":\"ListItem\",\"position\":1,\"name\":\"Inicio\",\"item\":\"https:\/\/uros.explotacionweb.es\/en\/\"},{\"@type\":\"ListItem\",\"position\":2,\"name\":\"Privacy Policy\"}]},{\"@type\":\"WebSite\",\"@id\":\"https:\/\/uros.explotacionweb.es\/#website\",\"url\":\"https:\/\/uros.explotacionweb.es\/\",\"name\":\"Uros Associats\",\"description\":\"Ur\u00f3logos en Barcelona y Tarragona. Expertos en todo tipo de tratamientos y patolog\u00edas de Urolog\u00eda | Androlog\u00eda, Chequeos, Cirug\u00eda, Oncolog\u00eda, Litiasis y m\u00e1s.\",\"publisher\":{\"@id\":\"https:\/\/uros.explotacionweb.es\/#organization\"},\"potentialAction\":[{\"@type\":\"SearchAction\",\"target\":{\"@type\":\"EntryPoint\",\"urlTemplate\":\"https:\/\/uros.explotacionweb.es\/?s={search_term_string}\"},\"query-input\":{\"@type\":\"PropertyValueSpecification\",\"valueRequired\":true,\"valueName\":\"search_term_string\"}}],\"inLanguage\":\"en-US\"},{\"@type\":\"Organization\",\"@id\":\"https:\/\/uros.explotacionweb.es\/#organization\",\"name\":\"Uros Associats\",\"url\":\"https:\/\/uros.explotacionweb.es\/\",\"logo\":{\"@type\":\"ImageObject\",\"inLanguage\":\"en-US\",\"@id\":\"https:\/\/uros.explotacionweb.es\/#\/schema\/logo\/image\/\",\"url\":\"https:\/\/uros.explotacionweb.es\/wp-content\/uploads\/2020\/05\/logo-principal.png\",\"contentUrl\":\"https:\/\/uros.explotacionweb.es\/wp-content\/uploads\/2020\/05\/logo-principal.png\",\"width\":688,\"height\":643,\"caption\":\"Uros Associats\"},\"image\":{\"@id\":\"https:\/\/uros.explotacionweb.es\/#\/schema\/logo\/image\/\"},\"sameAs\":[\"https:\/\/x.com\/uros_associats\",\"https:\/\/www.instagram.com\/urosassociats_\",\"https:\/\/www.linkedin.com\/company\/uros-associats\"]}]}<\/script>\n<!-- \/ Yoast SEO plugin. -->","yoast_head_json":{"title":"Privacy Policy &#8211; Uros Associats","robots":{"index":"noindex","follow":"follow","max-snippet":"max-snippet:-1","max-image-preview":"max-image-preview:large","max-video-preview":"max-video-preview:-1"},"og_locale":"en_US","og_type":"article","og_title":"Privacy Policy &#8211; Uros Associats","og_url":"https:\/\/uros.explotacionweb.es\/en\/privacy-policy\/","og_site_name":"Uros Associats","article_modified_time":"2023-12-01T11:28:43+00:00","og_image":[{"width":688,"height":643,"url":"https:\/\/uros.explotacionweb.es\/wp-content\/uploads\/2020\/05\/logo-principal.png","type":"image\/png"}],"twitter_card":"summary_large_image","twitter_site":"@uros_associats","twitter_misc":{"Est. reading time":"6 minutes"},"schema":{"@context":"https:\/\/schema.org","@graph":[{"@type":"WebPage","@id":"https:\/\/uros.explotacionweb.es\/en\/privacy-policy\/","url":"https:\/\/uros.explotacionweb.es\/en\/privacy-policy\/","name":"Privacy Policy &#8211; Uros Associats","isPartOf":{"@id":"https:\/\/uros.explotacionweb.es\/#website"},"datePublished":"2023-11-29T15:41:33+00:00","dateModified":"2023-12-01T11:28:43+00:00","breadcrumb":{"@id":"https:\/\/uros.explotacionweb.es\/en\/privacy-policy\/#breadcrumb"},"inLanguage":"en-US","potentialAction":[{"@type":"ReadAction","target":["https:\/\/uros.explotacionweb.es\/en\/privacy-policy\/"]}]},{"@type":"BreadcrumbList","@id":"https:\/\/uros.explotacionweb.es\/en\/privacy-policy\/#breadcrumb","itemListElement":[{"@type":"ListItem","position":1,"name":"Inicio","item":"https:\/\/uros.explotacionweb.es\/en\/"},{"@type":"ListItem","position":2,"name":"Privacy Policy"}]},{"@type":"WebSite","@id":"https:\/\/uros.explotacionweb.es\/#website","url":"https:\/\/uros.explotacionweb.es\/","name":"Uros Associats","description":"Ur\u00f3logos en Barcelona y Tarragona. Expertos en todo tipo de tratamientos y patolog\u00edas de Urolog\u00eda | Androlog\u00eda, Chequeos, Cirug\u00eda, Oncolog\u00eda, Litiasis y m\u00e1s.","publisher":{"@id":"https:\/\/uros.explotacionweb.es\/#organization"},"potentialAction":[{"@type":"SearchAction","target":{"@type":"EntryPoint","urlTemplate":"https:\/\/uros.explotacionweb.es\/?s={search_term_string}"},"query-input":{"@type":"PropertyValueSpecification","valueRequired":true,"valueName":"search_term_string"}}],"inLanguage":"en-US"},{"@type":"Organization","@id":"https:\/\/uros.explotacionweb.es\/#organization","name":"Uros Associats","url":"https:\/\/uros.explotacionweb.es\/","logo":{"@type":"ImageObject","inLanguage":"en-US","@id":"https:\/\/uros.explotacionweb.es\/#\/schema\/logo\/image\/","url":"https:\/\/uros.explotacionweb.es\/wp-content\/uploads\/2020\/05\/logo-principal.png","contentUrl":"https:\/\/uros.explotacionweb.es\/wp-content\/uploads\/2020\/05\/logo-principal.png","width":688,"height":643,"caption":"Uros Associats"},"image":{"@id":"https:\/\/uros.explotacionweb.es\/#\/schema\/logo\/image\/"},"sameAs":["https:\/\/x.com\/uros_associats","https:\/\/www.instagram.com\/urosassociats_","https:\/\/www.linkedin.com\/company\/uros-associats"]}]}},"_links":{"self":[{"href":"https:\/\/uros.explotacionweb.es\/en\/wp-json\/wp\/v2\/pages\/21340","targetHints":{"allow":["GET"]}}],"collection":[{"href":"https:\/\/uros.explotacionweb.es\/en\/wp-json\/wp\/v2\/pages"}],"about":[{"href":"https:\/\/uros.explotacionweb.es\/en\/wp-json\/wp\/v2\/types\/page"}],"author":[{"embeddable":true,"href":"https:\/\/uros.explotacionweb.es\/en\/wp-json\/wp\/v2\/users\/3"}],"replies":[{"embeddable":true,"href":"https:\/\/uros.explotacionweb.es\/en\/wp-json\/wp\/v2\/comments?post=21340"}],"version-history":[{"count":3,"href":"https:\/\/uros.explotacionweb.es\/en\/wp-json\/wp\/v2\/pages\/21340\/revisions"}],"predecessor-version":[{"id":21351,"href":"https:\/\/uros.explotacionweb.es\/en\/wp-json\/wp\/v2\/pages\/21340\/revisions\/21351"}],"wp:attachment":[{"href":"https:\/\/uros.explotacionweb.es\/en\/wp-json\/wp\/v2\/media?parent=21340"}],"curies":[{"name":"wp","href":"https:\/\/api.w.org\/{rel}","templated":true}]}}