{"id":22398,"date":"2024-01-31T14:28:13","date_gmt":"2024-01-31T14:28:13","guid":{"rendered":"https:\/\/urosassociats.com\/medical-team-2\/"},"modified":"2025-05-27T11:59:38","modified_gmt":"2025-05-27T11:59:38","slug":"professional-area-medical-team","status":"publish","type":"page","link":"https:\/\/uros.explotacionweb.es\/en\/professional-area-medical-team\/","title":{"rendered":"Medical Team old"},"content":{"rendered":"<div id=\"cmsmasters_row_0uzwrft5c9\" class=\"cmsmasters_row cmsmasters_color_scheme_default cmsmasters_row_top_default cmsmasters_row_bot_default cmsmasters_row_boxed\">\n<div class=\"cmsmasters_row_outer_parent\">\n<div class=\"cmsmasters_row_outer\">\n<div class=\"cmsmasters_row_inner\">\n<div class=\"cmsmasters_row_margin\">\n\n<div id=\"cmsmasters_column_gjgddohoke\" class=\"cmsmasters_column one_first\">\n<div class=\"cmsmasters_column_inner\"><div class=\"cmsmasters_text\">\n<p style=\"text-align: center; text-transform: uppercase; font-size: 27px; user-select: auto;\"><span style=\"color: #000000;\"><br \/>\n<strong style=\"user-select: auto;\">Want to join our team?<\/strong><br \/>\n<\/span><\/p>\n<p style=\"text-align: center; user-select: auto; font-size: 16px;\"><span style=\"color: #000000;\">UROS ASSOCIATS is a Private Urology Service with activity in Barcelona, Badalona, Tarragona and Ibiza founded in 2005. It is made up of a team of more than 35 doctors and carries out its activity mainly at the Teknon Medical Centre and the Sagrada Familia Clinic in Barcelona. It has the following specialization units: Uro-oncology, Lithiasis and LEOC, Prostate Laser and Reconstructive Urology, Robotic and Laparoscopic Surgery, Andrology, Functional Urology-Chronic Pelvic Pain and Nephrology<\/span><\/p>\n<p style=\"text-align: center; user-select: auto; font-size: 16px;\"><span style=\"color: #000000;\">If you are interested, you can send us an email at <a style=\"user-select: auto; font-size: 16px;\" href=\"mailto:coordinaci%C3%B3n@urosassociats.com\">people@urosassociats.com<\/a><\/span><\/p>\n<\/div>\n<\/div><\/div>\n\n<\/div>\n<\/div>\n<\/div>\n<\/div>\n<\/div>\n\n<div id=\"cmsmasters_row_9jat2tg99a\" class=\"cmsmasters_row cmsmasters_color_scheme_default flex-2 cmsmasters_row_top_default cmsmasters_row_bot_default cmsmasters_row_boxed\">\n<div class=\"cmsmasters_row_outer_parent\">\n<div class=\"cmsmasters_row_outer\">\n<div class=\"cmsmasters_row_inner\">\n<div class=\"cmsmasters_row_margin\">\n\n<div id=\"cmsmasters_column_icqj73spow\" class=\"cmsmasters_column one_half\">\n<div class=\"cmsmasters_column_inner\"><div id=\"cmsmasters_video_wrap_\" class=\"cmsmasters_video_wrap\">\n<iframe title=\"AEU Pielolitotom\u00eda por retroperitoneoscopia 2 0\" width=\"1160\" height=\"653\" src=\"https:\/\/www.youtube.com\/embed\/LeZ7GMb9vXA?feature=oembed\" frameborder=\"0\" allow=\"accelerometer; autoplay; clipboard-write; encrypted-media; gyroscope; picture-in-picture; web-share\" allowfullscreen><\/iframe>\n<\/div>\n<\/div><\/div>\n\n<div id=\"cmsmasters_column_or5p4xldqw\" class=\"cmsmasters_column one_half\">\n<div class=\"cmsmasters_column_inner\"><div class=\"cmsmasters_text\">\n<h2 style=\"text-align: center;\"><span style=\"color: #000000;\"><br \/>\n<strong>Retroperitoneoscopy pyelolithotomy 2.0<\/strong><br \/>\n<\/span><\/h2>\n<\/div>\n<\/div><\/div>\n\n<\/div>\n<\/div>\n<\/div>\n<\/div>\n<\/div>\n\n<div id=\"cmsmasters_row_jrkh27n0wx\" class=\"cmsmasters_row cmsmasters_color_scheme_default flex-2 cmsmasters_row_top_default cmsmasters_row_bot_default cmsmasters_row_boxed\">\n<div class=\"cmsmasters_row_outer_parent\">\n<div class=\"cmsmasters_row_outer\">\n<div class=\"cmsmasters_row_inner\">\n<div class=\"cmsmasters_row_margin\">\n\n<div id=\"cmsmasters_column_o71rtmalmh\" class=\"cmsmasters_column one_half\">\n<div class=\"cmsmasters_column_inner\"><div class=\"cmsmasters_text\">\n<h2 style=\"color: #000000; text-align: center;\"><strong>Robotic Partial Nephrectomy with Secondary Pseudoaneurysm<\/strong><\/h2>\n<\/div>\n<\/div><\/div>\n\n<div id=\"cmsmasters_column_m0arputtav\" class=\"cmsmasters_column one_half\">\n<div class=\"cmsmasters_column_inner\"><div id=\"cmsmasters_video_wrap_\" class=\"cmsmasters_video_wrap\">\n<iframe title=\"Nefrectom\u00eda parcial Rob\u00f3tica con pseudoaneurisma secundario\" width=\"1160\" height=\"653\" src=\"https:\/\/www.youtube.com\/embed\/vjQN7xRucqE?feature=oembed\" frameborder=\"0\" allow=\"accelerometer; autoplay; clipboard-write; encrypted-media; gyroscope; picture-in-picture; web-share\" allowfullscreen><\/iframe>\n<\/div>\n<\/div><\/div>\n\n<\/div>\n<\/div>\n<\/div>\n<\/div>\n<\/div>\n\n<div id=\"cmsmasters_row_yv4in45s1\" class=\"cmsmasters_row cmsmasters_color_scheme_default flex-2 cmsmasters_row_top_default cmsmasters_row_bot_default cmsmasters_row_boxed\">\n<div class=\"cmsmasters_row_outer_parent\">\n<div class=\"cmsmasters_row_outer\">\n<div class=\"cmsmasters_row_inner\">\n<div class=\"cmsmasters_row_margin\">\n\n<div id=\"cmsmasters_column_a11l2wm2j8\" class=\"cmsmasters_column one_half\">\n<div class=\"cmsmasters_column_inner\"><div id=\"cmsmasters_video_wrap_\" class=\"cmsmasters_video_wrap\">\n<iframe title=\"Retroperitoneoscopic Pyelolithotomy\" width=\"1160\" height=\"653\" src=\"https:\/\/www.youtube.com\/embed\/88CY4dz8km8?feature=oembed\" frameborder=\"0\" allow=\"accelerometer; autoplay; clipboard-write; encrypted-media; gyroscope; picture-in-picture; web-share\" allowfullscreen><\/iframe>\n<\/div>\n<\/div><\/div>\n\n<div id=\"cmsmasters_column_wem8iaz2nh\" class=\"cmsmasters_column one_half\">\n<div class=\"cmsmasters_column_inner\"><div class=\"cmsmasters_text\">\n<h2 style=\"color: #000000; text-align: center;\"><strong>Retroperitoneoscopic Pyelolithotomy<\/strong><\/h2>\n<\/div>\n<\/div><\/div>\n\n<\/div>\n<\/div>\n<\/div>\n<\/div>\n<\/div>\n\n<div id=\"cmsmasters_row_82y48ik9jk\" class=\"cmsmasters_row cmsmasters_color_scheme_default flex-2 cmsmasters_row_top_default cmsmasters_row_bot_default cmsmasters_row_boxed\">\n<div class=\"cmsmasters_row_outer_parent\">\n<div class=\"cmsmasters_row_outer\">\n<div class=\"cmsmasters_row_inner\">\n<div class=\"cmsmasters_row_margin\">\n\n<div id=\"cmsmasters_column_2ystjwtni5\" class=\"cmsmasters_column one_half\">\n<div class=\"cmsmasters_column_inner\"><div class=\"cmsmasters_text\">\n<h2 style=\"color: #000000; text-align: center;\" align=\"justify\"><strong>Pelvic ectopic kidney tumor<\/strong><\/h2>\n<\/div>\n<\/div><\/div>\n\n<div id=\"cmsmasters_column_0q89dfa8vi\" class=\"cmsmasters_column one_half\">\n<div class=\"cmsmasters_column_inner\"><div id=\"cmsmasters_video_wrap_\" class=\"cmsmasters_video_wrap\">\n<iframe title=\"Tumor en ri\u00f1\u00f3n ect\u00f3pico p\u00e9lvico\" width=\"1160\" height=\"653\" src=\"https:\/\/www.youtube.com\/embed\/tUrjFAiRt-g?feature=oembed\" frameborder=\"0\" allow=\"accelerometer; autoplay; clipboard-write; encrypted-media; gyroscope; picture-in-picture; web-share\" allowfullscreen><\/iframe>\n<\/div>\n<\/div><\/div>\n\n<\/div>\n<\/div>\n<\/div>\n<\/div>\n<\/div>\n\n<div id=\"cmsmasters_row_gcg28fj5rh\" class=\"cmsmasters_row cmsmasters_color_scheme_default flex-2 cmsmasters_row_top_default cmsmasters_row_bot_default cmsmasters_row_boxed\">\n<div class=\"cmsmasters_row_outer_parent\">\n<div class=\"cmsmasters_row_outer\">\n<div class=\"cmsmasters_row_inner\">\n<div class=\"cmsmasters_row_margin\">\n\n<div id=\"cmsmasters_column_z5b2u35wpe\" class=\"cmsmasters_column one_half\">\n<div class=\"cmsmasters_column_inner\"><div id=\"cmsmasters_video_wrap_\" class=\"cmsmasters_video_wrap\">\n<iframe title=\"MASTER ANEURISMA LAST VERSI\u00d3N  Reuni\u00f3n Litiasis ENERO 2023 - DR ZORDANI\" width=\"1160\" height=\"653\" src=\"https:\/\/www.youtube.com\/embed\/uOFkctIoczY?feature=oembed\" frameborder=\"0\" allow=\"accelerometer; autoplay; clipboard-write; encrypted-media; gyroscope; picture-in-picture; web-share\" allowfullscreen><\/iframe>\n<\/div>\n<\/div><\/div>\n\n<div id=\"cmsmasters_column_uar1vsr8ap\" class=\"cmsmasters_column one_half\">\n<div class=\"cmsmasters_column_inner\"><div class=\"cmsmasters_text\">\n<h2 style=\"color: #000000; text-align: center;\"><strong>Master Aneurysm &#8211; Dr Zordani<\/strong><\/h2>\n<\/div>\n<\/div><\/div>\n\n<\/div>\n<\/div>\n<\/div>\n<\/div>\n<\/div>\n\n<div id=\"cmsmasters_row_dzgw6ptzk7\" class=\"cmsmasters_row cmsmasters_color_scheme_default flex-2 cmsmasters_row_top_default cmsmasters_row_bot_default cmsmasters_row_boxed\">\n<div class=\"cmsmasters_row_outer_parent\">\n<div class=\"cmsmasters_row_outer\">\n<div class=\"cmsmasters_row_inner\">\n<div class=\"cmsmasters_row_margin\">\n\n<div id=\"cmsmasters_column_g9zgxn1xx8\" class=\"cmsmasters_column one_half\">\n<div class=\"cmsmasters_column_inner\"><div class=\"cmsmasters_text\">\n<h2 style=\"color: #000000; text-align: center;\"><strong>Laparoscopic pyelolith pelvic kidney &#8211; Dr Sanchez<\/strong><\/h2>\n<\/div>\n<\/div><\/div>\n\n<div id=\"cmsmasters_column_izyf8tud5\" class=\"cmsmasters_column one_half\">\n<div class=\"cmsmasters_column_inner\"><div id=\"cmsmasters_video_wrap_\" class=\"cmsmasters_video_wrap\">\n<iframe title=\"Pielolito laparosc\u00f3pica ri\u00f1\u00f3n p\u00e9lvico VERSI\u00d3N DEFINITIVA - Dr Sanchez\" width=\"1160\" height=\"653\" src=\"https:\/\/www.youtube.com\/embed\/MV80FRFE3fI?feature=oembed\" frameborder=\"0\" allow=\"accelerometer; autoplay; clipboard-write; encrypted-media; gyroscope; picture-in-picture; web-share\" allowfullscreen><\/iframe>\n<\/div>\n<\/div><\/div>\n\n<\/div>\n<\/div>\n<\/div>\n<\/div>\n<\/div>\n\n<div id=\"cmsmasters_row_w6svoitsar\" class=\"cmsmasters_row cmsmasters_color_scheme_default flex-2 cmsmasters_row_top_default cmsmasters_row_bot_default cmsmasters_row_boxed\">\n<div class=\"cmsmasters_row_outer_parent\">\n<div class=\"cmsmasters_row_outer\">\n<div class=\"cmsmasters_row_inner\">\n<div class=\"cmsmasters_row_margin\">\n\n<div id=\"cmsmasters_column_999wjhb2oa\" class=\"cmsmasters_column one_half\">\n<div class=\"cmsmasters_column_inner\"><div id=\"cmsmasters_video_wrap_\" class=\"cmsmasters_video_wrap\">\n<iframe title=\"Prostatectomia por Retroperitoneoscopia+hidrodisecci\u00f3n\" width=\"1160\" height=\"870\" src=\"https:\/\/www.youtube.com\/embed\/JCKgSeowrFk?feature=oembed\" frameborder=\"0\" allow=\"accelerometer; autoplay; clipboard-write; encrypted-media; gyroscope; picture-in-picture; web-share\" allowfullscreen><\/iframe>\n<\/div>\n<\/div><\/div>\n\n<div id=\"cmsmasters_column_e6fl8ow5p9\" class=\"cmsmasters_column one_half\">\n<div class=\"cmsmasters_column_inner\"><div class=\"cmsmasters_text\">\n<h2 style=\"color: #000000; text-align: center;\"><strong>Prostatectomy by Retroperitoneoscopy + Hydrodissection<\/strong><\/h2>\n<\/div>\n<\/div><\/div>\n\n<\/div>\n<\/div>\n<\/div>\n<\/div>\n<\/div>\n\n<div id=\"cmsmasters_row_inygz16zs5\" class=\"cmsmasters_row cmsmasters_color_scheme_default flex-2 cmsmasters_row_top_default cmsmasters_row_bot_default cmsmasters_row_boxed\">\n<div class=\"cmsmasters_row_outer_parent\">\n<div class=\"cmsmasters_row_outer\">\n<div class=\"cmsmasters_row_inner\">\n<div class=\"cmsmasters_row_margin\">\n\n<div id=\"cmsmasters_column_2pmfel5nwo\" class=\"cmsmasters_column one_half\">\n<div class=\"cmsmasters_column_inner\"><div class=\"cmsmasters_text\">\n<h2 style=\"color: #000000; text-align: center;\"><strong>LAPAROSCOPIC URETERAL REIMPLANTATION STEP BY STEP<\/strong><\/h2>\n<\/div>\n<\/div><\/div>\n\n<div id=\"cmsmasters_column_dqtr36cyp7\" class=\"cmsmasters_column one_half\">\n<div class=\"cmsmasters_column_inner\"><div id=\"cmsmasters_video_wrap_\" class=\"cmsmasters_video_wrap\">\n<iframe title=\"REIMPLANTE URETERAL LAPAROSCOPICO PASO A PASO\" width=\"1160\" height=\"653\" src=\"https:\/\/www.youtube.com\/embed\/AomrT7ch-ZM?feature=oembed\" frameborder=\"0\" allow=\"accelerometer; autoplay; clipboard-write; encrypted-media; gyroscope; picture-in-picture; web-share\" allowfullscreen><\/iframe>\n<\/div>\n<\/div><\/div>\n\n<\/div>\n<\/div>\n<\/div>\n<\/div>\n<\/div>\n\n<div id=\"cmsmasters_row_nz1yrv6tn6\" class=\"cmsmasters_row cmsmasters_color_scheme_default flex-2 cmsmasters_row_top_default cmsmasters_row_bot_default cmsmasters_row_boxed\">\n<div class=\"cmsmasters_row_outer_parent\">\n<div class=\"cmsmasters_row_outer\">\n<div class=\"cmsmasters_row_inner\">\n<div class=\"cmsmasters_row_margin\">\n\n<div id=\"cmsmasters_column_ujcdirpd38\" class=\"cmsmasters_column one_half\">\n<div class=\"cmsmasters_column_inner\"><div id=\"cmsmasters_video_wrap_\" class=\"cmsmasters_video_wrap\">\n<iframe title=\"PRR EXTRAPERITONEAL 30 PRIMEROS CASOS\" width=\"1160\" height=\"653\" src=\"https:\/\/www.youtube.com\/embed\/dT3TWUD5Pvg?feature=oembed\" frameborder=\"0\" allow=\"accelerometer; autoplay; clipboard-write; encrypted-media; gyroscope; picture-in-picture; web-share\" allowfullscreen><\/iframe>\n<\/div>\n<\/div><\/div>\n\n<div id=\"cmsmasters_column_2xicnmaeh5\" class=\"cmsmasters_column one_half\">\n<div class=\"cmsmasters_column_inner\"><div class=\"cmsmasters_text\">\n<h2 style=\"color: #000000; text-align: center;\"><strong>EXTRAPERITONEAL RRP 30 FIRST CASES<\/strong><\/h2>\n<\/div>\n<\/div><\/div>\n\n<\/div>\n<\/div>\n<\/div>\n<\/div>\n<\/div>\n\n<div id=\"cmsmasters_row_mxvj6pshnn\" class=\"cmsmasters_row cmsmasters_color_scheme_default flex-2 cmsmasters_row_top_default cmsmasters_row_bot_default cmsmasters_row_boxed\">\n<div class=\"cmsmasters_row_outer_parent\">\n<div class=\"cmsmasters_row_outer\">\n<div class=\"cmsmasters_row_inner\">\n<div class=\"cmsmasters_row_margin\">\n\n<div id=\"cmsmasters_column_dt426g7l98\" class=\"cmsmasters_column one_half\">\n<div class=\"cmsmasters_column_inner\"><div class=\"cmsmasters_text\">\n<h2 style=\"color: #000000; text-align: center;\"><strong>RETRO ROBOTIC PARTIAL NEPHRECTOMY<\/strong><\/h2>\n<\/div>\n<\/div><\/div>\n\n<div id=\"cmsmasters_column_tywub7py4\" class=\"cmsmasters_column one_half\">\n<div class=\"cmsmasters_column_inner\"><div id=\"cmsmasters_video_wrap_\" class=\"cmsmasters_video_wrap\">\n<iframe title=\"NEFRECTOMIA PARCIAL ROBOTICA POR RETRO\" width=\"1160\" height=\"653\" src=\"https:\/\/www.youtube.com\/embed\/nmWfu6aPxO0?feature=oembed\" frameborder=\"0\" allow=\"accelerometer; autoplay; clipboard-write; encrypted-media; gyroscope; picture-in-picture; web-share\" allowfullscreen><\/iframe>\n<\/div>\n<\/div><\/div>\n\n<\/div>\n<\/div>\n<\/div>\n<\/div>\n<\/div>\n\n<div id=\"cmsmasters_row_skrz4peg0b\" class=\"cmsmasters_row cmsmasters_color_scheme_default flex-2 cmsmasters_row_top_default cmsmasters_row_bot_default cmsmasters_row_boxed\">\n<div class=\"cmsmasters_row_outer_parent\">\n<div class=\"cmsmasters_row_outer\">\n<div class=\"cmsmasters_row_inner\">\n<div class=\"cmsmasters_row_margin\">\n\n<div id=\"cmsmasters_column_iqy46gcy0p\" class=\"cmsmasters_column one_half\">\n<div class=\"cmsmasters_column_inner\"><div id=\"cmsmasters_video_wrap_\" class=\"cmsmasters_video_wrap\">\n<iframe title=\"MANEJO METASTASIS PULMONARES Y RETROPERITONEALES\" width=\"1160\" height=\"653\" src=\"https:\/\/www.youtube.com\/embed\/TesQObuJGME?feature=oembed\" frameborder=\"0\" allow=\"accelerometer; autoplay; clipboard-write; encrypted-media; gyroscope; picture-in-picture; web-share\" allowfullscreen><\/iframe>\n<\/div>\n<\/div><\/div>\n\n<div id=\"cmsmasters_column_f2rw0ilyn\" class=\"cmsmasters_column one_half\">\n<div class=\"cmsmasters_column_inner\"><div class=\"cmsmasters_text\">\n<h2 style=\"color: #000000; text-align: center;\"><strong>MANAGEMENT OF PULMONARY AND RETROPERITONEAL METASTASES<\/strong><\/h2>\n<\/div>\n<\/div><\/div>\n\n<\/div>\n<\/div>\n<\/div>\n<\/div>\n<\/div>\n\n<div id=\"cmsmasters_row_477clfwj0p\" class=\"cmsmasters_row cmsmasters_color_scheme_default flex-2 cmsmasters_row_top_default cmsmasters_row_bot_default cmsmasters_row_boxed\">\n<div class=\"cmsmasters_row_outer_parent\">\n<div class=\"cmsmasters_row_outer\">\n<div class=\"cmsmasters_row_inner\">\n<div class=\"cmsmasters_row_margin\">\n\n<div id=\"cmsmasters_column_t4buis1esj\" class=\"cmsmasters_column one_half\">\n<div class=\"cmsmasters_column_inner\"><div class=\"cmsmasters_text\">\n<h2 style=\"color: #000000; text-align: center;\"><strong>False IVC Aneurysm<\/strong><\/h2>\n<\/div>\n<\/div><\/div>\n\n<div id=\"cmsmasters_column_j8igb6jjsl\" class=\"cmsmasters_column one_half\">\n<div class=\"cmsmasters_column_inner\"><div id=\"cmsmasters_video_wrap_\" class=\"cmsmasters_video_wrap\">\n<iframe title=\"Falso Aneurisma de la VCI\" width=\"1160\" height=\"653\" src=\"https:\/\/www.youtube.com\/embed\/-yVusLy_MTY?feature=oembed\" frameborder=\"0\" allow=\"accelerometer; autoplay; clipboard-write; encrypted-media; gyroscope; picture-in-picture; web-share\" allowfullscreen><\/iframe>\n<\/div>\n<\/div><\/div>\n\n<\/div>\n<\/div>\n<\/div>\n<\/div>\n<\/div>\n\n<div id=\"cmsmasters_row_c16667ru8\" class=\"cmsmasters_row cmsmasters_color_scheme_default flex-2 cmsmasters_row_top_default cmsmasters_row_bot_default cmsmasters_row_boxed\">\n<div class=\"cmsmasters_row_outer_parent\">\n<div class=\"cmsmasters_row_outer\">\n<div class=\"cmsmasters_row_inner\">\n<div class=\"cmsmasters_row_margin\">\n\n<div id=\"cmsmasters_column_1h5k6v2oib\" class=\"cmsmasters_column one_half\">\n<div class=\"cmsmasters_column_inner\"><div id=\"cmsmasters_video_wrap_\" class=\"cmsmasters_video_wrap\">\n<iframe title=\"EXERESIS SCHWANNOMA POR RETROPERITOEOSCOPIA\" width=\"1160\" height=\"653\" src=\"https:\/\/www.youtube.com\/embed\/zRRYPQu9X-M?feature=oembed\" frameborder=\"0\" allow=\"accelerometer; autoplay; clipboard-write; encrypted-media; gyroscope; picture-in-picture; web-share\" allowfullscreen><\/iframe>\n<\/div>\n<\/div><\/div>\n\n<div id=\"cmsmasters_column_2wee0c4k6\" class=\"cmsmasters_column one_half\">\n<div class=\"cmsmasters_column_inner\"><div class=\"cmsmasters_text\">\n<h2 style=\"color: #000000; text-align: center;\"><strong>SCHWANNOMA EXCISION BY RETROPERITOEOOSCOPY<\/strong><\/h2>\n<\/div>\n<\/div><\/div>\n\n<\/div>\n<\/div>\n<\/div>\n<\/div>\n<\/div>\n\n","protected":false},"excerpt":{"rendered":"","protected":false},"author":3,"featured_media":0,"parent":0,"menu_order":0,"comment_status":"closed","ping_status":"closed","template":"","meta":{"footnotes":""},"class_list":["post-22398","page","type-page","status-publish","hentry"],"yoast_head":"<!-- This site is optimized with the Yoast SEO plugin v25.9 - https:\/\/yoast.com\/wordpress\/plugins\/seo\/ -->\n<title>Medical Team old &#8211; Uros Associats<\/title>\n<meta name=\"robots\" content=\"noindex, follow, max-snippet:-1, max-image-preview:large, max-video-preview:-1\" \/>\n<meta property=\"og:locale\" content=\"en_US\" \/>\n<meta property=\"og:type\" content=\"article\" \/>\n<meta property=\"og:title\" content=\"Medical Team old &#8211; Uros Associats\" \/>\n<meta property=\"og:url\" content=\"https:\/\/uros.explotacionweb.es\/en\/professional-area-medical-team\/\" \/>\n<meta property=\"og:site_name\" content=\"Uros Associats\" \/>\n<meta property=\"article:modified_time\" content=\"2025-05-27T11:59:38+00:00\" \/>\n<meta property=\"og:image\" content=\"https:\/\/uros.explotacionweb.es\/wp-content\/uploads\/2020\/05\/logo-principal.png\" \/>\n\t<meta property=\"og:image:width\" content=\"688\" \/>\n\t<meta property=\"og:image:height\" content=\"643\" \/>\n\t<meta property=\"og:image:type\" content=\"image\/png\" \/>\n<meta name=\"twitter:card\" content=\"summary_large_image\" \/>\n<meta name=\"twitter:site\" content=\"@uros_associats\" \/>\n<meta name=\"twitter:label1\" content=\"Est. reading time\" \/>\n\t<meta name=\"twitter:data1\" content=\"3 minutes\" \/>\n<script type=\"application\/ld+json\" class=\"yoast-schema-graph\">{\"@context\":\"https:\/\/schema.org\",\"@graph\":[{\"@type\":\"WebPage\",\"@id\":\"https:\/\/uros.explotacionweb.es\/en\/professional-area-medical-team\/\",\"url\":\"https:\/\/uros.explotacionweb.es\/en\/professional-area-medical-team\/\",\"name\":\"Medical Team old &#8211; Uros Associats\",\"isPartOf\":{\"@id\":\"https:\/\/uros.explotacionweb.es\/#website\"},\"datePublished\":\"2024-01-31T14:28:13+00:00\",\"dateModified\":\"2025-05-27T11:59:38+00:00\",\"breadcrumb\":{\"@id\":\"https:\/\/uros.explotacionweb.es\/en\/professional-area-medical-team\/#breadcrumb\"},\"inLanguage\":\"en-US\",\"potentialAction\":[{\"@type\":\"ReadAction\",\"target\":[\"https:\/\/uros.explotacionweb.es\/en\/professional-area-medical-team\/\"]}]},{\"@type\":\"BreadcrumbList\",\"@id\":\"https:\/\/uros.explotacionweb.es\/en\/professional-area-medical-team\/#breadcrumb\",\"itemListElement\":[{\"@type\":\"ListItem\",\"position\":1,\"name\":\"Inicio\",\"item\":\"https:\/\/uros.explotacionweb.es\/en\/\"},{\"@type\":\"ListItem\",\"position\":2,\"name\":\"Medical Team old\"}]},{\"@type\":\"WebSite\",\"@id\":\"https:\/\/uros.explotacionweb.es\/#website\",\"url\":\"https:\/\/uros.explotacionweb.es\/\",\"name\":\"Uros Associats\",\"description\":\"Ur\u00f3logos en Barcelona y Tarragona. Expertos en todo tipo de tratamientos y patolog\u00edas de Urolog\u00eda | Androlog\u00eda, Chequeos, Cirug\u00eda, Oncolog\u00eda, Litiasis y m\u00e1s.\",\"publisher\":{\"@id\":\"https:\/\/uros.explotacionweb.es\/#organization\"},\"potentialAction\":[{\"@type\":\"SearchAction\",\"target\":{\"@type\":\"EntryPoint\",\"urlTemplate\":\"https:\/\/uros.explotacionweb.es\/?s={search_term_string}\"},\"query-input\":{\"@type\":\"PropertyValueSpecification\",\"valueRequired\":true,\"valueName\":\"search_term_string\"}}],\"inLanguage\":\"en-US\"},{\"@type\":\"Organization\",\"@id\":\"https:\/\/uros.explotacionweb.es\/#organization\",\"name\":\"Uros Associats\",\"url\":\"https:\/\/uros.explotacionweb.es\/\",\"logo\":{\"@type\":\"ImageObject\",\"inLanguage\":\"en-US\",\"@id\":\"https:\/\/uros.explotacionweb.es\/#\/schema\/logo\/image\/\",\"url\":\"https:\/\/uros.explotacionweb.es\/wp-content\/uploads\/2020\/05\/logo-principal.png\",\"contentUrl\":\"https:\/\/uros.explotacionweb.es\/wp-content\/uploads\/2020\/05\/logo-principal.png\",\"width\":688,\"height\":643,\"caption\":\"Uros Associats\"},\"image\":{\"@id\":\"https:\/\/uros.explotacionweb.es\/#\/schema\/logo\/image\/\"},\"sameAs\":[\"https:\/\/x.com\/uros_associats\",\"https:\/\/www.instagram.com\/urosassociats_\",\"https:\/\/www.linkedin.com\/company\/uros-associats\"]}]}<\/script>\n<!-- \/ Yoast SEO plugin. -->","yoast_head_json":{"title":"Medical Team old &#8211; Uros Associats","robots":{"index":"noindex","follow":"follow","max-snippet":"max-snippet:-1","max-image-preview":"max-image-preview:large","max-video-preview":"max-video-preview:-1"},"og_locale":"en_US","og_type":"article","og_title":"Medical Team old &#8211; Uros Associats","og_url":"https:\/\/uros.explotacionweb.es\/en\/professional-area-medical-team\/","og_site_name":"Uros Associats","article_modified_time":"2025-05-27T11:59:38+00:00","og_image":[{"width":688,"height":643,"url":"https:\/\/uros.explotacionweb.es\/wp-content\/uploads\/2020\/05\/logo-principal.png","type":"image\/png"}],"twitter_card":"summary_large_image","twitter_site":"@uros_associats","twitter_misc":{"Est. reading time":"3 minutes"},"schema":{"@context":"https:\/\/schema.org","@graph":[{"@type":"WebPage","@id":"https:\/\/uros.explotacionweb.es\/en\/professional-area-medical-team\/","url":"https:\/\/uros.explotacionweb.es\/en\/professional-area-medical-team\/","name":"Medical Team old &#8211; Uros Associats","isPartOf":{"@id":"https:\/\/uros.explotacionweb.es\/#website"},"datePublished":"2024-01-31T14:28:13+00:00","dateModified":"2025-05-27T11:59:38+00:00","breadcrumb":{"@id":"https:\/\/uros.explotacionweb.es\/en\/professional-area-medical-team\/#breadcrumb"},"inLanguage":"en-US","potentialAction":[{"@type":"ReadAction","target":["https:\/\/uros.explotacionweb.es\/en\/professional-area-medical-team\/"]}]},{"@type":"BreadcrumbList","@id":"https:\/\/uros.explotacionweb.es\/en\/professional-area-medical-team\/#breadcrumb","itemListElement":[{"@type":"ListItem","position":1,"name":"Inicio","item":"https:\/\/uros.explotacionweb.es\/en\/"},{"@type":"ListItem","position":2,"name":"Medical Team old"}]},{"@type":"WebSite","@id":"https:\/\/uros.explotacionweb.es\/#website","url":"https:\/\/uros.explotacionweb.es\/","name":"Uros Associats","description":"Ur\u00f3logos en Barcelona y Tarragona. Expertos en todo tipo de tratamientos y patolog\u00edas de Urolog\u00eda | Androlog\u00eda, Chequeos, Cirug\u00eda, Oncolog\u00eda, Litiasis y m\u00e1s.","publisher":{"@id":"https:\/\/uros.explotacionweb.es\/#organization"},"potentialAction":[{"@type":"SearchAction","target":{"@type":"EntryPoint","urlTemplate":"https:\/\/uros.explotacionweb.es\/?s={search_term_string}"},"query-input":{"@type":"PropertyValueSpecification","valueRequired":true,"valueName":"search_term_string"}}],"inLanguage":"en-US"},{"@type":"Organization","@id":"https:\/\/uros.explotacionweb.es\/#organization","name":"Uros Associats","url":"https:\/\/uros.explotacionweb.es\/","logo":{"@type":"ImageObject","inLanguage":"en-US","@id":"https:\/\/uros.explotacionweb.es\/#\/schema\/logo\/image\/","url":"https:\/\/uros.explotacionweb.es\/wp-content\/uploads\/2020\/05\/logo-principal.png","contentUrl":"https:\/\/uros.explotacionweb.es\/wp-content\/uploads\/2020\/05\/logo-principal.png","width":688,"height":643,"caption":"Uros Associats"},"image":{"@id":"https:\/\/uros.explotacionweb.es\/#\/schema\/logo\/image\/"},"sameAs":["https:\/\/x.com\/uros_associats","https:\/\/www.instagram.com\/urosassociats_","https:\/\/www.linkedin.com\/company\/uros-associats"]}]}},"_links":{"self":[{"href":"https:\/\/uros.explotacionweb.es\/en\/wp-json\/wp\/v2\/pages\/22398","targetHints":{"allow":["GET"]}}],"collection":[{"href":"https:\/\/uros.explotacionweb.es\/en\/wp-json\/wp\/v2\/pages"}],"about":[{"href":"https:\/\/uros.explotacionweb.es\/en\/wp-json\/wp\/v2\/types\/page"}],"author":[{"embeddable":true,"href":"https:\/\/uros.explotacionweb.es\/en\/wp-json\/wp\/v2\/users\/3"}],"replies":[{"embeddable":true,"href":"https:\/\/uros.explotacionweb.es\/en\/wp-json\/wp\/v2\/comments?post=22398"}],"version-history":[{"count":3,"href":"https:\/\/uros.explotacionweb.es\/en\/wp-json\/wp\/v2\/pages\/22398\/revisions"}],"predecessor-version":[{"id":33736,"href":"https:\/\/uros.explotacionweb.es\/en\/wp-json\/wp\/v2\/pages\/22398\/revisions\/33736"}],"wp:attachment":[{"href":"https:\/\/uros.explotacionweb.es\/en\/wp-json\/wp\/v2\/media?parent=22398"}],"curies":[{"name":"wp","href":"https:\/\/api.w.org\/{rel}","templated":true}]}}